{"id":3255,"date":"2021-02-23T20:00:00","date_gmt":"2021-02-23T20:00:00","guid":{"rendered":"https:\/\/www.web-rr.de\/GHS-Buecherei\/?page_id=3255"},"modified":"2021-02-22T23:59:59","modified_gmt":"2021-02-22T23:59:59","slug":"p9783944716190","status":"publish","type":"page","link":"https:\/\/www.web-rr.de\/GHS-Buecherei\/index.php\/p9783944716190\/","title":{"rendered":"Bilderbuch A-118"},"content":{"rendered":"<table><tbody><tr><td class='rDTitel' colspan='2'>Oskar, der innere Schweinehund<\/td><\/tr><tr><td><span class='rDLabel1'>Status: <\/span><span class='rDText1Gruen'>vorhanden<\/span><\/td><td><span class='rDLabel1'>Antolin: <\/span><span class='rDText1Rot'>Quiz nicht vorhanden.<\/span><\/td><\/tr><tr><td width=50%><img src='https:\/\/www.web-rr.de\/GHS-Buecherei\/wp-content\/uploads\/9783944716190.jpg' alt=''><\/td><td><p class='rDLabel2'>von <span class='rDText2'>Reinhard Ammer, Natalia Zurakowska<\/span><\/p><p class='rDLabel2'>Verlag: <span class='rDText2'>Verlag in der Lindenstra\u00df,  2017,  16.80 \u20ac<\/span><\/p><p class='rDLabel2'>B\u00fccherei-Barcode: <span class='rDText2'>9783944716190<\/span><\/p><p class='rDLabel2'>In der B\u00fccherei erfasst am: <span class='rDText2'>17.01.2020<\/span><\/p><p class='rDLabel2'>Stichw\u00f6rter: <span class='rDText2'>Hund, Angst, Mut<\/span><\/p><p class='rDLabel2'>Lesealter ca. <span class='rDText2'>-<\/span><span class='rDLabel2'> Jahre<\/span><\/p><p class='rDLabel2'>Das Buch wurde <span class='rDText2'>0<\/span><span class='rDLabel2'> mal gelesen.<\/span><\/p><\/td><\/tr><tr><td colspan='2'><p class='rDLabel1'>Inhalt:<\/p><span class='rDText2'>Lisa und ihr Hund Amor finden am Teich unter einem Farnwedel ein zitterndes faustgro\u00dfes Wesen, das sich als \u201eOskar der innere Schweinehund\u201c vorstellt und steif und fest behauptet, dass alle Menschen einen solchen h\u00e4tten. Weil Lisa das nicht glauben will, verlangt Oskar von ihr allerhand Mutproben, die er ihr schimpfend und \u00e4chzend selbst \u2013 mehr oder weniger gelungen \u2013 vormacht. Er hofft , dass Lisa kneift , denn das w\u00e4re der Beweis, dass sie tats\u00e4chlich einen inneren Schweinehund hat. Wider seine \u00e4ngstliche und tr\u00e4ge Natur muss Oskar immer mutiger werden, er springt in den eiskalten Teich, hangelt sich auf ein Seil und klettert schlie\u00dflich bis auf den \u00e4u\u00dfersten Wipfel einer Tanne \u2026 Ob das gut geht?\r\nEine Geschichte von den Zwischent\u00f6nen im Leben. Auch Lisa erkennt schlie\u00dflich, dass es manchmal ganz n\u00fctzlich ist, einen kleinen inneren Schweinehund zu haben, am besten einen, der so liebenswert grantig sein kann wie Oskar.<\/span><\/td><\/tr><tr><td colspan='2'><a href='#' onclick='history.back(); return false'>Zur\u00fcck<\/a><\/td><\/tr><\/tbody><\/table>\n","protected":false},"excerpt":{"rendered":"","protected":false},"author":1,"featured_media":0,"parent":0,"menu_order":0,"comment_status":"closed","ping_status":"closed","template":"","meta":[],"_links":{"self":[{"href":"https:\/\/www.web-rr.de\/GHS-Buecherei\/index.php\/wp-json\/wp\/v2\/pages\/3255"}],"collection":[{"href":"https:\/\/www.web-rr.de\/GHS-Buecherei\/index.php\/wp-json\/wp\/v2\/pages"}],"about":[{"href":"https:\/\/www.web-rr.de\/GHS-Buecherei\/index.php\/wp-json\/wp\/v2\/types\/page"}],"author":[{"embeddable":true,"href":"https:\/\/www.web-rr.de\/GHS-Buecherei\/index.php\/wp-json\/wp\/v2\/users\/1"}],"replies":[{"embeddable":true,"href":"https:\/\/www.web-rr.de\/GHS-Buecherei\/index.php\/wp-json\/wp\/v2\/comments?post=3255"}],"version-history":[{"count":0,"href":"https:\/\/www.web-rr.de\/GHS-Buecherei\/index.php\/wp-json\/wp\/v2\/pages\/3255\/revisions"}],"wp:attachment":[{"href":"https:\/\/www.web-rr.de\/GHS-Buecherei\/index.php\/wp-json\/wp\/v2\/media?parent=3255"}],"curies":[{"name":"wp","href":"https:\/\/api.w.org\/{rel}","templated":true}]}}