{"id":3250,"date":"2021-02-23T20:00:00","date_gmt":"2021-02-23T20:00:00","guid":{"rendered":"https:\/\/www.web-rr.de\/GHS-Buecherei\/?page_id=3250"},"modified":"2021-02-22T23:59:59","modified_gmt":"2021-02-22T23:59:59","slug":"p9783791373126","status":"publish","type":"page","link":"https:\/\/www.web-rr.de\/GHS-Buecherei\/index.php\/p9783791373126\/","title":{"rendered":"Bilderbuch A-113"},"content":{"rendered":"<table><tbody><tr><td class='rDTitel' colspan='2'>Oskar und Mo<\/td><\/tr><tr><td><span class='rDLabel1'>Status: <\/span><span class='rDText1Gruen'>vorhanden<\/span><\/td><td><span class='rDLabel1'>Antolin: <\/span><span class='rDText1Rot'>Quiz nicht vorhanden.<\/span><\/td><\/tr><tr><td width=50%><img src='https:\/\/www.web-rr.de\/GHS-Buecherei\/wp-content\/uploads\/9783791373126.jpg' alt=''><\/td><td><p class='rDLabel2'>von <span class='rDText2'>Britta Teckentrup<\/span><\/p><p class='rDLabel2'>Verlag: <span class='rDText2'>Prestel Junior,  2017,  12.99 \u20ac<\/span><\/p><p class='rDLabel2'>B\u00fccherei-Barcode: <span class='rDText2'>9783791373126<\/span><\/p><p class='rDLabel2'>In der B\u00fccherei erfasst am: <span class='rDText2'>17.01.2020<\/span><\/p><p class='rDLabel2'>Stichw\u00f6rter: <span class='rDText2'>Freundschaft, Liebe, Vogel<\/span><\/p><p class='rDLabel2'>Lesealter ca. <span class='rDText2'>-<\/span><span class='rDLabel2'> Jahre<\/span><\/p><p class='rDLabel2'>Das Buch wurde <span class='rDText2'>0<\/span><span class='rDLabel2'> mal gelesen.<\/span><\/p><\/td><\/tr><tr><td colspan='2'><p class='rDLabel1'>Inhalt:<\/p><span class='rDText2'>Oskar ist zur\u00fcck und bringt seine Freundin Mo mit. Ein herzw\u00e4rmendes Geschenk-Bilderbuch \u00fcber Liebe und Freundschaft von der erfolgreichen Autorin und Illustratorin Britta Teckentrup. Der kleine Rabe Oskar liebt Mo ... und Mo liebt Oskar. Sie lieben es gemeinsam in den Sonnenuntergang zu fliegen, sich an st\u00fcrmischen Tagen aneinander festzuhalten, im Regen miteinander zu tanzen, den gleichen Schal zu tragen, sich gegenseitig zu helfen und kleine Geschenke zu machen. Zusammen schaffen sie es auf die h\u00f6chsten Berge. Eine hinrei\u00dfende Liebeserkl\u00e4rung an den wichtigsten Menschen im Leben.\n\r\n\r\u00bbSchon das Cover ist rundum gelungen, und wer Oskar noch nicht kennt, wird ihn sp\u00e4testens beim Aufbl\u00e4ttern des Buches augenblicklich lieben.\u00ab\n\r\n\r<\/span><\/td><\/tr><tr><td colspan='2'><a href='#' onclick='history.back(); return false'>Zur\u00fcck<\/a><\/td><\/tr><\/tbody><\/table>\n","protected":false},"excerpt":{"rendered":"","protected":false},"author":1,"featured_media":0,"parent":0,"menu_order":0,"comment_status":"closed","ping_status":"closed","template":"","meta":[],"_links":{"self":[{"href":"https:\/\/www.web-rr.de\/GHS-Buecherei\/index.php\/wp-json\/wp\/v2\/pages\/3250"}],"collection":[{"href":"https:\/\/www.web-rr.de\/GHS-Buecherei\/index.php\/wp-json\/wp\/v2\/pages"}],"about":[{"href":"https:\/\/www.web-rr.de\/GHS-Buecherei\/index.php\/wp-json\/wp\/v2\/types\/page"}],"author":[{"embeddable":true,"href":"https:\/\/www.web-rr.de\/GHS-Buecherei\/index.php\/wp-json\/wp\/v2\/users\/1"}],"replies":[{"embeddable":true,"href":"https:\/\/www.web-rr.de\/GHS-Buecherei\/index.php\/wp-json\/wp\/v2\/comments?post=3250"}],"version-history":[{"count":0,"href":"https:\/\/www.web-rr.de\/GHS-Buecherei\/index.php\/wp-json\/wp\/v2\/pages\/3250\/revisions"}],"wp:attachment":[{"href":"https:\/\/www.web-rr.de\/GHS-Buecherei\/index.php\/wp-json\/wp\/v2\/media?parent=3250"}],"curies":[{"name":"wp","href":"https:\/\/api.w.org\/{rel}","templated":true}]}}