{"id":3249,"date":"2021-02-23T20:00:00","date_gmt":"2021-02-23T20:00:00","guid":{"rendered":"https:\/\/www.web-rr.de\/GHS-Buecherei\/?page_id=3249"},"modified":"2021-02-22T23:59:59","modified_gmt":"2021-02-22T23:59:59","slug":"p9783715206585","status":"publish","type":"page","link":"https:\/\/www.web-rr.de\/GHS-Buecherei\/index.php\/p9783715206585\/","title":{"rendered":"Bilderbuch A-112"},"content":{"rendered":"<table><tbody><tr><td class='rDTitel' colspan='2'>Unser Garten - mitten in der Stadt<\/td><\/tr><tr><td><span class='rDLabel1'>Status: <\/span><span class='rDText1Gruen'>vorhanden<\/span><\/td><td><span class='rDLabel1'>Antolin: <\/span><span class='rDText1Rot'>Quiz nicht vorhanden.<\/span><\/td><\/tr><tr><td width=50%><img src='https:\/\/www.web-rr.de\/GHS-Buecherei\/wp-content\/uploads\/9783715206585.jpg' alt=''><\/td><td><p class='rDLabel2'>von <span class='rDText2'>Parastu Karimi<\/span><\/p><p class='rDLabel2'>Verlag: <span class='rDText2'>Atlantis Verlag,  2013,  14.95 \u20ac<\/span><\/p><p class='rDLabel2'>B\u00fccherei-Barcode: <span class='rDText2'>9783715206585<\/span><\/p><p class='rDLabel2'>In der B\u00fccherei erfasst am: <span class='rDText2'>01.03.2015<\/span><\/p><p class='rDLabel2'>Stichw\u00f6rter: <span class='rDText2'>Garten<\/span><\/p><p class='rDLabel2'>Lesealter ca. <span class='rDText2'>-<\/span><span class='rDLabel2'> Jahre<\/span><\/p><p class='rDLabel2'>Das Buch wurde <span class='rDText2'>0<\/span><span class='rDLabel2'> mal gelesen.<\/span><\/p><\/td><\/tr><tr><td colspan='2'><p class='rDLabel1'>Inhalt:<\/p><span class='rDText2'>So weit ist Tete noch nie der Mauer entlanggegangen, und pl\u00f6tzlich schaut er in ein Brachgrundst\u00fcck: Platz f\u00fcr eine gr\u00fcne Insel, die hier wachsen k\u00f6nnte - wie die Pflanzen in den Mauerritzen! Er erz\u00e4hlt seinen Freunden von der Idee. Sie fragen zu Hause nach Werkzeug und Samen, und dann ziehen sie los. Heimlich arbeiten die drei Kinder auf dem Gel\u00e4nde zwischen den alten Mauern. Einige Pflanzen wachsen, andere weniger. Eines Tages entdecken sie ein K\u00fcken zwischen den Salatk\u00f6pfen. Dann schaut auch schon ein Mann \u00fcber die hintere Mauer und fragt nach dem entlaufenen Kleinen. Herr Mika l\u00e4dt die Kinder auf seine Seite der Mauer ein: Hier ist er seit Jahren am Werk, er braucht den Garten als Ausgleich zum B\u00fcro. Aus dem Kinderspiel wird ein Gemeinschaftsprojekt, aus der Sommerparty ein Generationenfest. Mal mit wildwuchernden Visionen, mal mit wirklichkeitsnahen Szenen weckt Parastu Karimi mit ihrem Erstling Freude am Gr\u00fcn und Lust aufs Selbermachen.<\/span><\/td><\/tr><tr><td colspan='2'><a href='#' onclick='history.back(); return false'>Zur\u00fcck<\/a><\/td><\/tr><\/tbody><\/table>\n","protected":false},"excerpt":{"rendered":"","protected":false},"author":1,"featured_media":0,"parent":0,"menu_order":0,"comment_status":"closed","ping_status":"closed","template":"","meta":[],"_links":{"self":[{"href":"https:\/\/www.web-rr.de\/GHS-Buecherei\/index.php\/wp-json\/wp\/v2\/pages\/3249"}],"collection":[{"href":"https:\/\/www.web-rr.de\/GHS-Buecherei\/index.php\/wp-json\/wp\/v2\/pages"}],"about":[{"href":"https:\/\/www.web-rr.de\/GHS-Buecherei\/index.php\/wp-json\/wp\/v2\/types\/page"}],"author":[{"embeddable":true,"href":"https:\/\/www.web-rr.de\/GHS-Buecherei\/index.php\/wp-json\/wp\/v2\/users\/1"}],"replies":[{"embeddable":true,"href":"https:\/\/www.web-rr.de\/GHS-Buecherei\/index.php\/wp-json\/wp\/v2\/comments?post=3249"}],"version-history":[{"count":0,"href":"https:\/\/www.web-rr.de\/GHS-Buecherei\/index.php\/wp-json\/wp\/v2\/pages\/3249\/revisions"}],"wp:attachment":[{"href":"https:\/\/www.web-rr.de\/GHS-Buecherei\/index.php\/wp-json\/wp\/v2\/media?parent=3249"}],"curies":[{"name":"wp","href":"https:\/\/api.w.org\/{rel}","templated":true}]}}