{"id":3246,"date":"2021-02-23T20:00:00","date_gmt":"2021-02-23T20:00:00","guid":{"rendered":"https:\/\/www.web-rr.de\/GHS-Buecherei\/?page_id=3246"},"modified":"2021-02-22T23:59:59","modified_gmt":"2021-02-22T23:59:59","slug":"p9783864971334","status":"publish","type":"page","link":"https:\/\/www.web-rr.de\/GHS-Buecherei\/index.php\/p9783864971334\/","title":{"rendered":"Bilderbuch A-109"},"content":{"rendered":"<table><tbody><tr><td class='rDTitel' colspan='2'>Spinnen haut ab!<\/td><\/tr><tr><td><span class='rDLabel1'>Status: <\/span><span class='rDText1Gruen'>vorhanden<\/span><\/td><td><span class='rDLabel1'>Antolin: <\/span><span class='rDText1Rot'>Quiz nicht vorhanden.<\/span><\/td><\/tr><tr><td width=50%><img src='https:\/\/www.web-rr.de\/GHS-Buecherei\/wp-content\/uploads\/9783864971334.jpg' alt=''><\/td><td><p class='rDLabel2'>von <span class='rDText2'>Roland Garrigue und Catherine Leblanc<\/span><\/p><p class='rDLabel2'>Verlag: <span class='rDText2'>S\u00fcddeutsche Zeitung,  2013,  9.90 \u20ac<\/span><\/p><p class='rDLabel2'>B\u00fccherei-Barcode: <span class='rDText2'>9783864971334<\/span><\/p><p class='rDLabel2'>In der B\u00fccherei erfasst am: <span class='rDText2'>01.03.2015<\/span><\/p><p class='rDLabel2'>Stichw\u00f6rter: <span class='rDText2'>Monster, Spinnen, Angst, Ungeheuer<\/span><\/p><p class='rDLabel2'>Lesealter ca. <span class='rDText2'>-<\/span><span class='rDLabel2'> Jahre<\/span><\/p><p class='rDLabel2'>Das Buch wurde <span class='rDText2'>1<\/span><span class='rDLabel2'> mal gelesen.<\/span><\/p><\/td><\/tr><tr><td colspan='2'><p class='rDLabel1'>Inhalt:<\/p><span class='rDText2'>Gespenster, Drachen, Spinnen - unterm Bett oder im Schrank. Welches Kind hat nicht Angst vor diesen fiesen und ekligen Kreaturen? Mit den 3 neuen Titeln aus der Reihe SZ Junge Bibliothek \"Bilderb\u00fccher zum Vorlesen\" k\u00f6nnen Eltern und Kinder gemeinsam gegen die furchterregenden Wesen im Kinderzimmer vorgehen. Die fantasievoll illustrierten Kinderb\u00fccher mit zahlreichen witzigen und ebenso praktischen Tipps und Tricks helfen Kindern ihren Schrecken vor den 'Monstern unterm Bett' zu verlieren. Kleine Tiere fressen keine gro\u00dfen! Sagen Eltern zu ihren Kindern, um ihnen die Angst vor Spinnen zu nehmen. Dennoch bleiben es furchteinfl\u00f6\u00dfende Tierchen, schwarz und behaart und mit vielen Beinen! Haut Ab! versorgt sie mit lustigen Bildratschl\u00e4gen und zuverl\u00e4ssigen Waffen wie Hausschuh, Geschirrtuch, einer Wurst oder einer Haarlackdose!<\/span><\/td><\/tr><tr><td colspan='2'><a href='#' onclick='history.back(); return false'>Zur\u00fcck<\/a><\/td><\/tr><\/tbody><\/table>\n","protected":false},"excerpt":{"rendered":"","protected":false},"author":1,"featured_media":0,"parent":0,"menu_order":0,"comment_status":"closed","ping_status":"closed","template":"","meta":[],"_links":{"self":[{"href":"https:\/\/www.web-rr.de\/GHS-Buecherei\/index.php\/wp-json\/wp\/v2\/pages\/3246"}],"collection":[{"href":"https:\/\/www.web-rr.de\/GHS-Buecherei\/index.php\/wp-json\/wp\/v2\/pages"}],"about":[{"href":"https:\/\/www.web-rr.de\/GHS-Buecherei\/index.php\/wp-json\/wp\/v2\/types\/page"}],"author":[{"embeddable":true,"href":"https:\/\/www.web-rr.de\/GHS-Buecherei\/index.php\/wp-json\/wp\/v2\/users\/1"}],"replies":[{"embeddable":true,"href":"https:\/\/www.web-rr.de\/GHS-Buecherei\/index.php\/wp-json\/wp\/v2\/comments?post=3246"}],"version-history":[{"count":0,"href":"https:\/\/www.web-rr.de\/GHS-Buecherei\/index.php\/wp-json\/wp\/v2\/pages\/3246\/revisions"}],"wp:attachment":[{"href":"https:\/\/www.web-rr.de\/GHS-Buecherei\/index.php\/wp-json\/wp\/v2\/media?parent=3246"}],"curies":[{"name":"wp","href":"https:\/\/api.w.org\/{rel}","templated":true}]}}