{"id":3240,"date":"2021-02-23T20:00:00","date_gmt":"2021-02-23T20:00:00","guid":{"rendered":"https:\/\/www.web-rr.de\/GHS-Buecherei\/?page_id=3240"},"modified":"2021-02-22T23:59:59","modified_gmt":"2021-02-22T23:59:59","slug":"p9783715206479","status":"publish","type":"page","link":"https:\/\/www.web-rr.de\/GHS-Buecherei\/index.php\/p9783715206479\/","title":{"rendered":"Bilderbuch A-103"},"content":{"rendered":"<table><tbody><tr><td class='rDTitel' colspan='2'>Tobi und die Alten<\/td><\/tr><tr><td><span class='rDLabel1'>Status: <\/span><span class='rDText1Gruen'>vorhanden<\/span><\/td><td><span class='rDLabel1'>Antolin: <\/span><span class='rDText1Gruen'>ja, Empfehlung Klasse 2<\/span><\/td><\/tr><tr><td width=50%><img src='https:\/\/www.web-rr.de\/GHS-Buecherei\/wp-content\/uploads\/9783715206479.jpg' alt=''><\/td><td><p class='rDLabel2'>von <span class='rDText2'>Anne-Kathrin Behl<\/span><\/p><p class='rDLabel2'>Verlag: <span class='rDText2'>Atlantis Verlag,  2013,  14.95 \u20ac<\/span><\/p><p class='rDLabel2'>B\u00fccherei-Barcode: <span class='rDText2'>9783715206479<\/span><\/p><p class='rDLabel2'>In der B\u00fccherei erfasst am: <span class='rDText2'>01.03.2015<\/span><\/p><p class='rDLabel2'>Stichw\u00f6rter: <span class='rDText2'>Alter, Gro\u00dfeltern<\/span><\/p><p class='rDLabel2'>Lesealter ca. <span class='rDText2'>6<\/span><span class='rDLabel2'> Jahre<\/span><\/p><p class='rDLabel2'>Das Buch wurde <span class='rDText2'>0<\/span><span class='rDLabel2'> mal gelesen.<\/span><\/p><\/td><\/tr><tr><td colspan='2'><p class='rDLabel1'>Inhalt:<\/p><span class='rDText2'>STINK-langweilig ist es Tobi! In der ganzen Stadt gibt es niemanden, der mit ihm spielt; \u00fcberall nur alte Leute, die Tauben f\u00fcttern oder ihre fahrbaren Gehhilfen durch die Gegend schieben. Erst als sein roter Ball im Scho\u00df des alten Herrn Gei\u00dfmann landet, kommt auch bei Tobi etwas ins Rollen. Herr Gei\u00dfmann war fr\u00fcher Pilot und hat heute noch viel zu erz\u00e4hlen. Tobi h\u00f6rt gebannt zu und vergisst, dass er die Alten eigentlich langweilig findet. Als auch noch Frau Hornhilde (mit illustrer B\u00fchnengeschichte) und Herr Graubart (ein ehemaligerMeisterdetektiv) von ihrer Vergangenheit berichten, wei\u00df Tobi, was er einmal werden will \u2026Indem er sich auf den Erlebnisschatz der \u00e4lteren Generation einl\u00e4sst, kippt Tobis ablehnendes Vorurteil in staunendes Interesse. Spielen und Bewegen geh\u00f6ren zum Leben, Geschichten machen es reicher. Mit frischem Stil f\u00e4ngt Anne-Kathrin Behl liebensw\u00fcrdige Details ein und baut so m\u00fchelos eine Br\u00fccke zwischen beigen Spitzenvorh\u00e4ngen und knalligem Superman-Kost\u00fcm.<\/span><\/td><\/tr><tr><td colspan='2'><a href='#' onclick='history.back(); return false'>Zur\u00fcck<\/a><\/td><\/tr><\/tbody><\/table>\n","protected":false},"excerpt":{"rendered":"","protected":false},"author":1,"featured_media":0,"parent":0,"menu_order":0,"comment_status":"closed","ping_status":"closed","template":"","meta":[],"_links":{"self":[{"href":"https:\/\/www.web-rr.de\/GHS-Buecherei\/index.php\/wp-json\/wp\/v2\/pages\/3240"}],"collection":[{"href":"https:\/\/www.web-rr.de\/GHS-Buecherei\/index.php\/wp-json\/wp\/v2\/pages"}],"about":[{"href":"https:\/\/www.web-rr.de\/GHS-Buecherei\/index.php\/wp-json\/wp\/v2\/types\/page"}],"author":[{"embeddable":true,"href":"https:\/\/www.web-rr.de\/GHS-Buecherei\/index.php\/wp-json\/wp\/v2\/users\/1"}],"replies":[{"embeddable":true,"href":"https:\/\/www.web-rr.de\/GHS-Buecherei\/index.php\/wp-json\/wp\/v2\/comments?post=3240"}],"version-history":[{"count":0,"href":"https:\/\/www.web-rr.de\/GHS-Buecherei\/index.php\/wp-json\/wp\/v2\/pages\/3240\/revisions"}],"wp:attachment":[{"href":"https:\/\/www.web-rr.de\/GHS-Buecherei\/index.php\/wp-json\/wp\/v2\/media?parent=3240"}],"curies":[{"name":"wp","href":"https:\/\/api.w.org\/{rel}","templated":true}]}}