{"id":3237,"date":"2021-02-23T20:00:00","date_gmt":"2021-02-23T20:00:00","guid":{"rendered":"https:\/\/www.web-rr.de\/GHS-Buecherei\/?page_id=3237"},"modified":"2021-02-22T23:59:59","modified_gmt":"2021-02-22T23:59:59","slug":"p9783865661463","status":"publish","type":"page","link":"https:\/\/www.web-rr.de\/GHS-Buecherei\/index.php\/p9783865661463\/","title":{"rendered":"Bilderbuch A-100"},"content":{"rendered":"<table><tbody><tr><td class='rDTitel' colspan='2'>Der allerbeste Papa<\/td><\/tr><tr><td><span class='rDLabel1'>Status: <\/span><span class='rDText1Gruen'>vorhanden<\/span><\/td><td><span class='rDLabel1'>Antolin: <\/span><span class='rDText1Gruen'>ja, Empfehlung Klasse 3<\/span><\/td><\/tr><tr><td width=50%><img src='https:\/\/www.web-rr.de\/GHS-Buecherei\/wp-content\/uploads\/9783865661463.jpg' alt=''><\/td><td><p class='rDLabel2'>von <span class='rDText2'>Annika Siems<\/span><\/p><p class='rDLabel2'>Verlag: <span class='rDText2'>MINEDITION,  2012,  13.95 \u20ac<\/span><\/p><p class='rDLabel2'>B\u00fccherei-Barcode: <span class='rDText2'>9783865661463<\/span><\/p><p class='rDLabel2'>In der B\u00fccherei erfasst am: <span class='rDText2'>01.04.2014<\/span><\/p><p class='rDLabel2'>Stichw\u00f6rter: <span class='rDText2'>Indianer, Tropen, Regenwald, Naturschutz, Umweltschutz, Familie<\/span><\/p><p class='rDLabel2'>Lesealter ca. <span class='rDText2'>7<\/span><span class='rDLabel2'> Jahre<\/span><\/p><p class='rDLabel2'>Das Buch wurde <span class='rDText2'>0<\/span><span class='rDLabel2'> mal gelesen.<\/span><\/p><\/td><\/tr><tr><td colspan='2'><p class='rDLabel1'>Inhalt:<\/p><span class='rDText2'>Eine warmherzige Geschichte, die bei den Indianern des Amazonasgebietes spielt. Ein Gro\u00dfvater und sein Enkel gehen zum ersten Mal gemeinsam fischen. Der Gro\u00dfvater bringt dem Enkel beim Angeln bei, nicht nur von sondern auch mit der Natur zu leben und geduldig zu warten, bis ein Fisch anbei\u00dft. Besonders anschaulich wird dieses ausgeglichene Verh\u00e4ltnis der Indianer zu der Natur durch die Geschichte des m\u00e4nnlichen Seerosenfisches, der seine Kinder im Maul tr\u00e4gt, bis sie gro\u00df genug sind, um eigenen Nachwuchs zu haben. Dadurch sorgt der Fisch daf\u00fcr, dass seine Art, trotz der nat\u00fcrlichen Feinde, die Chance hat weiterzuexistieren. Als Gro\u00dfvater und Enkel einen solchen Fisch im Netz haben, ist der kleine Indianer begeistert, denn es ist der gr\u00f6\u00dfte Fisch, den sie bis dahin gefangen haben. Aber der Gro\u00dfvater l\u00e4sst den Seerosenfisch wieder frei. Der kleine Indianer ist entt\u00e4uscht, aber er lernt vom Gro\u00dfvater, dass sie dadurch einen wichtigen Beitrag zum Gleichgewicht im nat\u00fcrlichen Kreislauf leisten.<\/span><\/td><\/tr><tr><td colspan='2'><a href='#' onclick='history.back(); return false'>Zur\u00fcck<\/a><\/td><\/tr><\/tbody><\/table>\n","protected":false},"excerpt":{"rendered":"","protected":false},"author":1,"featured_media":0,"parent":0,"menu_order":0,"comment_status":"closed","ping_status":"closed","template":"","meta":[],"_links":{"self":[{"href":"https:\/\/www.web-rr.de\/GHS-Buecherei\/index.php\/wp-json\/wp\/v2\/pages\/3237"}],"collection":[{"href":"https:\/\/www.web-rr.de\/GHS-Buecherei\/index.php\/wp-json\/wp\/v2\/pages"}],"about":[{"href":"https:\/\/www.web-rr.de\/GHS-Buecherei\/index.php\/wp-json\/wp\/v2\/types\/page"}],"author":[{"embeddable":true,"href":"https:\/\/www.web-rr.de\/GHS-Buecherei\/index.php\/wp-json\/wp\/v2\/users\/1"}],"replies":[{"embeddable":true,"href":"https:\/\/www.web-rr.de\/GHS-Buecherei\/index.php\/wp-json\/wp\/v2\/comments?post=3237"}],"version-history":[{"count":0,"href":"https:\/\/www.web-rr.de\/GHS-Buecherei\/index.php\/wp-json\/wp\/v2\/pages\/3237\/revisions"}],"wp:attachment":[{"href":"https:\/\/www.web-rr.de\/GHS-Buecherei\/index.php\/wp-json\/wp\/v2\/media?parent=3237"}],"curies":[{"name":"wp","href":"https:\/\/api.w.org\/{rel}","templated":true}]}}