{"id":3236,"date":"2021-02-23T20:00:00","date_gmt":"2021-02-23T20:00:00","guid":{"rendered":"https:\/\/www.web-rr.de\/GHS-Buecherei\/?page_id=3236"},"modified":"2021-02-22T23:59:59","modified_gmt":"2021-02-22T23:59:59","slug":"p9783905945263","status":"publish","type":"page","link":"https:\/\/www.web-rr.de\/GHS-Buecherei\/index.php\/p9783905945263\/","title":{"rendered":"Bilderbuch A-99"},"content":{"rendered":"<table><tbody><tr><td class='rDTitel' colspan='2'>Jonah und Piet... wir sind ganz anders<\/td><\/tr><tr><td><span class='rDLabel1'>Status: <\/span><span class='rDText1Gruen'>vorhanden<\/span><\/td><td><span class='rDLabel1'>Antolin: <\/span><span class='rDText1Rot'>Quiz nicht vorhanden.<\/span><\/td><\/tr><tr><td width=50%><img src='https:\/\/www.web-rr.de\/GHS-Buecherei\/wp-content\/uploads\/9783905945263.jpg' alt=''><\/td><td><p class='rDLabel2'>von <span class='rDText2'>Martina B\u00fcrger<\/span><\/p><p class='rDLabel2'>Verlag: <span class='rDText2'>aracari verlag,  2011,  14.90 \u20ac<\/span><\/p><p class='rDLabel2'>B\u00fccherei-Barcode: <span class='rDText2'>9783905945263<\/span><\/p><p class='rDLabel2'>In der B\u00fccherei erfasst am: <span class='rDText2'>01.04.2014<\/span><\/p><p class='rDLabel2'>Stichw\u00f6rter: <span class='rDText2'>Mut, Angst, anders sein<\/span><\/p><p class='rDLabel2'>Lesealter ca. <span class='rDText2'>-<\/span><span class='rDLabel2'> Jahre<\/span><\/p><p class='rDLabel2'>Das Buch wurde <span class='rDText2'>0<\/span><span class='rDLabel2'> mal gelesen.<\/span><\/p><\/td><\/tr><tr><td colspan='2'><p class='rDLabel1'>Inhalt:<\/p><span class='rDText2'>Jonah ist so massig, dass ein kleiner Mond um ihn kreist und Piet so d\u00fcnn, dass man seine Arme durch ein Nadel\u00f6hr ziehen kann. Zumindest wenn man glaubt, was die beiden sich durch die Kabinenwand im Umkleidetrakt so erz\u00e4hlen. W\u00e4hrend ihre neuen Klassenkameraden schon flei\u00dfig Schwimm\u00fcbungen machen, ist f\u00fcr die beiden Jungen eines klar: Raus aus der Umkleidekabine k\u00f6nnen sie auf keinen Fall. Aber stimmen denn ihre Wahrnehmung und ihr Selbstbild mit der Wirklichkeit \u00fcberein? Jonah und Piet nehmen allen Mut zusammen und kommen aus der Kabine hervor Ein Buch voller wilder Phantasien und eindringlicher Bilder, das die innere Gedanken und Gef\u00fchlslandschaft von Kindern nachzeichnet, die sich in ihrem K\u00f6rper unwohl f\u00fchlen und wenig Selbstvertrauen besitzen. Und die den Mut finden, ihr Selbstbild zu \u00fcberpr\u00fcfen.<\/span><\/td><\/tr><tr><td colspan='2'><a href='#' onclick='history.back(); return false'>Zur\u00fcck<\/a><\/td><\/tr><\/tbody><\/table>\n","protected":false},"excerpt":{"rendered":"","protected":false},"author":1,"featured_media":0,"parent":0,"menu_order":0,"comment_status":"closed","ping_status":"closed","template":"","meta":[],"_links":{"self":[{"href":"https:\/\/www.web-rr.de\/GHS-Buecherei\/index.php\/wp-json\/wp\/v2\/pages\/3236"}],"collection":[{"href":"https:\/\/www.web-rr.de\/GHS-Buecherei\/index.php\/wp-json\/wp\/v2\/pages"}],"about":[{"href":"https:\/\/www.web-rr.de\/GHS-Buecherei\/index.php\/wp-json\/wp\/v2\/types\/page"}],"author":[{"embeddable":true,"href":"https:\/\/www.web-rr.de\/GHS-Buecherei\/index.php\/wp-json\/wp\/v2\/users\/1"}],"replies":[{"embeddable":true,"href":"https:\/\/www.web-rr.de\/GHS-Buecherei\/index.php\/wp-json\/wp\/v2\/comments?post=3236"}],"version-history":[{"count":0,"href":"https:\/\/www.web-rr.de\/GHS-Buecherei\/index.php\/wp-json\/wp\/v2\/pages\/3236\/revisions"}],"wp:attachment":[{"href":"https:\/\/www.web-rr.de\/GHS-Buecherei\/index.php\/wp-json\/wp\/v2\/media?parent=3236"}],"curies":[{"name":"wp","href":"https:\/\/api.w.org\/{rel}","templated":true}]}}