{"id":3232,"date":"2021-02-23T20:00:00","date_gmt":"2021-02-23T20:00:00","guid":{"rendered":"https:\/\/www.web-rr.de\/GHS-Buecherei\/?page_id=3232"},"modified":"2021-02-22T23:59:59","modified_gmt":"2021-02-22T23:59:59","slug":"p9783737353786","status":"publish","type":"page","link":"https:\/\/www.web-rr.de\/GHS-Buecherei\/index.php\/p9783737353786\/","title":{"rendered":"Bilderbuch A-95"},"content":{"rendered":"<table><tbody><tr><td class='rDTitel' colspan='2'>Die Insel<\/td><\/tr><tr><td><span class='rDLabel1'>Status: <\/span><span class='rDText1Gruen'>vorhanden<\/span><\/td><td><span class='rDLabel1'>Antolin: <\/span><span class='rDText1Gruen'>ja, Empfehlung Klasse 5<\/span><\/td><\/tr><tr><td width=50%><img src='https:\/\/www.web-rr.de\/GHS-Buecherei\/wp-content\/uploads\/9783737353786.jpg' alt=''><\/td><td><p class='rDLabel2'>von <span class='rDText2'>Armin Greder<\/span><\/p><p class='rDLabel2'>Verlag: <span class='rDText2'>FISCHER Sauerl\u00e4nder,  2015,  16.99 \u20ac<\/span><\/p><p class='rDLabel2'>B\u00fccherei-Barcode: <span class='rDText2'>9783737353786<\/span><\/p><p class='rDLabel2'>In der B\u00fccherei erfasst am: <span class='rDText2'>01.05.2016<\/span><\/p><p class='rDLabel2'>Stichw\u00f6rter: <span class='rDText2'><\/span><\/p><p class='rDLabel2'>Lesealter ca. <span class='rDText2'>9<\/span><span class='rDLabel2'> Jahre<\/span><\/p><p class='rDLabel2'>Das Buch wurde <span class='rDText2'>0<\/span><span class='rDLabel2'> mal gelesen.<\/span><\/p><\/td><\/tr><tr><td colspan='2'><p class='rDLabel1'>Inhalt:<\/p><span class='rDText2'>Ein Appell an die Menschlichkeit!Ein Fremder wird an den Strand einer Insel gesp\u00fclt. Abgemagert, vertrieben, heimatlos. Die Inselbewohner f\u00fcrchten sich vor ihm, er ist anders als sie. Nur der Fischer kann die anderen davon abhalten, den Fremden hinaus aufs Meer zur\u00fcckzuschicken. Doch die Bewohner behandeln ihn menschenunw\u00fcrdig, geben ihm keine Arbeit und er muss sich von Abfall ern\u00e4hren. Die Angst vor dem Fremden w\u00e4chst in ihren K\u00f6pfen, der Neuank\u00f6mmling wird zu einer Bedrohung. Er muss wieder weg. Schlie\u00dflich setzt ihn die aufgebrachte Menge wieder auf sein seeuntaugliches Flo\u00df und schiebt ihn zur\u00fcck ins Meer!Eine bitterb\u00f6se Parabel von der Unf\u00e4higkeit des Menschen, Fremdes zuzulassen und Menschlichkeit zu praktizieren. Zusammen mit den eindringlichen Illustrationen von Armin Greder , die an die expressive St\u00e4rke eines Edvard Munch und die satirische Sch\u00e4rfe eines Manfred Deix erinnern, wird dieses Buch zu einer Mahnung. Mit Fl\u00fcchtlingen, die Schutz suchen anders umzugehen. Denn es sind Menschen, die Angst haben, Menschen, wie wir.<\/span><\/td><\/tr><tr><td colspan='2'><a href='#' onclick='history.back(); return false'>Zur\u00fcck<\/a><\/td><\/tr><\/tbody><\/table>\n","protected":false},"excerpt":{"rendered":"","protected":false},"author":1,"featured_media":0,"parent":0,"menu_order":0,"comment_status":"closed","ping_status":"closed","template":"","meta":[],"_links":{"self":[{"href":"https:\/\/www.web-rr.de\/GHS-Buecherei\/index.php\/wp-json\/wp\/v2\/pages\/3232"}],"collection":[{"href":"https:\/\/www.web-rr.de\/GHS-Buecherei\/index.php\/wp-json\/wp\/v2\/pages"}],"about":[{"href":"https:\/\/www.web-rr.de\/GHS-Buecherei\/index.php\/wp-json\/wp\/v2\/types\/page"}],"author":[{"embeddable":true,"href":"https:\/\/www.web-rr.de\/GHS-Buecherei\/index.php\/wp-json\/wp\/v2\/users\/1"}],"replies":[{"embeddable":true,"href":"https:\/\/www.web-rr.de\/GHS-Buecherei\/index.php\/wp-json\/wp\/v2\/comments?post=3232"}],"version-history":[{"count":0,"href":"https:\/\/www.web-rr.de\/GHS-Buecherei\/index.php\/wp-json\/wp\/v2\/pages\/3232\/revisions"}],"wp:attachment":[{"href":"https:\/\/www.web-rr.de\/GHS-Buecherei\/index.php\/wp-json\/wp\/v2\/media?parent=3232"}],"curies":[{"name":"wp","href":"https:\/\/api.w.org\/{rel}","templated":true}]}}