{"id":3227,"date":"2021-02-23T20:00:00","date_gmt":"2021-02-23T20:00:00","guid":{"rendered":"https:\/\/www.web-rr.de\/GHS-Buecherei\/?page_id=3227"},"modified":"2021-02-22T23:59:59","modified_gmt":"2021-02-22T23:59:59","slug":"p9783853512258","status":"publish","type":"page","link":"https:\/\/www.web-rr.de\/GHS-Buecherei\/index.php\/p9783853512258\/","title":{"rendered":"Bilderbuch A-90"},"content":{"rendered":"<table><tbody><tr><td class='rDTitel' colspan='2'>Das Entchen und der gro\u00dfe Gungatz<\/td><\/tr><tr><td><span class='rDLabel1'>Status: <\/span><span class='rDText1Gruen'>vorhanden<\/span><\/td><td><span class='rDLabel1'>Antolin: <\/span><span class='rDText1Rot'>Quiz nicht vorhanden.<\/span><\/td><\/tr><tr><td width=50%><img src='https:\/\/www.web-rr.de\/GHS-Buecherei\/wp-content\/uploads\/9783853512258.jpg' alt=''><\/td><td><p class='rDLabel2'>von <span class='rDText2'>K\u00e4the Recheis<\/span><\/p><p class='rDLabel2'>Verlag: <span class='rDText2'>Wiener Dom-Verlag,  2010,  14.90 \u20ac<\/span><\/p><p class='rDLabel2'>B\u00fccherei-Barcode: <span class='rDText2'>9783853512258<\/span><\/p><p class='rDLabel2'>In der B\u00fccherei erfasst am: <span class='rDText2'>01.04.2013<\/span><\/p><p class='rDLabel2'>Stichw\u00f6rter: <span class='rDText2'>Gerechtigkeit, Reichtum, Armut<\/span><\/p><p class='rDLabel2'>Lesealter ca. <span class='rDText2'>-<\/span><span class='rDLabel2'> Jahre<\/span><\/p><p class='rDLabel2'>Das Buch wurde <span class='rDText2'>0<\/span><span class='rDLabel2'> mal gelesen.<\/span><\/p><\/td><\/tr><tr><td colspan='2'><p class='rDLabel1'>Inhalt:<\/p><span class='rDText2'>Der gro\u00dfe Gungatz lebt mit seiner Dienerbande in einem gro\u00dfen Haus. In seinem Badezimmer stehen sieben Badewannen \u2013 f\u00fcr jeden Tag der Woche eine. Doch das reicht ihm nicht. Er will auch noch den Teich des kleinen Entchens. Kurzerhand l\u00e4sst er das Entchen von seiner Dienerbande verjagen. Doch das l\u00e4sst sich das Entchen nicht so einfach gefallen.Drei\u00dfig Jahre nach der Erstauflage kreieren K\u00e4the Recheis, Georg Bydlinski und Alicia Sancha ihre Geschichte v\u00f6llig neu. Der uralte Kampf zwischen Klein und Gro\u00df, zwischen David und Goliath, gegen Bevormundung und f\u00fcr Gerechtigkeit \u2013 verpackt in eine fantastisch-spannende Geschichte, illustriert mit einzigartigen Bildern von Alicia Sancha.<\/span><\/td><\/tr><tr><td colspan='2'><a href='#' onclick='history.back(); return false'>Zur\u00fcck<\/a><\/td><\/tr><\/tbody><\/table>\n","protected":false},"excerpt":{"rendered":"","protected":false},"author":1,"featured_media":0,"parent":0,"menu_order":0,"comment_status":"closed","ping_status":"closed","template":"","meta":[],"_links":{"self":[{"href":"https:\/\/www.web-rr.de\/GHS-Buecherei\/index.php\/wp-json\/wp\/v2\/pages\/3227"}],"collection":[{"href":"https:\/\/www.web-rr.de\/GHS-Buecherei\/index.php\/wp-json\/wp\/v2\/pages"}],"about":[{"href":"https:\/\/www.web-rr.de\/GHS-Buecherei\/index.php\/wp-json\/wp\/v2\/types\/page"}],"author":[{"embeddable":true,"href":"https:\/\/www.web-rr.de\/GHS-Buecherei\/index.php\/wp-json\/wp\/v2\/users\/1"}],"replies":[{"embeddable":true,"href":"https:\/\/www.web-rr.de\/GHS-Buecherei\/index.php\/wp-json\/wp\/v2\/comments?post=3227"}],"version-history":[{"count":0,"href":"https:\/\/www.web-rr.de\/GHS-Buecherei\/index.php\/wp-json\/wp\/v2\/pages\/3227\/revisions"}],"wp:attachment":[{"href":"https:\/\/www.web-rr.de\/GHS-Buecherei\/index.php\/wp-json\/wp\/v2\/media?parent=3227"}],"curies":[{"name":"wp","href":"https:\/\/api.w.org\/{rel}","templated":true}]}}