{"id":3191,"date":"2021-02-23T20:00:00","date_gmt":"2021-02-23T20:00:00","guid":{"rendered":"https:\/\/www.web-rr.de\/GHS-Buecherei\/?page_id=3191"},"modified":"2021-02-22T23:59:59","modified_gmt":"2021-02-22T23:59:59","slug":"p9783806742817","status":"publish","type":"page","link":"https:\/\/www.web-rr.de\/GHS-Buecherei\/index.php\/p9783806742817\/","title":{"rendered":"Bilderbuch A-42"},"content":{"rendered":"<table><tbody><tr><td class='rDTitel' colspan='2'>Eric Carles Tier-ABC. Mit Reimen zum Raten<\/td><\/tr><tr><td><span class='rDLabel1'>Status: <\/span><span class='rDText1Rot'>ausgeliehen<\/span><\/td><td><span class='rDLabel1'>Antolin: <\/span><span class='rDText1Gruen'>ja, Empfehlung Klasse 2<\/span><\/td><\/tr><tr><td width=50%><img src='https:\/\/www.web-rr.de\/GHS-Buecherei\/wp-content\/uploads\/9783806742817.jpg' alt=''><\/td><td><p class='rDLabel2'>von <span class='rDText2'>Eric Carle<\/span><\/p><p class='rDLabel2'>Verlag: <span class='rDText2'>Gerstenberg Verlag,  2006,  12.90 \u20ac<\/span><\/p><p class='rDLabel2'>B\u00fccherei-Barcode: <span class='rDText2'>9783806742817<\/span><\/p><p class='rDLabel2'>In der B\u00fccherei erfasst am: <span class='rDText2'>01.04.2013<\/span><\/p><p class='rDLabel2'>Stichw\u00f6rter: <span class='rDText2'>Reime, Gedichte<\/span><\/p><p class='rDLabel2'>Lesealter ca. <span class='rDText2'>6<\/span><span class='rDLabel2'> Jahre<\/span><\/p><p class='rDLabel2'>Das Buch wurde <span class='rDText2'>10<\/span><span class='rDLabel2'> mal gelesen.<\/span><\/p><\/td><\/tr><tr><td colspan='2'><p class='rDLabel1'>Inhalt:<\/p><span class='rDText2'>Eric Carle wurde 1929 in Syracuse, New York, geboren. Von 1935 bis 1952 lebte er in Deutschland. Dann kehrte er in die USA zur\u00fcck, wo er heute in Northampton, Massachusetts, lebt. Seit 1968 ver\u00f6ffentlicht er Bilderb\u00fccher. Seine Kinderb\u00fccher, die alle bei Gerstenberg erschienen sind, wurden mit zahlreichen Preisen ausgezeichnet und in viele Sprachen \u00fcbersetzt. Internet- Adresse: http:\/\/www.eric-carle.com ... Delfin, Elefant und Fledermaus. F\u00fcr jeden Buchstaben steht in Eric Carles Tier-ABC ein Tier. Dessen Namen m\u00fcssen die Kinder aber erst einmal raten, denn in dem Vers, der ein Bild begleitet, steht nur der Anfangsbuchstabe des Tieres. Erst am Ende kommt die Aufl\u00f6sung. Mit Eric Carles Tier-ABC pr\u00e4gen sich Kinder schon im Kindergartenalter die Namen der Tiere ein. Dann verbinden sie sie mit den Lauten ihrer Anfangsbuchstaben und lernen so mit Hilfe der Tiere das ABC. Das Tier-ABC begleitet die Kinder beim \u00dcbergang vom Kindergarten zur Grundschule. Die Tiere des Tier-ABC werden den Kindern umso mehr ans Herz wachsen, als manche von ihnen schon alte Bekannte aus beliebten Eric-Carle- B\u00fcchern sind. Aber es gibt auch viele neue Tiere kennenzulernen.<\/span><\/td><\/tr><tr><td colspan='2'><a href='#' onclick='history.back(); return false'>Zur\u00fcck<\/a><\/td><\/tr><\/tbody><\/table>\n","protected":false},"excerpt":{"rendered":"","protected":false},"author":1,"featured_media":0,"parent":0,"menu_order":0,"comment_status":"closed","ping_status":"closed","template":"","meta":[],"_links":{"self":[{"href":"https:\/\/www.web-rr.de\/GHS-Buecherei\/index.php\/wp-json\/wp\/v2\/pages\/3191"}],"collection":[{"href":"https:\/\/www.web-rr.de\/GHS-Buecherei\/index.php\/wp-json\/wp\/v2\/pages"}],"about":[{"href":"https:\/\/www.web-rr.de\/GHS-Buecherei\/index.php\/wp-json\/wp\/v2\/types\/page"}],"author":[{"embeddable":true,"href":"https:\/\/www.web-rr.de\/GHS-Buecherei\/index.php\/wp-json\/wp\/v2\/users\/1"}],"replies":[{"embeddable":true,"href":"https:\/\/www.web-rr.de\/GHS-Buecherei\/index.php\/wp-json\/wp\/v2\/comments?post=3191"}],"version-history":[{"count":0,"href":"https:\/\/www.web-rr.de\/GHS-Buecherei\/index.php\/wp-json\/wp\/v2\/pages\/3191\/revisions"}],"wp:attachment":[{"href":"https:\/\/www.web-rr.de\/GHS-Buecherei\/index.php\/wp-json\/wp\/v2\/media?parent=3191"}],"curies":[{"name":"wp","href":"https:\/\/api.w.org\/{rel}","templated":true}]}}