{"id":3185,"date":"2021-02-23T20:00:00","date_gmt":"2021-02-23T20:00:00","guid":{"rendered":"https:\/\/www.web-rr.de\/GHS-Buecherei\/?page_id=3185"},"modified":"2021-02-22T23:59:59","modified_gmt":"2021-02-22T23:59:59","slug":"p9783789163197","status":"publish","type":"page","link":"https:\/\/www.web-rr.de\/GHS-Buecherei\/index.php\/p9783789163197\/","title":{"rendered":"Bilderbuch A-36"},"content":{"rendered":"<table><tbody><tr><td class='rDTitel' colspan='2'>Nee! sagte die Fee<\/td><\/tr><tr><td><span class='rDLabel1'>Status: <\/span><span class='rDText1Gruen'>vorhanden<\/span><\/td><td><span class='rDLabel1'>Antolin: <\/span><span class='rDText1Gruen'>ja, Empfehlung Klasse 2<\/span><\/td><\/tr><tr><td width=50%><img src='https:\/\/www.web-rr.de\/GHS-Buecherei\/wp-content\/uploads\/9783789163197.jpg' alt=''><\/td><td><p class='rDLabel2'>von <span class='rDText2'>Kirsten Boie<\/span><\/p><p class='rDLabel2'>Verlag: <span class='rDText2'>Oetinger Verlag,  2000,  12.00 \u20ac<\/span><\/p><p class='rDLabel2'>B\u00fccherei-Barcode: <span class='rDText2'>9783789163197<\/span><\/p><p class='rDLabel2'>In der B\u00fccherei erfasst am: <span class='rDText2'>01.04.2013<\/span><\/p><p class='rDLabel2'>Stichw\u00f6rter: <span class='rDText2'>Fee, Elfe, gut und b\u00f6se, Zaubernbrav, artig, Regeln, Vorschriften, frech, Dickkopf, bestimmen wollen<\/span><\/p><p class='rDLabel2'>Lesealter ca. <span class='rDText2'>6<\/span><span class='rDLabel2'> Jahre<\/span><\/p><p class='rDLabel2'>Das Buch wurde <span class='rDText2'>18<\/span><span class='rDLabel2'> mal gelesen.<\/span><\/p><\/td><\/tr><tr><td colspan='2'><p class='rDLabel1'>Inhalt:<\/p><span class='rDText2'>Immer lieb sein ist langweilig.Deshalb beschlie\u00dft die Kleine Fee,statt einer Guten lieber eine B\u00f6se Fee zu werden. Aber irgendwann hat man auch vom B\u00f6sesein die Nase voll. Ein M\u00e4rchen? Oder vielleicht doch eine wahre Geschichte? Vor langer, langer Zeit lebte in dem gro\u00dfen Wald gleich hinter der Autobahn und gar nicht weit von der Stadt entfernt eine Fee, die hatte schon viele Feenkinder gro\u00dfgezogen, aber noch keins war so halsstarrig gewesen wie die kleine Fee. 'Nee!', sagte die Kleine Fee, wenn Mama Fee ihr morgens einen kleinen Kuss auf die Stirn gab, um sie zu wecken, und 'Nee!', sagte die Kleine Fee, wenn sie ihre Fl\u00fcgel und ihren Zauberstab putzen sollte. 'Man kann kaum glauben, dass du eine Gute Fee werden willst!', sagte Mama Fee. Aber das hatte die Kleine Fee auch gar nicht mehr vor. Wenn B\u00f6se Feen ihre Fl\u00fcgel und ihren Zauberstab nicht zu putzen brauchten, dann wollte sie ganz unbedingt eine B\u00f6se Fee werden. Und sie fing auch gleich damit an, zauberte Familie Reh auf einen Baum, verwandelte Familie Kaninchen in Fr\u00f6sche und versetzte Familie Waschb\u00e4r in einen hundertj\u00e4hrigen Schlaf. Dabei verlor sie dummerweise ihren Zauberstab. Klar, dass sie nun erst einmal die Nase voll hatte vom B\u00f6sesein.<\/span><\/td><\/tr><tr><td colspan='2'><a href='#' onclick='history.back(); return false'>Zur\u00fcck<\/a><\/td><\/tr><\/tbody><\/table>\n","protected":false},"excerpt":{"rendered":"","protected":false},"author":1,"featured_media":0,"parent":0,"menu_order":0,"comment_status":"closed","ping_status":"closed","template":"","meta":[],"_links":{"self":[{"href":"https:\/\/www.web-rr.de\/GHS-Buecherei\/index.php\/wp-json\/wp\/v2\/pages\/3185"}],"collection":[{"href":"https:\/\/www.web-rr.de\/GHS-Buecherei\/index.php\/wp-json\/wp\/v2\/pages"}],"about":[{"href":"https:\/\/www.web-rr.de\/GHS-Buecherei\/index.php\/wp-json\/wp\/v2\/types\/page"}],"author":[{"embeddable":true,"href":"https:\/\/www.web-rr.de\/GHS-Buecherei\/index.php\/wp-json\/wp\/v2\/users\/1"}],"replies":[{"embeddable":true,"href":"https:\/\/www.web-rr.de\/GHS-Buecherei\/index.php\/wp-json\/wp\/v2\/comments?post=3185"}],"version-history":[{"count":0,"href":"https:\/\/www.web-rr.de\/GHS-Buecherei\/index.php\/wp-json\/wp\/v2\/pages\/3185\/revisions"}],"wp:attachment":[{"href":"https:\/\/www.web-rr.de\/GHS-Buecherei\/index.php\/wp-json\/wp\/v2\/media?parent=3185"}],"curies":[{"name":"wp","href":"https:\/\/api.w.org\/{rel}","templated":true}]}}