{"id":3176,"date":"2021-02-23T20:00:00","date_gmt":"2021-02-23T20:00:00","guid":{"rendered":"https:\/\/www.web-rr.de\/GHS-Buecherei\/?page_id=3176"},"modified":"2021-02-22T23:59:59","modified_gmt":"2021-02-22T23:59:59","slug":"p9783407770097","status":"publish","type":"page","link":"https:\/\/www.web-rr.de\/GHS-Buecherei\/index.php\/p9783407770097\/","title":{"rendered":"Bilderbuch A-27"},"content":{"rendered":"<table><tbody><tr><td class='rDTitel' colspan='2'>Swimmy<\/td><\/tr><tr><td><span class='rDLabel1'>Status: <\/span><span class='rDText1Gruen'>vorhanden<\/span><\/td><td><span class='rDLabel1'>Antolin: <\/span><span class='rDText1Gruen'>ja, Empfehlung Klasse 4<\/span><\/td><\/tr><tr><td width=50%><img src='https:\/\/www.web-rr.de\/GHS-Buecherei\/wp-content\/uploads\/9783407770097.jpg' alt=''><\/td><td><p class='rDLabel2'>von <span class='rDText2'>Leo Lionni<\/span><\/p><p class='rDLabel2'>Verlag: <span class='rDText2'>Beltz und Gelberg,  2011,  12.95 \u20ac<\/span><\/p><p class='rDLabel2'>B\u00fccherei-Barcode: <span class='rDText2'>9783407770097<\/span><\/p><p class='rDLabel2'>In der B\u00fccherei erfasst am: <span class='rDText2'>01.04.2013<\/span><\/p><p class='rDLabel2'>Stichw\u00f6rter: <span class='rDText2'>Freundschaft, Gemeinschaft<\/span><\/p><p class='rDLabel2'>Lesealter ca. <span class='rDText2'>8<\/span><span class='rDLabel2'> Jahre<\/span><\/p><p class='rDLabel2'>Das Buch wurde <span class='rDText2'>2<\/span><span class='rDLabel2'> mal gelesen.<\/span><\/p><\/td><\/tr><tr><td colspan='2'><p class='rDLabel1'>Inhalt:<\/p><span class='rDText2'>Und noch ein Klassiker von Leo Lionni: Swimmy, der kleine Fisch, als gro\u00dfer Retter in der Not! \"Kommt mit ins gro\u00dfe Meer!\", ruft Swimmy den kleinen roten Fischen zu. \"Ich will euch viele Wunder zeigen!\"Der winzige, aber kluge Fisch Swimmy will ins gro\u00dfe Meer hinaus. Denn dort warten die Wunder! Die kleinen roten Fische aber haben Angst vor den riesigen Fischen dort drau\u00dfen. Swimmy \u00fcberlegt und \u00fcberlegt. Und endlich hat er eine Idee. \"Ich hab's!\", ruft er fr\u00f6hlich. \"Lasst uns etwas ausprobieren.\" Und schon bald schwimmt der Schwarm kleiner Fische in Form eines Riesenfisches in das weite Meer hinaus. Und wirklich - die Riesenfische wagen nicht, in ihre N\u00e4he zu kommen. Und so schwimmen noch heute viele kleine Fische, getarnt als Riesenfisch, gl\u00fccklich durch das Meer.\"Das zentrale Moment ist nicht so sehr Swimmys Idee von einem gro\u00dfen Fisch, der sich aus einer Menge winziger Fische zusammensetzt, sondern sein energisch vorgebrachter Entschluss: 'Ich spiele das Auge'. Er hatte das Bild des gro\u00dfen Fisches im Geiste vor sich gesehen. Das war die Gabe, die er erhalten hatte: zu sehen.\" Leo Lionni<\/span><\/td><\/tr><tr><td colspan='2'><a href='#' onclick='history.back(); return false'>Zur\u00fcck<\/a><\/td><\/tr><\/tbody><\/table>\n","protected":false},"excerpt":{"rendered":"","protected":false},"author":1,"featured_media":0,"parent":0,"menu_order":0,"comment_status":"closed","ping_status":"closed","template":"","meta":[],"_links":{"self":[{"href":"https:\/\/www.web-rr.de\/GHS-Buecherei\/index.php\/wp-json\/wp\/v2\/pages\/3176"}],"collection":[{"href":"https:\/\/www.web-rr.de\/GHS-Buecherei\/index.php\/wp-json\/wp\/v2\/pages"}],"about":[{"href":"https:\/\/www.web-rr.de\/GHS-Buecherei\/index.php\/wp-json\/wp\/v2\/types\/page"}],"author":[{"embeddable":true,"href":"https:\/\/www.web-rr.de\/GHS-Buecherei\/index.php\/wp-json\/wp\/v2\/users\/1"}],"replies":[{"embeddable":true,"href":"https:\/\/www.web-rr.de\/GHS-Buecherei\/index.php\/wp-json\/wp\/v2\/comments?post=3176"}],"version-history":[{"count":0,"href":"https:\/\/www.web-rr.de\/GHS-Buecherei\/index.php\/wp-json\/wp\/v2\/pages\/3176\/revisions"}],"wp:attachment":[{"href":"https:\/\/www.web-rr.de\/GHS-Buecherei\/index.php\/wp-json\/wp\/v2\/media?parent=3176"}],"curies":[{"name":"wp","href":"https:\/\/api.w.org\/{rel}","templated":true}]}}