{"id":3172,"date":"2021-02-23T20:00:00","date_gmt":"2021-02-23T20:00:00","guid":{"rendered":"https:\/\/www.web-rr.de\/GHS-Buecherei\/?page_id=3172"},"modified":"2021-02-22T23:59:59","modified_gmt":"2021-02-22T23:59:59","slug":"p9783407730060","status":"publish","type":"page","link":"https:\/\/www.web-rr.de\/GHS-Buecherei\/index.php\/p9783407730060\/","title":{"rendered":"Bilderbuch A-23"},"content":{"rendered":"<table><tbody><tr><td class='rDTitel' colspan='2'>Frederick.<\/td><\/tr><tr><td><span class='rDLabel1'>Status: <\/span><span class='rDText1Gruen'>vorhanden<\/span><\/td><td><span class='rDLabel1'>Antolin: <\/span><span class='rDText1Gruen'>ja, Empfehlung Klasse 1<\/span><\/td><\/tr><tr><td width=50%><img src='https:\/\/www.web-rr.de\/GHS-Buecherei\/wp-content\/uploads\/9783407730060.jpg' alt=''><\/td><td><p class='rDLabel2'>von <span class='rDText2'>Leo Lionni<\/span><\/p><p class='rDLabel2'>Verlag: <span class='rDText2'>Beltz und Gelberg,  2006,  9.95 \u20ac<\/span><\/p><p class='rDLabel2'>B\u00fccherei-Barcode: <span class='rDText2'>9783407730060<\/span><\/p><p class='rDLabel2'>In der B\u00fccherei erfasst am: <span class='rDText2'>01.04.2013<\/span><\/p><p class='rDLabel2'>Stichw\u00f6rter: <span class='rDText2'>Maus, M\u00e4use, anders sein, Poesie<\/span><\/p><p class='rDLabel2'>Lesealter ca. <span class='rDText2'>6<\/span><span class='rDLabel2'> Jahre<\/span><\/p><p class='rDLabel2'>Das Buch wurde <span class='rDText2'>4<\/span><span class='rDLabel2'> mal gelesen.<\/span><\/p><\/td><\/tr><tr><td colspan='2'><p class='rDLabel1'>Inhalt:<\/p><span class='rDText2'>\u00bbDie Geschichte von der Maus, die nicht wie die anderen f\u00fcr den Winter K\u00f6rner und N\u00fcsse, sondern Sonnenstrahlen, Farben und W\u00f6rter sammelt, die Tr\u00e4ume also und die Hoffnungen.\u00ab Die WeltDer Winter naht. Alle Feldm\u00e4use arbeiten Tag und Nacht, sammeln K\u00f6rner und N\u00fcsse, Weizen und Stroh. Alle bis auf Frederick. Er sammelt Sonnenstrahlen, Farben und W\u00f6rter, das sind seine Vorr\u00e4te f\u00fcr die kalten, grauen und langen Wintertage.Schon als Kind liebte Leo Lionni die Natur, und das \u00e4nderte sich im Laufe der Jahre auch nicht mehr. Seine Beobachtungen spiegeln sich in seinen Bilderb\u00fcchern wieder: \u00bbDas Staunen, das mich erf\u00fcllt, wenn ich im Gras liege und eine Riesenwelt im Kleinen beobachte, in der Grashalme Mammutb\u00e4ume sind und ein K\u00e4fer ein angreifendes Nashorn, ist noch dasselbe wie damals, als ich ein kleiner Junge war.\u00ab Leo Lionni<\/span><\/td><\/tr><tr><td colspan='2'><a href='#' onclick='history.back(); return false'>Zur\u00fcck<\/a><\/td><\/tr><\/tbody><\/table>\n","protected":false},"excerpt":{"rendered":"","protected":false},"author":1,"featured_media":0,"parent":0,"menu_order":0,"comment_status":"closed","ping_status":"closed","template":"","meta":[],"_links":{"self":[{"href":"https:\/\/www.web-rr.de\/GHS-Buecherei\/index.php\/wp-json\/wp\/v2\/pages\/3172"}],"collection":[{"href":"https:\/\/www.web-rr.de\/GHS-Buecherei\/index.php\/wp-json\/wp\/v2\/pages"}],"about":[{"href":"https:\/\/www.web-rr.de\/GHS-Buecherei\/index.php\/wp-json\/wp\/v2\/types\/page"}],"author":[{"embeddable":true,"href":"https:\/\/www.web-rr.de\/GHS-Buecherei\/index.php\/wp-json\/wp\/v2\/users\/1"}],"replies":[{"embeddable":true,"href":"https:\/\/www.web-rr.de\/GHS-Buecherei\/index.php\/wp-json\/wp\/v2\/comments?post=3172"}],"version-history":[{"count":0,"href":"https:\/\/www.web-rr.de\/GHS-Buecherei\/index.php\/wp-json\/wp\/v2\/pages\/3172\/revisions"}],"wp:attachment":[{"href":"https:\/\/www.web-rr.de\/GHS-Buecherei\/index.php\/wp-json\/wp\/v2\/media?parent=3172"}],"curies":[{"name":"wp","href":"https:\/\/api.w.org\/{rel}","templated":true}]}}