{"id":3166,"date":"2021-02-23T20:00:00","date_gmt":"2021-02-23T20:00:00","guid":{"rendered":"https:\/\/www.web-rr.de\/GHS-Buecherei\/?page_id=3166"},"modified":"2021-02-22T23:59:59","modified_gmt":"2021-02-22T23:59:59","slug":"p9783947400072","status":"publish","type":"page","link":"https:\/\/www.web-rr.de\/GHS-Buecherei\/index.php\/p9783947400072\/","title":{"rendered":"Bilderbuch A-17"},"content":{"rendered":"<table><tbody><tr><td class='rDTitel' colspan='2'>Zum Donnergrummel<\/td><\/tr><tr><td><span class='rDLabel1'>Status: <\/span><span class='rDText1Gruen'>vorhanden<\/span><\/td><td><span class='rDLabel1'>Antolin: <\/span><span class='rDText1Gruen'>ja, Empfehlung Klasse 2<\/span><\/td><\/tr><tr><td width=50%><img src='https:\/\/www.web-rr.de\/GHS-Buecherei\/wp-content\/uploads\/9783947400072.jpg' alt=''><\/td><td><p class='rDLabel2'>von <span class='rDText2'>Melanie Busse<\/span><\/p><p class='rDLabel2'>Verlag: <span class='rDText2'>Sternwiese Verlag,  2019,  16.00 \u20ac<\/span><\/p><p class='rDLabel2'>B\u00fccherei-Barcode: <span class='rDText2'>9783947400072<\/span><\/p><p class='rDLabel2'>In der B\u00fccherei erfasst am: <span class='rDText2'>25.08.2020<\/span><\/p><p class='rDLabel2'>Stichw\u00f6rter: <span class='rDText2'>Wut, Pers\u00f6nlichkeit, Kinder<\/span><\/p><p class='rDLabel2'>Lesealter ca. <span class='rDText2'>6<\/span><span class='rDLabel2'> Jahre<\/span><\/p><p class='rDLabel2'>Das Buch wurde <span class='rDText2'>1<\/span><span class='rDLabel2'> mal gelesen.<\/span><\/p><\/td><\/tr><tr><td colspan='2'><p class='rDLabel1'>Inhalt:<\/p><span class='rDText2'>Janne hat nun wirklich genug! Nicht nur, dass Ole der gemeinste Junge der Welt ist und Janne jedes Mal vor Wut platzen k\u00f6nnte, wenn sie ihm begegnet. Nein, dann ist da auch noch dieses gr\u00e4ssliche Grummeln, das immer h\u00e4ufiger auftaucht und alles noch viel schlimmer macht. Doch eines Nachts passiert etwas ganz Unglaubliches! Hinter einer geheimnisvollen T\u00fcr entdeckt Janne etwas, das sie schon lange gesucht hat. Und nur wenige Tage sp\u00e4ter ist auf einmal alles anders und Ole hat \u00fcberhaupt keine Lust mehr, Janne zu \u00e4rgern. Eine ebenso phantastische wie alltagsnahe Geschichte, mit der Kinder ihrer Wut ein wenig n\u00e4herkommen und spielerisch lernen k\u00f6nnen, jeden Tag etwas schlagfertiger zu werden.<\/span><\/td><\/tr><tr><td colspan='2'><a href='#' onclick='history.back(); return false'>Zur\u00fcck<\/a><\/td><\/tr><\/tbody><\/table>\n","protected":false},"excerpt":{"rendered":"","protected":false},"author":1,"featured_media":0,"parent":0,"menu_order":0,"comment_status":"closed","ping_status":"closed","template":"","meta":[],"_links":{"self":[{"href":"https:\/\/www.web-rr.de\/GHS-Buecherei\/index.php\/wp-json\/wp\/v2\/pages\/3166"}],"collection":[{"href":"https:\/\/www.web-rr.de\/GHS-Buecherei\/index.php\/wp-json\/wp\/v2\/pages"}],"about":[{"href":"https:\/\/www.web-rr.de\/GHS-Buecherei\/index.php\/wp-json\/wp\/v2\/types\/page"}],"author":[{"embeddable":true,"href":"https:\/\/www.web-rr.de\/GHS-Buecherei\/index.php\/wp-json\/wp\/v2\/users\/1"}],"replies":[{"embeddable":true,"href":"https:\/\/www.web-rr.de\/GHS-Buecherei\/index.php\/wp-json\/wp\/v2\/comments?post=3166"}],"version-history":[{"count":0,"href":"https:\/\/www.web-rr.de\/GHS-Buecherei\/index.php\/wp-json\/wp\/v2\/pages\/3166\/revisions"}],"wp:attachment":[{"href":"https:\/\/www.web-rr.de\/GHS-Buecherei\/index.php\/wp-json\/wp\/v2\/media?parent=3166"}],"curies":[{"name":"wp","href":"https:\/\/api.w.org\/{rel}","templated":true}]}}