{"id":3157,"date":"2021-02-23T20:00:00","date_gmt":"2021-02-23T20:00:00","guid":{"rendered":"https:\/\/www.web-rr.de\/GHS-Buecherei\/?page_id=3157"},"modified":"2021-02-22T23:59:59","modified_gmt":"2021-02-22T23:59:59","slug":"p9783794127764","status":"publish","type":"page","link":"https:\/\/www.web-rr.de\/GHS-Buecherei\/index.php\/p9783794127764\/","title":{"rendered":"Bilderbuch A-08"},"content":{"rendered":"<table><tbody><tr><td class='rDTitel' colspan='2'>Du hast angefangen! Nein du!<\/td><\/tr><tr><td><span class='rDLabel1'>Status: <\/span><span class='rDText1Gruen'>vorhanden<\/span><\/td><td><span class='rDLabel1'>Antolin: <\/span><span class='rDText1Gruen'>ja, Empfehlung Klasse 1<\/span><\/td><\/tr><tr><td width=50%><img src='https:\/\/www.web-rr.de\/GHS-Buecherei\/wp-content\/uploads\/9783794127764.jpg' alt=''><\/td><td><p class='rDLabel2'>von <span class='rDText2'>David McKee<\/span><\/p><p class='rDLabel2'>Verlag: <span class='rDText2'>Sauerl\u00e4nder,  2010,  13.90 \u20ac<\/span><\/p><p class='rDLabel2'>B\u00fccherei-Barcode: <span class='rDText2'>9783794127764<\/span><\/p><p class='rDLabel2'>In der B\u00fccherei erfasst am: <span class='rDText2'>01.04.2013<\/span><\/p><p class='rDLabel2'>Stichw\u00f6rter: <span class='rDText2'>Streit<\/span><\/p><p class='rDLabel2'>Lesealter ca. <span class='rDText2'>6<\/span><span class='rDLabel2'> Jahre<\/span><\/p><p class='rDLabel2'>Das Buch wurde <span class='rDText2'>18<\/span><span class='rDLabel2'> mal gelesen.<\/span><\/p><\/td><\/tr><tr><td colspan='2'><p class='rDLabel1'>Inhalt:<\/p><span class='rDText2'>Ein Klassiker zur Vers\u00f6hnung! Wer kennt sie nicht? - das rote und das blaue Monster, die sich immer durch ein Loch im Berg streiten. Zusammen mit anderen Geschichten, wie \"Der Zapperdockel und der Wok\", erz\u00e4hlt Katja Riemann von Wut, \u00c4rger und Gemeinheiten, aber auch vom Vers\u00f6hnen, Frieden und Freundschaft. Und am Ende ist dann doch alles gut ...! Begleitet von der kindgerechten Musik Henrik Albrechts ist dieses H\u00f6rbuch ein Spa\u00df f\u00fcr alle und hilft vielleicht bei der ein oder anderen Konfliktbew\u00e4ltigung. Mit Geschichten von David McKee, Georg Bydlinski, Wolfram H\u00e4nel, Stijn Moekaars, Raffaella Mazagg und Gina Ruck-Pauqu\u00e8t. Katja Riemann gibt ihren Rollen und Figuren sehr viel W\u00e4rme und Menschlichkeit und wurde daf\u00fcr bereits mehrfach ausgezeichnet.<\/span><\/td><\/tr><tr><td colspan='2'><a href='#' onclick='history.back(); return false'>Zur\u00fcck<\/a><\/td><\/tr><\/tbody><\/table>\n","protected":false},"excerpt":{"rendered":"","protected":false},"author":1,"featured_media":0,"parent":0,"menu_order":0,"comment_status":"closed","ping_status":"closed","template":"","meta":[],"_links":{"self":[{"href":"https:\/\/www.web-rr.de\/GHS-Buecherei\/index.php\/wp-json\/wp\/v2\/pages\/3157"}],"collection":[{"href":"https:\/\/www.web-rr.de\/GHS-Buecherei\/index.php\/wp-json\/wp\/v2\/pages"}],"about":[{"href":"https:\/\/www.web-rr.de\/GHS-Buecherei\/index.php\/wp-json\/wp\/v2\/types\/page"}],"author":[{"embeddable":true,"href":"https:\/\/www.web-rr.de\/GHS-Buecherei\/index.php\/wp-json\/wp\/v2\/users\/1"}],"replies":[{"embeddable":true,"href":"https:\/\/www.web-rr.de\/GHS-Buecherei\/index.php\/wp-json\/wp\/v2\/comments?post=3157"}],"version-history":[{"count":0,"href":"https:\/\/www.web-rr.de\/GHS-Buecherei\/index.php\/wp-json\/wp\/v2\/pages\/3157\/revisions"}],"wp:attachment":[{"href":"https:\/\/www.web-rr.de\/GHS-Buecherei\/index.php\/wp-json\/wp\/v2\/media?parent=3157"}],"curies":[{"name":"wp","href":"https:\/\/api.w.org\/{rel}","templated":true}]}}