{"id":3149,"date":"2021-02-23T20:00:00","date_gmt":"2021-02-23T20:00:00","guid":{"rendered":"https:\/\/www.web-rr.de\/GHS-Buecherei\/?page_id=3149"},"modified":"2021-02-22T23:59:59","modified_gmt":"2021-02-22T23:59:59","slug":"p9783946323044","status":"publish","type":"page","link":"https:\/\/www.web-rr.de\/GHS-Buecherei\/index.php\/p9783946323044\/","title":{"rendered":"Afrika 29"},"content":{"rendered":"<table><tbody><tr><td class='rDTitel' colspan='2'>S\u00fcdafrika for kids - Der Kinderreisef\u00fchrer made by World for kids!<\/td><\/tr><tr><td><span class='rDLabel1'>Status: <\/span><span class='rDText1Gruen'>vorhanden<\/span><\/td><td><span class='rDLabel1'>Antolin: <\/span><span class='rDText1Rot'>Quiz nicht vorhanden.<\/span><\/td><\/tr><tr><td width=50%><img src='https:\/\/www.web-rr.de\/GHS-Buecherei\/wp-content\/uploads\/9783946323044.jpg' alt=''><\/td><td><p class='rDLabel2'>von <span class='rDText2'>Britta Schmidt von Groeling<\/span><\/p><p class='rDLabel2'>Verlag: <span class='rDText2'>world for kids,  2017,  16.80 \u20ac<\/span><\/p><p class='rDLabel2'>B\u00fccherei-Barcode: <span class='rDText2'>9783946323044<\/span><\/p><p class='rDLabel2'>In der B\u00fccherei erfasst am: <span class='rDText2'>11.01.2020<\/span><\/p><p class='rDLabel2'>Stichw\u00f6rter: <span class='rDText2'>Geschichte, Exotische Tiere, Steppe, Planzen<\/span><\/p><p class='rDLabel2'>Lesealter ca. <span class='rDText2'>-<\/span><span class='rDLabel2'> Jahre<\/span><\/p><p class='rDLabel2'>Das Buch wurde <span class='rDText2'>2<\/span><span class='rDLabel2'> mal gelesen.<\/span><\/p><\/td><\/tr><tr><td colspan='2'><p class='rDLabel1'>Inhalt:<\/p><span class='rDText2'>S\u00fcdafrika for kids - Reisebegleiter mit Geschichten, Spielen und viel Platz f\u00fcr eigene Kreativit\u00e4t.\n\r\n\rS\u00fcdafrika - das ist die ganze Welt in einem Land: mit Steppe und Wald, Bergen und Strand und nat\u00fcrlich ganz vielen exotischen Tieren - kurz: ein absolutes Paradies f\u00fcr kleine Weltentdecker. S\u00fcdafrika for kids ist der perfekte Reisebegleiter, der seinen Lesern viele Fragen beantwortet: zu n\u00fctzlichen B\u00e4umen und Pflanzen, der Geschichte S\u00fcdafrikas, dem Leben im Land und vielem mehr. Dazu Vorlesegeschichten, Spiele und eine Anleitung, wie man sich eine Tierspur mit nach Hause nehmen kann. Die B\u00fccher aus der Reihe World for kids! sind aus Naturpapier gemacht, damit die Kinder die Seiten beschreiben k\u00f6nnen, dennoch stabil und handlich, um auch einen Strandtag gut zu \u00fcberstehen.\n\r\n\r<\/span><\/td><\/tr><tr><td colspan='2'><a href='#' onclick='history.back(); return false'>Zur\u00fcck<\/a><\/td><\/tr><\/tbody><\/table>\n","protected":false},"excerpt":{"rendered":"","protected":false},"author":1,"featured_media":0,"parent":0,"menu_order":0,"comment_status":"closed","ping_status":"closed","template":"","meta":[],"_links":{"self":[{"href":"https:\/\/www.web-rr.de\/GHS-Buecherei\/index.php\/wp-json\/wp\/v2\/pages\/3149"}],"collection":[{"href":"https:\/\/www.web-rr.de\/GHS-Buecherei\/index.php\/wp-json\/wp\/v2\/pages"}],"about":[{"href":"https:\/\/www.web-rr.de\/GHS-Buecherei\/index.php\/wp-json\/wp\/v2\/types\/page"}],"author":[{"embeddable":true,"href":"https:\/\/www.web-rr.de\/GHS-Buecherei\/index.php\/wp-json\/wp\/v2\/users\/1"}],"replies":[{"embeddable":true,"href":"https:\/\/www.web-rr.de\/GHS-Buecherei\/index.php\/wp-json\/wp\/v2\/comments?post=3149"}],"version-history":[{"count":0,"href":"https:\/\/www.web-rr.de\/GHS-Buecherei\/index.php\/wp-json\/wp\/v2\/pages\/3149\/revisions"}],"wp:attachment":[{"href":"https:\/\/www.web-rr.de\/GHS-Buecherei\/index.php\/wp-json\/wp\/v2\/media?parent=3149"}],"curies":[{"name":"wp","href":"https:\/\/api.w.org\/{rel}","templated":true}]}}