{"id":3144,"date":"2021-02-23T20:00:00","date_gmt":"2021-02-23T20:00:00","guid":{"rendered":"https:\/\/www.web-rr.de\/GHS-Buecherei\/?page_id=3144"},"modified":"2021-02-22T23:59:59","modified_gmt":"2021-02-22T23:59:59","slug":"p9783837054750","status":"publish","type":"page","link":"https:\/\/www.web-rr.de\/GHS-Buecherei\/index.php\/p9783837054750\/","title":{"rendered":"Afrika 21"},"content":{"rendered":"<table><tbody><tr><td class='rDTitel' colspan='2'>Papa ist weg, weil Vater kommt: Ein afro-deutscher Junge erz\u00e4hlt ...<\/td><\/tr><tr><td><span class='rDLabel1'>Status: <\/span><span class='rDText1Gruen'>vorhanden<\/span><\/td><td><span class='rDLabel1'>Antolin: <\/span><span class='rDText1Rot'>Quiz nicht vorhanden.<\/span><\/td><\/tr><tr><td width=50%><img src='https:\/\/www.web-rr.de\/GHS-Buecherei\/wp-content\/uploads\/9783837054750.jpg' alt=''><\/td><td><p class='rDLabel2'>von <span class='rDText2'>Mouchi Blaise Ahua<\/span><\/p><p class='rDLabel2'>Verlag: <span class='rDText2'>Books on Demand,  2008,  6.90 \u20ac<\/span><\/p><p class='rDLabel2'>B\u00fccherei-Barcode: <span class='rDText2'>9783837054750<\/span><\/p><p class='rDLabel2'>In der B\u00fccherei erfasst am: <span class='rDText2'>01.04.2013<\/span><\/p><p class='rDLabel2'>Stichw\u00f6rter: <span class='rDText2'>Patchwork, Familie, Migration<\/span><\/p><p class='rDLabel2'>Lesealter ca. <span class='rDText2'>-<\/span><span class='rDLabel2'> Jahre<\/span><\/p><p class='rDLabel2'>Das Buch wurde <span class='rDText2'>3<\/span><span class='rDLabel2'> mal gelesen.<\/span><\/p><\/td><\/tr><tr><td colspan='2'><p class='rDLabel1'>Inhalt:<\/p><span class='rDText2'>Benny, ein afrodeutscher Junge, lebt jetzt allein mit seiner Mutter, seitdem sein Papa \u2013 ihr neuer Freund \u2013 f\u00fcr immer weggegangen ist. Erst, nachdem seine Mutter und sein leiblicher Vater in Afrika geheiratet haben, versteht er wirklich worum es geht \u2026'Ich denke, seit diesem Tag hat er sich wie ein Vater zu dir verhalten', fuhr sie fort. 'Er hat dich lieb. Das war sch\u00f6n euch zusammen zu sehen, Benny. So sch\u00f6n, dass ich immer weinen musste, wenn er in seine Wohnung zur\u00fcckging.''\u2026 als dein Vater aufgetaucht ist, hat Pascal gesagt: \u201eJetzt hat Benny einen Papa, seinen Vater\u201c, und er wollte unbedingt gehen. Ja, unbedingt. Aber er war nicht b\u00f6se. Im Gegenteil, er hat sich so f\u00fcr dich gefreut \u2026'<\/span><\/td><\/tr><tr><td colspan='2'><a href='#' onclick='history.back(); return false'>Zur\u00fcck<\/a><\/td><\/tr><\/tbody><\/table>\n","protected":false},"excerpt":{"rendered":"","protected":false},"author":1,"featured_media":0,"parent":0,"menu_order":0,"comment_status":"closed","ping_status":"closed","template":"","meta":[],"_links":{"self":[{"href":"https:\/\/www.web-rr.de\/GHS-Buecherei\/index.php\/wp-json\/wp\/v2\/pages\/3144"}],"collection":[{"href":"https:\/\/www.web-rr.de\/GHS-Buecherei\/index.php\/wp-json\/wp\/v2\/pages"}],"about":[{"href":"https:\/\/www.web-rr.de\/GHS-Buecherei\/index.php\/wp-json\/wp\/v2\/types\/page"}],"author":[{"embeddable":true,"href":"https:\/\/www.web-rr.de\/GHS-Buecherei\/index.php\/wp-json\/wp\/v2\/users\/1"}],"replies":[{"embeddable":true,"href":"https:\/\/www.web-rr.de\/GHS-Buecherei\/index.php\/wp-json\/wp\/v2\/comments?post=3144"}],"version-history":[{"count":0,"href":"https:\/\/www.web-rr.de\/GHS-Buecherei\/index.php\/wp-json\/wp\/v2\/pages\/3144\/revisions"}],"wp:attachment":[{"href":"https:\/\/www.web-rr.de\/GHS-Buecherei\/index.php\/wp-json\/wp\/v2\/media?parent=3144"}],"curies":[{"name":"wp","href":"https:\/\/api.w.org\/{rel}","templated":true}]}}