{"id":3143,"date":"2021-02-23T20:00:00","date_gmt":"2021-02-23T20:00:00","guid":{"rendered":"https:\/\/www.web-rr.de\/GHS-Buecherei\/?page_id=3143"},"modified":"2021-02-22T23:59:59","modified_gmt":"2021-02-22T23:59:59","slug":"p9783895022685","status":"publish","type":"page","link":"https:\/\/www.web-rr.de\/GHS-Buecherei\/index.php\/p9783895022685\/","title":{"rendered":"Afrika 20"},"content":{"rendered":"<table><tbody><tr><td class='rDTitel' colspan='2'>Kampung Boy \u2013 Der Frechdachs aus Malaysia: Cartoon aus Malaysia<\/td><\/tr><tr><td><span class='rDLabel1'>Status: <\/span><span class='rDText1Gruen'>vorhanden<\/span><\/td><td><span class='rDLabel1'>Antolin: <\/span><span class='rDText1Gruen'>ja, Empfehlung Klasse 5<\/span><\/td><\/tr><tr><td width=50%><img src='https:\/\/www.web-rr.de\/GHS-Buecherei\/wp-content\/uploads\/9783895022685.jpg' alt=''><\/td><td><p class='rDLabel2'>von <span class='rDText2'>-<\/span><\/p><p class='rDLabel2'>Verlag: <span class='rDText2'>Horlemann,  2008,  9.90 \u20ac<\/span><\/p><p class='rDLabel2'>B\u00fccherei-Barcode: <span class='rDText2'>9783895022685<\/span><\/p><p class='rDLabel2'>In der B\u00fccherei erfasst am: <span class='rDText2'>01.04.2013<\/span><\/p><p class='rDLabel2'>Stichw\u00f6rter: <span class='rDText2'>Malaysia, Asien<\/span><\/p><p class='rDLabel2'>Lesealter ca. <span class='rDText2'>9<\/span><span class='rDLabel2'> Jahre<\/span><\/p><p class='rDLabel2'>Das Buch wurde <span class='rDText2'>4<\/span><span class='rDLabel2'> mal gelesen.<\/span><\/p><\/td><\/tr><tr><td colspan='2'><p class='rDLabel1'>Inhalt:<\/p><span class='rDText2'>Der erste Band mit Mats Abenteuern \u2013 Lieblingslekt\u00fcre f\u00fcr Millionen in S\u00fcdostasien \u2013 nun zum ersten Mal auf deutsch.Lat erz\u00e4hlt aus dem Leben von Mat, einem muslimischen Jungen, der im l\u00e4ndlichen Malaysia der 1950er Jahre aufw\u00e4chst: von seinen Abenteuern und Streichen, seiner religi\u00f6sen Erziehung, seinen Angelausfl\u00fcgen und der Arbeit auf der familieneigenen Kautschuk-Plantage. Doch die traditionelle l\u00e4ndliche Lebensweise im Dorf (Kampung) ist bedroht durch die sich ausbreitenden Zinnminen mit ihren industriellen Arbeitspl\u00e4tzen. Als Mat dann f\u00fcr den Besuch der weiterf\u00fchrenden Schule in die Stadt gehen muss, kann er nur hoffen, dass sein Kampung nach seiner R\u00fcckkehr noch da ist.Lat \u00f6ffnet mit seinen kraftvollen und ausdrucksstarken Zeichnungen und den lakonischen Texten ein Fenster zu einer Welt, die heute nahezu verschwunden ist. Der Autor, geboren 1951, ist der wohl bekannteste Cartoonist S\u00fcdostasiens. Seine regelm\u00e4\u00dfig im Editorial der \u201eNew Straits Times\u201c ver\u00f6ffentlichten Karikaturen nehmen politische und gesellschaftliche Ereignisse aufs Korn.<\/span><\/td><\/tr><tr><td colspan='2'><a href='#' onclick='history.back(); return false'>Zur\u00fcck<\/a><\/td><\/tr><\/tbody><\/table>\n","protected":false},"excerpt":{"rendered":"","protected":false},"author":1,"featured_media":0,"parent":0,"menu_order":0,"comment_status":"closed","ping_status":"closed","template":"","meta":[],"_links":{"self":[{"href":"https:\/\/www.web-rr.de\/GHS-Buecherei\/index.php\/wp-json\/wp\/v2\/pages\/3143"}],"collection":[{"href":"https:\/\/www.web-rr.de\/GHS-Buecherei\/index.php\/wp-json\/wp\/v2\/pages"}],"about":[{"href":"https:\/\/www.web-rr.de\/GHS-Buecherei\/index.php\/wp-json\/wp\/v2\/types\/page"}],"author":[{"embeddable":true,"href":"https:\/\/www.web-rr.de\/GHS-Buecherei\/index.php\/wp-json\/wp\/v2\/users\/1"}],"replies":[{"embeddable":true,"href":"https:\/\/www.web-rr.de\/GHS-Buecherei\/index.php\/wp-json\/wp\/v2\/comments?post=3143"}],"version-history":[{"count":0,"href":"https:\/\/www.web-rr.de\/GHS-Buecherei\/index.php\/wp-json\/wp\/v2\/pages\/3143\/revisions"}],"wp:attachment":[{"href":"https:\/\/www.web-rr.de\/GHS-Buecherei\/index.php\/wp-json\/wp\/v2\/media?parent=3143"}],"curies":[{"name":"wp","href":"https:\/\/api.w.org\/{rel}","templated":true}]}}