{"id":3140,"date":"2021-02-23T20:00:00","date_gmt":"2021-02-23T20:00:00","guid":{"rendered":"https:\/\/www.web-rr.de\/GHS-Buecherei\/?page_id=3140"},"modified":"2021-02-22T23:59:59","modified_gmt":"2021-02-22T23:59:59","slug":"p9783356012910","status":"publish","type":"page","link":"https:\/\/www.web-rr.de\/GHS-Buecherei\/index.php\/p9783356012910\/","title":{"rendered":"Afrika 12"},"content":{"rendered":"<table><tbody><tr><td class='rDTitel' colspan='2'>Zum Elefanten immer geradeaus<\/td><\/tr><tr><td><span class='rDLabel1'>Status: <\/span><span class='rDText1Gruen'>vorhanden<\/span><\/td><td><span class='rDLabel1'>Antolin: <\/span><span class='rDText1Gruen'>ja, Empfehlung Klasse 2<\/span><\/td><\/tr><tr><td width=50%><img src='https:\/\/www.web-rr.de\/GHS-Buecherei\/wp-content\/uploads\/9783356012910.jpg' alt=''><\/td><td><p class='rDLabel2'>von <span class='rDText2'>Constanze Spengler<\/span><\/p><p class='rDLabel2'>Verlag: <span class='rDText2'>Hinstorff,  2008,  14.90 \u20ac<\/span><\/p><p class='rDLabel2'>B\u00fccherei-Barcode: <span class='rDText2'>9783356012910<\/span><\/p><p class='rDLabel2'>In der B\u00fccherei erfasst am: <span class='rDText2'>01.04.2013<\/span><\/p><p class='rDLabel2'>Stichw\u00f6rter: <span class='rDText2'>Savanne, Tiere<\/span><\/p><p class='rDLabel2'>Lesealter ca. <span class='rDText2'>6<\/span><span class='rDLabel2'> Jahre<\/span><\/p><p class='rDLabel2'>Das Buch wurde <span class='rDText2'>6<\/span><span class='rDLabel2'> mal gelesen.<\/span><\/p><\/td><\/tr><tr><td colspan='2'><p class='rDLabel1'>Inhalt:<\/p><span class='rDText2'>Warum werden einer Ziege, die auf einem steinigen Abhang inmitten steiniger Berge im winterlichen kalten Norden wohnt, pl\u00f6tzlich die Ohren warm? Warum wird die besagte Ziege nur kurze Zeit sp\u00e4ter richtig ins Schwitzen kommen? Und warum, bitte sch\u00f6n, tauchen in dieser Geschichte pl\u00f6tzlich Lebewesen auf, die so gar nichts im winterlichen Norden zu tun haben?Die alle Bewegungen ausl\u00f6sende Anzeige findet sich in der Zeitung: \u201ePostbotin gesucht \u2013 Das Postamt Afrika-Mitte braucht Sie! Gutes Geld \u2013 nette Kollegen \u2013 h\u00fcbsche Uniform\u201c. Klein ist die Anzeige, gro\u00df jedoch die Wirkung. Denn die Ziege bewirbt sich und wird engagiert. Und so findet sie sich denn pl\u00f6tzlich in der afrikanischen Savanne wieder, in versprochen h\u00fcbscher Uniform nat\u00fcrlich und mit einer Tasche voller Briefe und P\u00e4ckchen. Und weil eine Ziege aus dem kalten Norden auch im hei\u00dfen S\u00fcden pflichtbewusst ist, wei\u00df sie, dass vor allem die Eilsendung f\u00fcr den Elefanten eiligst zu \u00fcberbringen ist. G\u00e4be es da nur dieses eine Problem nicht: Denn woher soll eine Ziege, die sonst entfernt auf einem steinigem Abhang inmitten steiniger Berge haust, wissen, wie ein Elefant aussieht \u2026Constanze Spenglers erstes Bilderbuch erz\u00e4hlt die wunderbare Geschichte einer nicht nur Ohren, sondern auch Herz erw\u00e4rmenden Ziege. Ein fr\u00f6hlich stimmendes Roadmovie in farbenfrohen Bildern, dass durch Afrikas Savannen f\u00fchrt und zu den dort hausenden, fressenden, schlafenden, d\u00f6senden, grunzenden oder von B\u00e4umen h\u00e4ngenden Lebewesen. Am Ende wird nicht nur die Ziege wissen, was ein Nashorn von einer Schlangen ein Gnu von einem Krokodil, ein Zebra von einem L\u00f6wen unterscheidet \u2013 und vor allem, wie ein Elefant aussieht.<\/span><\/td><\/tr><tr><td colspan='2'><a href='#' onclick='history.back(); return false'>Zur\u00fcck<\/a><\/td><\/tr><\/tbody><\/table>\n","protected":false},"excerpt":{"rendered":"","protected":false},"author":1,"featured_media":0,"parent":0,"menu_order":0,"comment_status":"closed","ping_status":"closed","template":"","meta":[],"_links":{"self":[{"href":"https:\/\/www.web-rr.de\/GHS-Buecherei\/index.php\/wp-json\/wp\/v2\/pages\/3140"}],"collection":[{"href":"https:\/\/www.web-rr.de\/GHS-Buecherei\/index.php\/wp-json\/wp\/v2\/pages"}],"about":[{"href":"https:\/\/www.web-rr.de\/GHS-Buecherei\/index.php\/wp-json\/wp\/v2\/types\/page"}],"author":[{"embeddable":true,"href":"https:\/\/www.web-rr.de\/GHS-Buecherei\/index.php\/wp-json\/wp\/v2\/users\/1"}],"replies":[{"embeddable":true,"href":"https:\/\/www.web-rr.de\/GHS-Buecherei\/index.php\/wp-json\/wp\/v2\/comments?post=3140"}],"version-history":[{"count":0,"href":"https:\/\/www.web-rr.de\/GHS-Buecherei\/index.php\/wp-json\/wp\/v2\/pages\/3140\/revisions"}],"wp:attachment":[{"href":"https:\/\/www.web-rr.de\/GHS-Buecherei\/index.php\/wp-json\/wp\/v2\/media?parent=3140"}],"curies":[{"name":"wp","href":"https:\/\/api.w.org\/{rel}","templated":true}]}}