{"id":3137,"date":"2021-02-23T20:00:00","date_gmt":"2021-02-23T20:00:00","guid":{"rendered":"https:\/\/www.web-rr.de\/GHS-Buecherei\/?page_id=3137"},"modified":"2021-02-22T23:59:59","modified_gmt":"2021-02-22T23:59:59","slug":"p9783872949141","status":"publish","type":"page","link":"https:\/\/www.web-rr.de\/GHS-Buecherei\/index.php\/p9783872949141\/","title":{"rendered":"Afrika 01"},"content":{"rendered":"<table><tbody><tr><td class='rDTitel' colspan='2'>Sag mir, wie ist Afrika?<\/td><\/tr><tr><td><span class='rDLabel1'>Status: <\/span><span class='rDText1Gruen'>vorhanden<\/span><\/td><td><span class='rDLabel1'>Antolin: <\/span><span class='rDText1Gruen'>ja, Empfehlung Klasse 4<\/span><\/td><\/tr><tr><td width=50%><img src='https:\/\/www.web-rr.de\/GHS-Buecherei\/wp-content\/uploads\/9783872949141.jpg' alt=''><\/td><td><p class='rDLabel2'>von <span class='rDText2'>Marie Sellier<\/span><\/p><p class='rDLabel2'>Verlag: <span class='rDText2'>Hammer,  2002,  19.90 \u20ac<\/span><\/p><p class='rDLabel2'>B\u00fccherei-Barcode: <span class='rDText2'>9783872949141<\/span><\/p><p class='rDLabel2'>In der B\u00fccherei erfasst am: <span class='rDText2'>01.04.2013<\/span><\/p><p class='rDLabel2'>Stichw\u00f6rter: <span class='rDText2'>Generationen<\/span><\/p><p class='rDLabel2'>Lesealter ca. <span class='rDText2'>8<\/span><span class='rDLabel2'> Jahre<\/span><\/p><p class='rDLabel2'>Das Buch wurde <span class='rDText2'>4<\/span><span class='rDLabel2'> mal gelesen.<\/span><\/p><\/td><\/tr><tr><td colspan='2'><p class='rDLabel1'>Inhalt:<\/p><span class='rDText2'>Immer wieder fragt der kleine Chaka und Papa Dembo gibt weiter, was er vom Leben gelernt hat. Chaka fragt nach Afrika und seinen Farben, fragt nach Papa Dembos Familie nach seinen Freunden. Der Gro\u00dfvater erz\u00e4hlt von seiner Mutter Kadidja, dem Vater Samba, von Lawali, dem Lebhaften, und den gemeinsamen Streichen, er erz\u00e4hlt vom Leben im Dorf, vom Fischen auf dem gro\u00dfen gelben Fluss, vom Beginn der Regenzeit nach den Wochen der D\u00fcrre und Hitze, von den Tropfen, so wertvoll wie Gold, erz\u00e4hlt von der Wildnis, den Geistern und von den sieben Tagen und N\u00e4chten, in denen er Mann wurde. Die Fragen des kleinen Chaka wollen nicht enden und mit ihm h\u00f6ren die Leser und Leserinnen auf ungew\u00f6hnlich poetische Weise von Afrika und seinen Menschen. Ganzseitige Malereien, die der Fantasie viel Raum lassen, und Fotografien afrikanischer Masken und Skulpturen erg\u00e4nzen den Text zu einem wertvollen Geschenkbuch.<\/span><\/td><\/tr><tr><td colspan='2'><a href='#' onclick='history.back(); return false'>Zur\u00fcck<\/a><\/td><\/tr><\/tbody><\/table>\n","protected":false},"excerpt":{"rendered":"","protected":false},"author":1,"featured_media":0,"parent":0,"menu_order":0,"comment_status":"closed","ping_status":"closed","template":"","meta":[],"_links":{"self":[{"href":"https:\/\/www.web-rr.de\/GHS-Buecherei\/index.php\/wp-json\/wp\/v2\/pages\/3137"}],"collection":[{"href":"https:\/\/www.web-rr.de\/GHS-Buecherei\/index.php\/wp-json\/wp\/v2\/pages"}],"about":[{"href":"https:\/\/www.web-rr.de\/GHS-Buecherei\/index.php\/wp-json\/wp\/v2\/types\/page"}],"author":[{"embeddable":true,"href":"https:\/\/www.web-rr.de\/GHS-Buecherei\/index.php\/wp-json\/wp\/v2\/users\/1"}],"replies":[{"embeddable":true,"href":"https:\/\/www.web-rr.de\/GHS-Buecherei\/index.php\/wp-json\/wp\/v2\/comments?post=3137"}],"version-history":[{"count":0,"href":"https:\/\/www.web-rr.de\/GHS-Buecherei\/index.php\/wp-json\/wp\/v2\/pages\/3137\/revisions"}],"wp:attachment":[{"href":"https:\/\/www.web-rr.de\/GHS-Buecherei\/index.php\/wp-json\/wp\/v2\/media?parent=3137"}],"curies":[{"name":"wp","href":"https:\/\/api.w.org\/{rel}","templated":true}]}}