{"id":3122,"date":"2021-02-22T18:21:29","date_gmt":"2021-02-22T17:21:29","guid":{"rendered":"https:\/\/www.web-rr.de\/GHS-Buecherei\/?page_id=3122"},"modified":"2021-02-26T18:56:07","modified_gmt":"2021-02-26T17:56:07","slug":"p9783446254855","status":"publish","type":"page","link":"https:\/\/www.web-rr.de\/GHS-Buecherei\/index.php\/p9783446254855\/","title":{"rendered":"Abenteuer 95"},"content":{"rendered":"<table><tbody><tr><td class='rDTitel' colspan='2'>Super-Matze - Super Trilogie 2<\/td><\/tr><tr><td><span class='rDLabel1'>Status: <\/span><span class='rDText1Gruen'>vorhanden<\/span><\/td><td><span class='rDLabel1'>Antolin: <\/span><span class='rDText1Gruen'>ja, Empfehlung Klasse 5<\/span><\/td><\/tr><tr><td width=50%><img src='https:\/\/www.web-rr.de\/GHS-Buecherei\/wp-content\/uploads\/9783446254855.jpg' alt=''><\/td><td><p class='rDLabel2'>von <span class='rDText2'>H\u00e5kon \u00d8vre\u00e5s<\/span><\/p><p class='rDLabel2'>Verlag: <span class='rDText2'>Hanser C.,  2017,  12.00 \u20ac<\/span><\/p><p class='rDLabel2'>B\u00fccherei-Barcode: <span class='rDText2'>9783446254855<\/span><\/p><p class='rDLabel2'>In der B\u00fccherei erfasst am: <span class='rDText2'>13.01.2020<\/span><\/p><p class='rDLabel2'>Stichw\u00f6rter: <span class='rDText2'>Abenteuer, Helden, Dieb<\/span><\/p><p class='rDLabel2'>Lesealter ca. <span class='rDText2'>9<\/span><span class='rDLabel2'> Jahre<\/span><\/p><p class='rDLabel2'>Das Buch wurde <span class='rDText2'>0<\/span><span class='rDLabel2'> mal gelesen.<\/span><\/p><\/td><\/tr><tr><td colspan='2'><p class='rDLabel1'>Inhalt:<\/p><span class='rDText2'>Nach dem vielfach ausgezeichneten Super-Bruno macht sich nun Super-Matze zu neuen Heldentaten auf - mit Witz und haufenweise verr\u00fcckten Ideen!\n\r\n\rMatze steht vor einem gro\u00dfen Problem: Er muss ganz schnell ber\u00fchmt werden, um ein M\u00e4dchen zu beeindrucken! Das ist aber gar nicht so einfach. Doch dann kommt ihm eine Super-Idee: Er wird das wertvolle Huhn des B\u00fcrgermeisters retten! Daf\u00fcr muss dieses aber erst einmal verschwinden. Also bittet Matze seine Freunde Laura und Bruno um Hilfe. Als dann aber tats\u00e4chlich ein Dieb das Huhn stiehlt, stecken die drei ziemlich in der Klemme. Jetzt sind echte Superhelden gefragt, die vor keinem Abenteuer zur\u00fcckschrecken! Mit Mut und Einfallsreichtum \u00fcberlisten sie die Erwachsenen, k\u00e4mpfen mit gef\u00e4hrlichen W\u00f6lfen und schaffen es tats\u00e4chlich in die Zeitung. Doch ist ber\u00fchmt zu sein wirklich so wichtig?\n\r\n\r<\/span><\/td><\/tr><tr><td colspan='2'><a href='#' onclick='history.back(); return false'>Zur\u00fcck<\/a><\/td><\/tr><\/tbody><\/table>\n","protected":false},"excerpt":{"rendered":"","protected":false},"author":1,"featured_media":0,"parent":0,"menu_order":0,"comment_status":"closed","ping_status":"closed","template":"","meta":[],"_links":{"self":[{"href":"https:\/\/www.web-rr.de\/GHS-Buecherei\/index.php\/wp-json\/wp\/v2\/pages\/3122"}],"collection":[{"href":"https:\/\/www.web-rr.de\/GHS-Buecherei\/index.php\/wp-json\/wp\/v2\/pages"}],"about":[{"href":"https:\/\/www.web-rr.de\/GHS-Buecherei\/index.php\/wp-json\/wp\/v2\/types\/page"}],"author":[{"embeddable":true,"href":"https:\/\/www.web-rr.de\/GHS-Buecherei\/index.php\/wp-json\/wp\/v2\/users\/1"}],"replies":[{"embeddable":true,"href":"https:\/\/www.web-rr.de\/GHS-Buecherei\/index.php\/wp-json\/wp\/v2\/comments?post=3122"}],"version-history":[{"count":0,"href":"https:\/\/www.web-rr.de\/GHS-Buecherei\/index.php\/wp-json\/wp\/v2\/pages\/3122\/revisions"}],"wp:attachment":[{"href":"https:\/\/www.web-rr.de\/GHS-Buecherei\/index.php\/wp-json\/wp\/v2\/media?parent=3122"}],"curies":[{"name":"wp","href":"https:\/\/api.w.org\/{rel}","templated":true}]}}