{"id":3119,"date":"2021-02-22T18:20:27","date_gmt":"2021-02-22T17:20:27","guid":{"rendered":"https:\/\/www.web-rr.de\/GHS-Buecherei\/?page_id=3119"},"modified":"2021-02-26T18:55:56","modified_gmt":"2021-02-26T17:55:56","slug":"p9783401068831","status":"publish","type":"page","link":"https:\/\/www.web-rr.de\/GHS-Buecherei\/index.php\/p9783401068831\/","title":{"rendered":"Abenteuer 94"},"content":{"rendered":"<table><tbody><tr><td class='rDTitel' colspan='2'>Gef\u00e4hrliche Kaninchen. Lakritze zum Fr\u00fchst\u00fcck<\/td><\/tr><tr><td><span class='rDLabel1'>Status: <\/span><span class='rDText1Gruen'>vorhanden<\/span><\/td><td><span class='rDLabel1'>Antolin: <\/span><span class='rDText1Gruen'>ja, Empfehlung Klasse 4<\/span><\/td><\/tr><tr><td width=50%><img src='https:\/\/www.web-rr.de\/GHS-Buecherei\/wp-content\/uploads\/9783401068831.jpg' alt=''><\/td><td><p class='rDLabel2'>von <span class='rDText2'>Kirsten John<\/span><\/p><p class='rDLabel2'>Verlag: <span class='rDText2'>Arena,  2013,  9.99 \u20ac<\/span><\/p><p class='rDLabel2'>B\u00fccherei-Barcode: <span class='rDText2'>9783401068831<\/span><\/p><p class='rDLabel2'>In der B\u00fccherei erfasst am: <span class='rDText2'>14.01.2019<\/span><\/p><p class='rDLabel2'>Stichw\u00f6rter: <span class='rDText2'>Ferien, D\u00e4nemark, Eltern, Trolle<\/span><\/p><p class='rDLabel2'>Lesealter ca. <span class='rDText2'>8<\/span><span class='rDLabel2'> Jahre<\/span><\/p><p class='rDLabel2'>Das Buch wurde <span class='rDText2'>2<\/span><span class='rDLabel2'> mal gelesen.<\/span><\/p><\/td><\/tr><tr><td colspan='2'><p class='rDLabel1'>Inhalt:<\/p><span class='rDText2'>Geht\u2019s noch langweiliger? Max und Leonie machen Ferien in D\u00e4nemark - aber es regnet Bindf\u00e4den, und Max\u2019 Mutter, die Biologin, forscht den den ganzen Tag nur nach seltenen Flechten. Was sollen Max und Leonie tun? Vielleicht Trolle jagen? Doch der einzige Troll, dem sie begegnen, ist der \u00fcberfreundliche, aber undurchsichtige Nachbar. Als der sich auff\u00e4llig f\u00fcr Max\u2019 Mutter zu interessieren beginnt, und die sich f\u00fcr ihn - da m\u00fcssen Max und Leonie eingreifen! Und pl\u00f6tzlich kann von Langeweile keine Rede mehr sein!<\/span><\/td><\/tr><tr><td colspan='2'><a href='#' onclick='history.back(); return false'>Zur\u00fcck<\/a><\/td><\/tr><\/tbody><\/table>\n","protected":false},"excerpt":{"rendered":"","protected":false},"author":1,"featured_media":0,"parent":0,"menu_order":0,"comment_status":"closed","ping_status":"closed","template":"","meta":[],"_links":{"self":[{"href":"https:\/\/www.web-rr.de\/GHS-Buecherei\/index.php\/wp-json\/wp\/v2\/pages\/3119"}],"collection":[{"href":"https:\/\/www.web-rr.de\/GHS-Buecherei\/index.php\/wp-json\/wp\/v2\/pages"}],"about":[{"href":"https:\/\/www.web-rr.de\/GHS-Buecherei\/index.php\/wp-json\/wp\/v2\/types\/page"}],"author":[{"embeddable":true,"href":"https:\/\/www.web-rr.de\/GHS-Buecherei\/index.php\/wp-json\/wp\/v2\/users\/1"}],"replies":[{"embeddable":true,"href":"https:\/\/www.web-rr.de\/GHS-Buecherei\/index.php\/wp-json\/wp\/v2\/comments?post=3119"}],"version-history":[{"count":0,"href":"https:\/\/www.web-rr.de\/GHS-Buecherei\/index.php\/wp-json\/wp\/v2\/pages\/3119\/revisions"}],"wp:attachment":[{"href":"https:\/\/www.web-rr.de\/GHS-Buecherei\/index.php\/wp-json\/wp\/v2\/media?parent=3119"}],"curies":[{"name":"wp","href":"https:\/\/api.w.org\/{rel}","templated":true}]}}