{"id":3115,"date":"2021-02-22T18:19:16","date_gmt":"2021-02-22T17:19:16","guid":{"rendered":"https:\/\/www.web-rr.de\/GHS-Buecherei\/?page_id=3115"},"modified":"2021-02-26T18:55:47","modified_gmt":"2021-02-26T17:55:47","slug":"p9783641148355","status":"publish","type":"page","link":"https:\/\/www.web-rr.de\/GHS-Buecherei\/index.php\/p9783641148355\/","title":{"rendered":"Abenteuer 92"},"content":{"rendered":"<table><tbody><tr><td class='rDTitel' colspan='2'>Winzent und das gro\u00dfe Steinzeit-Turnier<\/td><\/tr><tr><td><span class='rDLabel1'>Status: <\/span><span class='rDText1Gruen'>vorhanden<\/span><\/td><td><span class='rDLabel1'>Antolin: <\/span><span class='rDText1Gruen'>ja, Empfehlung Klasse 4<\/span><\/td><\/tr><tr><td width=50%><img src='https:\/\/www.web-rr.de\/GHS-Buecherei\/wp-content\/uploads\/9783641148355.jpg' alt=''><\/td><td><p class='rDLabel2'>von <span class='rDText2'>David Zeltser<\/span><\/p><p class='rDLabel2'>Verlag: <span class='rDText2'>cbj,  2015,  9.49 \u20ac<\/span><\/p><p class='rDLabel2'>B\u00fccherei-Barcode: <span class='rDText2'>9783641148355<\/span><\/p><p class='rDLabel2'>In der B\u00fccherei erfasst am: <span class='rDText2'>14.01.2019<\/span><\/p><p class='rDLabel2'>Stichw\u00f6rter: <span class='rDText2'>Eiszeit, H\u00f6hlen, Clan<\/span><\/p><p class='rDLabel2'>Lesealter ca. <span class='rDText2'>8<\/span><span class='rDLabel2'> Jahre<\/span><\/p><p class='rDLabel2'>Das Buch wurde <span class='rDText2'>0<\/span><span class='rDLabel2'> mal gelesen.<\/span><\/p><\/td><\/tr><tr><td colspan='2'><p class='rDLabel1'>Inhalt:<\/p><span class='rDText2'>Der Fluch der Eiszeit Steinzeitjunge Winzent bemalt lieber H\u00f6hlenw\u00e4nde, als sich mit den anderen Jungs die K\u00f6pfe einzuschlagen. Dabei ist es die gro\u00dfe Hoffnung seines Vaters, dass Winz einmal Clanchef wird! Da kommt es gar nicht gut, dass Winz mitsamt dem Au\u00dfenseiter Steini aus dem Clan ausgeschlossen werden muss, weil sie es als Einzige nicht schaffen, sich ein Reittier f\u00fcr das gro\u00dfe Steinschlagturnier zu fangen. Mit ein wenig Einfallsreichtum und unerwarteter Hilfe aus dem verfeindeten Nachbarclan schafft Winzent es am Ende aber doch noch, als Held des Clans dazustehen ...<\/span><\/td><\/tr><tr><td colspan='2'><a href='#' onclick='history.back(); return false'>Zur\u00fcck<\/a><\/td><\/tr><\/tbody><\/table>\n","protected":false},"excerpt":{"rendered":"","protected":false},"author":1,"featured_media":0,"parent":0,"menu_order":0,"comment_status":"closed","ping_status":"closed","template":"","meta":[],"_links":{"self":[{"href":"https:\/\/www.web-rr.de\/GHS-Buecherei\/index.php\/wp-json\/wp\/v2\/pages\/3115"}],"collection":[{"href":"https:\/\/www.web-rr.de\/GHS-Buecherei\/index.php\/wp-json\/wp\/v2\/pages"}],"about":[{"href":"https:\/\/www.web-rr.de\/GHS-Buecherei\/index.php\/wp-json\/wp\/v2\/types\/page"}],"author":[{"embeddable":true,"href":"https:\/\/www.web-rr.de\/GHS-Buecherei\/index.php\/wp-json\/wp\/v2\/users\/1"}],"replies":[{"embeddable":true,"href":"https:\/\/www.web-rr.de\/GHS-Buecherei\/index.php\/wp-json\/wp\/v2\/comments?post=3115"}],"version-history":[{"count":0,"href":"https:\/\/www.web-rr.de\/GHS-Buecherei\/index.php\/wp-json\/wp\/v2\/pages\/3115\/revisions"}],"wp:attachment":[{"href":"https:\/\/www.web-rr.de\/GHS-Buecherei\/index.php\/wp-json\/wp\/v2\/media?parent=3115"}],"curies":[{"name":"wp","href":"https:\/\/api.w.org\/{rel}","templated":true}]}}