{"id":3111,"date":"2021-02-22T18:17:49","date_gmt":"2021-02-22T17:17:49","guid":{"rendered":"https:\/\/www.web-rr.de\/GHS-Buecherei\/?page_id=3111"},"modified":"2021-02-26T18:55:38","modified_gmt":"2021-02-26T17:55:38","slug":"p9783833901836","status":"publish","type":"page","link":"https:\/\/www.web-rr.de\/GHS-Buecherei\/index.php\/p9783833901836\/","title":{"rendered":"Abenteuer 90"},"content":{"rendered":"<table><tbody><tr><td class='rDTitel' colspan='2'>Jonathan Harkan und das Herz des Lazarus<\/td><\/tr><tr><td><span class='rDLabel1'>Status: <\/span><span class='rDText1Gruen'>vorhanden<\/span><\/td><td><span class='rDLabel1'>Antolin: <\/span><span class='rDText1Rot'>Quiz nicht vorhanden.<\/span><\/td><\/tr><tr><td width=50%><img src='https:\/\/www.web-rr.de\/GHS-Buecherei\/wp-content\/uploads\/9783833901836.jpg' alt=''><\/td><td><p class='rDLabel2'>von <span class='rDText2'>Dirk Ahner<\/span><\/p><p class='rDLabel2'>Verlag: <span class='rDText2'>Baumhaus,  2013,  14.99 \u20ac<\/span><\/p><p class='rDLabel2'>B\u00fccherei-Barcode: <span class='rDText2'>9783833901836<\/span><\/p><p class='rDLabel2'>In der B\u00fccherei erfasst am: <span class='rDText2'>14.01.2019<\/span><\/p><p class='rDLabel2'>Stichw\u00f6rter: <span class='rDText2'>Abenteuer, Geheimnis, Bedrohung, Wahrheit, Fantasie<\/span><\/p><p class='rDLabel2'>Lesealter ca. <span class='rDText2'>-<\/span><span class='rDLabel2'> Jahre<\/span><\/p><p class='rDLabel2'>Das Buch wurde <span class='rDText2'>0<\/span><span class='rDLabel2'> mal gelesen.<\/span><\/p><\/td><\/tr><tr><td colspan='2'><p class='rDLabel1'>Inhalt:<\/p><span class='rDText2'>Der 13-j\u00e4hrige Jonathan kennt Abenteuer nur aus B\u00fcchern, bis er eines Tages auf ein Geheimnis st\u00f6\u00dft: Seine Eltern geh\u00f6ren dem \"Gro\u00dfen Kreis\" an, der die Welt vor einer finsteren Bedrohung besch\u00fctzt. Als sich die Ereignisse \u00fcberschlagen, muss Jonathan all seinen Mut zusammennehmen, um seinen Eltern zu helfen. Allm\u00e4hlich kommt er der Wahrheit auf die Spur und begibt sich mehr als einmal in gro\u00dfe Gefahr ...<\/span><\/td><\/tr><tr><td colspan='2'><a href='#' onclick='history.back(); return false'>Zur\u00fcck<\/a><\/td><\/tr><\/tbody><\/table>\n","protected":false},"excerpt":{"rendered":"","protected":false},"author":1,"featured_media":0,"parent":0,"menu_order":0,"comment_status":"closed","ping_status":"closed","template":"","meta":[],"_links":{"self":[{"href":"https:\/\/www.web-rr.de\/GHS-Buecherei\/index.php\/wp-json\/wp\/v2\/pages\/3111"}],"collection":[{"href":"https:\/\/www.web-rr.de\/GHS-Buecherei\/index.php\/wp-json\/wp\/v2\/pages"}],"about":[{"href":"https:\/\/www.web-rr.de\/GHS-Buecherei\/index.php\/wp-json\/wp\/v2\/types\/page"}],"author":[{"embeddable":true,"href":"https:\/\/www.web-rr.de\/GHS-Buecherei\/index.php\/wp-json\/wp\/v2\/users\/1"}],"replies":[{"embeddable":true,"href":"https:\/\/www.web-rr.de\/GHS-Buecherei\/index.php\/wp-json\/wp\/v2\/comments?post=3111"}],"version-history":[{"count":0,"href":"https:\/\/www.web-rr.de\/GHS-Buecherei\/index.php\/wp-json\/wp\/v2\/pages\/3111\/revisions"}],"wp:attachment":[{"href":"https:\/\/www.web-rr.de\/GHS-Buecherei\/index.php\/wp-json\/wp\/v2\/media?parent=3111"}],"curies":[{"name":"wp","href":"https:\/\/api.w.org\/{rel}","templated":true}]}}