{"id":3109,"date":"2021-02-22T18:17:12","date_gmt":"2021-02-22T17:17:12","guid":{"rendered":"https:\/\/www.web-rr.de\/GHS-Buecherei\/?page_id=3109"},"modified":"2021-02-26T18:55:32","modified_gmt":"2021-02-26T17:55:32","slug":"p9783737350419","status":"publish","type":"page","link":"https:\/\/www.web-rr.de\/GHS-Buecherei\/index.php\/p9783737350419\/","title":{"rendered":"Abenteuer 89"},"content":{"rendered":"<table><tbody><tr><td class='rDTitel' colspan='2'>Mr Gum und der schauerliche Hund von Bad Lamonisch (Mr. Gum 9)<\/td><\/tr><tr><td><span class='rDLabel1'>Status: <\/span><span class='rDText1Gruen'>vorhanden<\/span><\/td><td><span class='rDLabel1'>Antolin: <\/span><span class='rDText1Gruen'>ja, Empfehlung Klasse 4<\/span><\/td><\/tr><tr><td width=50%><img src='https:\/\/www.web-rr.de\/GHS-Buecherei\/wp-content\/uploads\/9783737350419.jpg' alt=''><\/td><td><p class='rDLabel2'>von <span class='rDText2'>Andy Stanton<\/span><\/p><p class='rDLabel2'>Verlag: <span class='rDText2'>FISCHER Kinder- und Jugend-E-Books,  2015,  12.99 \u20ac<\/span><\/p><p class='rDLabel2'>B\u00fccherei-Barcode: <span class='rDText2'>9783737350419<\/span><\/p><p class='rDLabel2'>In der B\u00fccherei erfasst am: <span class='rDText2'>14.01.2019<\/span><\/p><p class='rDLabel2'>Stichw\u00f6rter: <span class='rDText2'>Humor, Australien, Zerst\u00f6rung, Ermittlungen<\/span><\/p><p class='rDLabel2'>Lesealter ca. <span class='rDText2'>8<\/span><span class='rDLabel2'> Jahre<\/span><\/p><p class='rDLabel2'>Das Buch wurde <span class='rDText2'>0<\/span><span class='rDLabel2'> mal gelesen.<\/span><\/p><\/td><\/tr><tr><td colspan='2'><p class='rDLabel1'>Inhalt:<\/p><span class='rDText2'>Ein gef\u00e4hrlicher Hund treibt sein Unwesen in Bad Lamonisch an der Bibber und hinterl\u00e4sst bei seinen n\u00e4chtlichen Angriffen eine Spur der Zerst\u00f6rung. Schnell wird Jakob-der-Hund als der Schuldige ausgemacht und soll zur Strafe nach Australien verschifft werden. Nur Polly und Freitag glauben nicht, dass der gutm\u00fctige Jakob dahintersteckt, und nehmen die Ermittlungen auf. Dabei sto\u00dfen sie schon bald auf einen alten Bekannten: den fiesen Mr Gum!Der letzte Band der Mr-Gum-Serie ist wieder ein Fest f\u00fcr alle Freunde schwarzen Humors \u2013 brillant \u00fcbersetzt von Harry Rowohlt.<\/span><\/td><\/tr><tr><td colspan='2'><a href='#' onclick='history.back(); return false'>Zur\u00fcck<\/a><\/td><\/tr><\/tbody><\/table>\n","protected":false},"excerpt":{"rendered":"","protected":false},"author":1,"featured_media":0,"parent":0,"menu_order":0,"comment_status":"closed","ping_status":"closed","template":"","meta":[],"_links":{"self":[{"href":"https:\/\/www.web-rr.de\/GHS-Buecherei\/index.php\/wp-json\/wp\/v2\/pages\/3109"}],"collection":[{"href":"https:\/\/www.web-rr.de\/GHS-Buecherei\/index.php\/wp-json\/wp\/v2\/pages"}],"about":[{"href":"https:\/\/www.web-rr.de\/GHS-Buecherei\/index.php\/wp-json\/wp\/v2\/types\/page"}],"author":[{"embeddable":true,"href":"https:\/\/www.web-rr.de\/GHS-Buecherei\/index.php\/wp-json\/wp\/v2\/users\/1"}],"replies":[{"embeddable":true,"href":"https:\/\/www.web-rr.de\/GHS-Buecherei\/index.php\/wp-json\/wp\/v2\/comments?post=3109"}],"version-history":[{"count":0,"href":"https:\/\/www.web-rr.de\/GHS-Buecherei\/index.php\/wp-json\/wp\/v2\/pages\/3109\/revisions"}],"wp:attachment":[{"href":"https:\/\/www.web-rr.de\/GHS-Buecherei\/index.php\/wp-json\/wp\/v2\/media?parent=3109"}],"curies":[{"name":"wp","href":"https:\/\/api.w.org\/{rel}","templated":true}]}}