{"id":3104,"date":"2021-02-22T18:15:51","date_gmt":"2021-02-22T17:15:51","guid":{"rendered":"https:\/\/www.web-rr.de\/GHS-Buecherei\/?page_id=3104"},"modified":"2021-02-26T18:55:23","modified_gmt":"2021-02-26T17:55:23","slug":"p9783827055163","status":"publish","type":"page","link":"https:\/\/www.web-rr.de\/GHS-Buecherei\/index.php\/p9783827055163\/","title":{"rendered":"Abenteuer 87"},"content":{"rendered":"<table><tbody><tr><td class='rDTitel' colspan='2'>Achtung, Milchpiraten<\/td><\/tr><tr><td><span class='rDLabel1'>Status: <\/span><span class='rDText1Gruen'>vorhanden<\/span><\/td><td><span class='rDLabel1'>Antolin: <\/span><span class='rDText1Gruen'>ja, Empfehlung Klasse 4<\/span><\/td><\/tr><tr><td width=50%><img src='https:\/\/www.web-rr.de\/GHS-Buecherei\/wp-content\/uploads\/9783827055163.jpg' alt=''><\/td><td><p class='rDLabel2'>von <span class='rDText2'>Kai L\u00fcftner<\/span><\/p><p class='rDLabel2'>Verlag: <span class='rDText2'>arsEdition,  2012,  12.99 \u20ac<\/span><\/p><p class='rDLabel2'>B\u00fccherei-Barcode: <span class='rDText2'>9783827055163<\/span><\/p><p class='rDLabel2'>In der B\u00fccherei erfasst am: <span class='rDText2'>01.03.2015<\/span><\/p><p class='rDLabel2'>Stichw\u00f6rter: <span class='rDText2'>Sturmfrei, Ferienbeginn, Chaos, Oma<\/span><\/p><p class='rDLabel2'>Lesealter ca. <span class='rDText2'>8<\/span><span class='rDLabel2'> Jahre<\/span><\/p><p class='rDLabel2'>Das Buch wurde <span class='rDText2'>0<\/span><span class='rDLabel2'> mal gelesen.<\/span><\/p><\/td><\/tr><tr><td colspan='2'><p class='rDLabel1'>Inhalt:<\/p><span class='rDText2'>Sturmfrei! Leinen los f\u00fcr die Milchpiraten!Elternfreie Zone und Ferienbeginn - eine Party ist einfach n\u00f6tig, finden die Obermilchpiraten Matz und Bruno. Doch aus der Feier wird ein Feuerwerk der Missgeschicke und schon bald sieht es bei Bruno aus, als h\u00e4tte der Rumpelk\u00f6nig von Polter Eil\u00e4nd  h\u00f6chstpers\u00f6nlich sein Unwesen getrieben. Mitten im gr\u00f6\u00dften Chaos k\u00fcndigt sich auch noch Oma Hertha an, um nach dem Rechten zu sehen. K\u00f6nnen die Milchpiraten sich aus diesem Schlamassel retten?<\/span><\/td><\/tr><tr><td colspan='2'><a href='#' onclick='history.back(); return false'>Zur\u00fcck<\/a><\/td><\/tr><\/tbody><\/table>\n","protected":false},"excerpt":{"rendered":"","protected":false},"author":1,"featured_media":0,"parent":0,"menu_order":0,"comment_status":"closed","ping_status":"closed","template":"","meta":[],"_links":{"self":[{"href":"https:\/\/www.web-rr.de\/GHS-Buecherei\/index.php\/wp-json\/wp\/v2\/pages\/3104"}],"collection":[{"href":"https:\/\/www.web-rr.de\/GHS-Buecherei\/index.php\/wp-json\/wp\/v2\/pages"}],"about":[{"href":"https:\/\/www.web-rr.de\/GHS-Buecherei\/index.php\/wp-json\/wp\/v2\/types\/page"}],"author":[{"embeddable":true,"href":"https:\/\/www.web-rr.de\/GHS-Buecherei\/index.php\/wp-json\/wp\/v2\/users\/1"}],"replies":[{"embeddable":true,"href":"https:\/\/www.web-rr.de\/GHS-Buecherei\/index.php\/wp-json\/wp\/v2\/comments?post=3104"}],"version-history":[{"count":0,"href":"https:\/\/www.web-rr.de\/GHS-Buecherei\/index.php\/wp-json\/wp\/v2\/pages\/3104\/revisions"}],"wp:attachment":[{"href":"https:\/\/www.web-rr.de\/GHS-Buecherei\/index.php\/wp-json\/wp\/v2\/media?parent=3104"}],"curies":[{"name":"wp","href":"https:\/\/api.w.org\/{rel}","templated":true}]}}