{"id":3100,"date":"2021-02-22T18:14:28","date_gmt":"2021-02-22T17:14:28","guid":{"rendered":"https:\/\/www.web-rr.de\/GHS-Buecherei\/?page_id=3100"},"modified":"2021-02-26T18:55:13","modified_gmt":"2021-02-26T17:55:13","slug":"p9783570158623","status":"publish","type":"page","link":"https:\/\/www.web-rr.de\/GHS-Buecherei\/index.php\/p9783570158623\/","title":{"rendered":"Abenteuer 85"},"content":{"rendered":"<table><tbody><tr><td class='rDTitel' colspan='2'>F\u00fcnf Freunde - 3 Abenteuer in einem Band: Sammelband 3<\/td><\/tr><tr><td><span class='rDLabel1'>Status: <\/span><span class='rDText1Gruen'>vorhanden<\/span><\/td><td><span class='rDLabel1'>Antolin: <\/span><span class='rDText1Rot'>Quiz nicht vorhanden.<\/span><\/td><\/tr><tr><td width=50%><img src='https:\/\/www.web-rr.de\/GHS-Buecherei\/wp-content\/uploads\/9783570158623.jpg' alt=''><\/td><td><p class='rDLabel2'>von <span class='rDText2'>Enid Blyton<\/span><\/p><p class='rDLabel2'>Verlag: <span class='rDText2'>cbj,  2014,  7.99 \u20ac<\/span><\/p><p class='rDLabel2'>B\u00fccherei-Barcode: <span class='rDText2'>9783570158623<\/span><\/p><p class='rDLabel2'>In der B\u00fccherei erfasst am: <span class='rDText2'>25.10.2018<\/span><\/p><p class='rDLabel2'>Stichw\u00f6rter: <span class='rDText2'>Sonnengott, Prinzessin, Einbrecher<\/span><\/p><p class='rDLabel2'>Lesealter ca. <span class='rDText2'>-<\/span><span class='rDLabel2'> Jahre<\/span><\/p><p class='rDLabel2'>Das Buch wurde <span class='rDText2'>0<\/span><span class='rDLabel2'> mal gelesen.<\/span><\/p><\/td><\/tr><tr><td colspan='2'><p class='rDLabel1'>Inhalt:<\/p><span class='rDText2'>Aufregende Abenteuer erleben die F\u00fcnf Freunde Anne, Georg (die eigentlich Georgina hei\u00dft), Richard, Julius und Tim, der Hund auch in diesem Sammelband. Ob sie r\u00e4tselhafte Einbr\u00fcche aufkl\u00e4ren oder nach verschwundenen Prinzessinnen suchen: in diesem Sammelband haben die F\u00fcnf Freunde wieder kniffelige F\u00e4lle zu l\u00f6sen, brenzlige Situationen zu bestehen und nat\u00fcrlich viele Geheimnisse zu entschl\u00fcsseln. Enthalten sind die Einzelb\u00e4nde \"F\u00fcnf Freunde und der Sonnengott\", \"F\u00fcnf Freunde und die falsche Prinzessin\" und \"F\u00fcnf Freunde jagen den r\u00e4tselhaften Einbrecher\".<\/span><\/td><\/tr><tr><td colspan='2'><a href='#' onclick='history.back(); return false'>Zur\u00fcck<\/a><\/td><\/tr><\/tbody><\/table>\n","protected":false},"excerpt":{"rendered":"","protected":false},"author":1,"featured_media":0,"parent":0,"menu_order":0,"comment_status":"closed","ping_status":"closed","template":"","meta":[],"_links":{"self":[{"href":"https:\/\/www.web-rr.de\/GHS-Buecherei\/index.php\/wp-json\/wp\/v2\/pages\/3100"}],"collection":[{"href":"https:\/\/www.web-rr.de\/GHS-Buecherei\/index.php\/wp-json\/wp\/v2\/pages"}],"about":[{"href":"https:\/\/www.web-rr.de\/GHS-Buecherei\/index.php\/wp-json\/wp\/v2\/types\/page"}],"author":[{"embeddable":true,"href":"https:\/\/www.web-rr.de\/GHS-Buecherei\/index.php\/wp-json\/wp\/v2\/users\/1"}],"replies":[{"embeddable":true,"href":"https:\/\/www.web-rr.de\/GHS-Buecherei\/index.php\/wp-json\/wp\/v2\/comments?post=3100"}],"version-history":[{"count":0,"href":"https:\/\/www.web-rr.de\/GHS-Buecherei\/index.php\/wp-json\/wp\/v2\/pages\/3100\/revisions"}],"wp:attachment":[{"href":"https:\/\/www.web-rr.de\/GHS-Buecherei\/index.php\/wp-json\/wp\/v2\/media?parent=3100"}],"curies":[{"name":"wp","href":"https:\/\/api.w.org\/{rel}","templated":true}]}}