{"id":3098,"date":"2021-02-22T18:13:53","date_gmt":"2021-02-22T17:13:53","guid":{"rendered":"https:\/\/www.web-rr.de\/GHS-Buecherei\/?page_id=3098"},"modified":"2021-02-26T18:54:57","modified_gmt":"2021-02-26T17:54:57","slug":"p9783570158272","status":"publish","type":"page","link":"https:\/\/www.web-rr.de\/GHS-Buecherei\/index.php\/p9783570158272\/","title":{"rendered":"Abenteuer 84"},"content":{"rendered":"<table><tbody><tr><td class='rDTitel' colspan='2'>F\u00fcnf Freunde - 3 Abenteuer in einem Band: Sammelband 2<\/td><\/tr><tr><td><span class='rDLabel1'>Status: <\/span><span class='rDText1Gruen'>vorhanden<\/span><\/td><td><span class='rDLabel1'>Antolin: <\/span><span class='rDText1Gruen'>ja, Empfehlung Klasse 5<\/span><\/td><\/tr><tr><td width=50%><img src='https:\/\/www.web-rr.de\/GHS-Buecherei\/wp-content\/uploads\/9783570158272.jpg' alt=''><\/td><td><p class='rDLabel2'>von <span class='rDText2'>Enid Blyton<\/span><\/p><p class='rDLabel2'>Verlag: <span class='rDText2'>cbj,  2014,  7.99 \u20ac<\/span><\/p><p class='rDLabel2'>B\u00fccherei-Barcode: <span class='rDText2'>9783570158272<\/span><\/p><p class='rDLabel2'>In der B\u00fccherei erfasst am: <span class='rDText2'>25.10.2018<\/span><\/p><p class='rDLabel2'>Stichw\u00f6rter: <span class='rDText2'>Auf hoher See, Schildkr\u00f6tengeheimnis, R\u00e4tsel der feinen Dame<\/span><\/p><p class='rDLabel2'>Lesealter ca. <span class='rDText2'>9<\/span><span class='rDLabel2'> Jahre<\/span><\/p><p class='rDLabel2'>Das Buch wurde <span class='rDText2'>2<\/span><span class='rDLabel2'> mal gelesen.<\/span><\/p><\/td><\/tr><tr><td colspan='2'><p class='rDLabel1'>Inhalt:<\/p><span class='rDText2'>Aufregende Abenteuer erleben die F\u00fcnf Freunde Anne, Georg (die eigentlich Georgina hei\u00dft), Richard, Julius und Tim, der Hund auch in diesem Sammelband. Ob auf hoher See oder im Grandhotel: immer wieder haben sie so manche Gefahr zu bestehen und kniffelige F\u00e4lle zu l\u00f6sen. Enthalten sind die Einzelb\u00e4nde \"F\u00fcnf Freunde auf hoher See\", \"F\u00fcnf Freunde und das Schildkr\u00f6tengeheimnis\" und \"F\u00fcnf Freunde und das R\u00e4tsel der feinen Dame\".<\/span><\/td><\/tr><tr><td colspan='2'><a href='#' onclick='history.back(); return false'>Zur\u00fcck<\/a><\/td><\/tr><\/tbody><\/table>\n","protected":false},"excerpt":{"rendered":"","protected":false},"author":1,"featured_media":0,"parent":0,"menu_order":0,"comment_status":"closed","ping_status":"closed","template":"","meta":[],"_links":{"self":[{"href":"https:\/\/www.web-rr.de\/GHS-Buecherei\/index.php\/wp-json\/wp\/v2\/pages\/3098"}],"collection":[{"href":"https:\/\/www.web-rr.de\/GHS-Buecherei\/index.php\/wp-json\/wp\/v2\/pages"}],"about":[{"href":"https:\/\/www.web-rr.de\/GHS-Buecherei\/index.php\/wp-json\/wp\/v2\/types\/page"}],"author":[{"embeddable":true,"href":"https:\/\/www.web-rr.de\/GHS-Buecherei\/index.php\/wp-json\/wp\/v2\/users\/1"}],"replies":[{"embeddable":true,"href":"https:\/\/www.web-rr.de\/GHS-Buecherei\/index.php\/wp-json\/wp\/v2\/comments?post=3098"}],"version-history":[{"count":0,"href":"https:\/\/www.web-rr.de\/GHS-Buecherei\/index.php\/wp-json\/wp\/v2\/pages\/3098\/revisions"}],"wp:attachment":[{"href":"https:\/\/www.web-rr.de\/GHS-Buecherei\/index.php\/wp-json\/wp\/v2\/media?parent=3098"}],"curies":[{"name":"wp","href":"https:\/\/api.w.org\/{rel}","templated":true}]}}