{"id":3085,"date":"2021-02-22T18:09:23","date_gmt":"2021-02-22T17:09:23","guid":{"rendered":"https:\/\/www.web-rr.de\/GHS-Buecherei\/?page_id=3085"},"modified":"2021-02-26T18:54:27","modified_gmt":"2021-02-26T17:54:27","slug":"p2000001021460","status":"publish","type":"page","link":"https:\/\/www.web-rr.de\/GHS-Buecherei\/index.php\/p2000001021460\/","title":{"rendered":"Abenteuer 78"},"content":{"rendered":"<table><tbody><tr><td class='rDTitel' colspan='2'>Das magische Baumhaus 33 - Geheimauftrag in Paris<\/td><\/tr><tr><td><span class='rDLabel1'>Status: <\/span><span class='rDText1Gruen'>vorhanden<\/span><\/td><td><span class='rDLabel1'>Antolin: <\/span><span class='rDText1Gruen'>ja, Empfehlung Klasse 3<\/span><\/td><\/tr><tr><td width=50%><img src='https:\/\/www.web-rr.de\/GHS-Buecherei\/wp-content\/uploads\/2000001021460.jpg' alt=''><\/td><td><p class='rDLabel2'>von <span class='rDText2'>Mary Pope Osborne<\/span><\/p><p class='rDLabel2'>Verlag: <span class='rDText2'>Loewe Verlag,  2017,  7.95 \u20ac<\/span><\/p><p class='rDLabel2'>B\u00fccherei-Barcode: <span class='rDText2'>2000001021460<\/span><\/p><p class='rDLabel2'>In der B\u00fccherei erfasst am: <span class='rDText2'>25.10.2018<\/span><\/p><p class='rDLabel2'>Stichw\u00f6rter: <span class='rDText2'><\/span><\/p><p class='rDLabel2'>Lesealter ca. <span class='rDText2'>7<\/span><span class='rDLabel2'> Jahre<\/span><\/p><p class='rDLabel2'>Das Buch wurde <span class='rDText2'>5<\/span><span class='rDLabel2'> mal gelesen.<\/span><\/p><\/td><\/tr><tr><td colspan='2'><p class='rDLabel1'>Inhalt:<\/p><span class='rDText2'>Anne und Philipp besuchen die ber\u00fchmte Weltausstellung in Paris. Sie sollen im Auftrag Merlins vier Zauberer suchen und sie nach ihren Geheimnissen befragen. Doch auch ein b\u00f6ser Magier interessiert sich f\u00fcr die M\u00e4nner mit den besonderen F\u00e4higkeiten. Werden die Geschwister es schaffen, die Zauberer vor ihm zu finden? Die beliebte Kinderbuch-Reihe von Bestsellerautorin Mary Pope Osborne! Die Geschwister Anne und Philipp reisen mit dem magischen Baumhaus durch die Zeit. Sie erleben spannende Abenteuer, entdecken ferne L\u00e4nder und lernen viele ber\u00fchmte Pers\u00f6nlichkeiten kennen.<\/span><\/td><\/tr><tr><td colspan='2'><a href='#' onclick='history.back(); return false'>Zur\u00fcck<\/a><\/td><\/tr><\/tbody><\/table>\n","protected":false},"excerpt":{"rendered":"","protected":false},"author":1,"featured_media":0,"parent":0,"menu_order":0,"comment_status":"closed","ping_status":"closed","template":"","meta":[],"_links":{"self":[{"href":"https:\/\/www.web-rr.de\/GHS-Buecherei\/index.php\/wp-json\/wp\/v2\/pages\/3085"}],"collection":[{"href":"https:\/\/www.web-rr.de\/GHS-Buecherei\/index.php\/wp-json\/wp\/v2\/pages"}],"about":[{"href":"https:\/\/www.web-rr.de\/GHS-Buecherei\/index.php\/wp-json\/wp\/v2\/types\/page"}],"author":[{"embeddable":true,"href":"https:\/\/www.web-rr.de\/GHS-Buecherei\/index.php\/wp-json\/wp\/v2\/users\/1"}],"replies":[{"embeddable":true,"href":"https:\/\/www.web-rr.de\/GHS-Buecherei\/index.php\/wp-json\/wp\/v2\/comments?post=3085"}],"version-history":[{"count":0,"href":"https:\/\/www.web-rr.de\/GHS-Buecherei\/index.php\/wp-json\/wp\/v2\/pages\/3085\/revisions"}],"wp:attachment":[{"href":"https:\/\/www.web-rr.de\/GHS-Buecherei\/index.php\/wp-json\/wp\/v2\/media?parent=3085"}],"curies":[{"name":"wp","href":"https:\/\/api.w.org\/{rel}","templated":true}]}}