{"id":3081,"date":"2021-02-22T18:08:00","date_gmt":"2021-02-22T17:08:00","guid":{"rendered":"https:\/\/www.web-rr.de\/GHS-Buecherei\/?page_id=3081"},"modified":"2021-02-26T18:54:17","modified_gmt":"2021-02-26T17:54:17","slug":"p9783401601359","status":"publish","type":"page","link":"https:\/\/www.web-rr.de\/GHS-Buecherei\/index.php\/p9783401601359\/","title":{"rendered":"Abenteuer 76"},"content":{"rendered":"<table><tbody><tr><td class='rDTitel' colspan='2'>Hilfe, ein Hox!: Vier Freunde und das Supertier<\/td><\/tr><tr><td><span class='rDLabel1'>Status: <\/span><span class='rDText1Gruen'>vorhanden<\/span><\/td><td><span class='rDLabel1'>Antolin: <\/span><span class='rDText1Gruen'>ja, Empfehlung Klasse 4<\/span><\/td><\/tr><tr><td width=50%><img src='https:\/\/www.web-rr.de\/GHS-Buecherei\/wp-content\/uploads\/9783401601359.jpg' alt=''><\/td><td><p class='rDLabel2'>von <span class='rDText2'>Stefanie D\u00f6rr (Autor), Dominik Rupp (Illustrator)<\/span><\/p><p class='rDLabel2'>Verlag: <span class='rDText2'>Arena,  2016,  9.99 \u20ac<\/span><\/p><p class='rDLabel2'>B\u00fccherei-Barcode: <span class='rDText2'>9783401601359<\/span><\/p><p class='rDLabel2'>In der B\u00fccherei erfasst am: <span class='rDText2'>04.08.2018<\/span><\/p><p class='rDLabel2'>Stichw\u00f6rter: <span class='rDText2'>Sommerferien, Freunde, turbulenten Verfolgungsjagd<\/span><\/p><p class='rDLabel2'>Lesealter ca. <span class='rDText2'>8<\/span><span class='rDLabel2'> Jahre<\/span><\/p><p class='rDLabel2'>Das Buch wurde <span class='rDText2'>0<\/span><span class='rDLabel2'> mal gelesen.<\/span><\/p><\/td><\/tr><tr><td colspan='2'><p class='rDLabel1'>Inhalt:<\/p><span class='rDText2'>Lauri bef\u00fcrchtet \u00f6de Sommerferien: Alle seine Freunde sind verreist. Nur das Nachbarsm\u00e4dchen Greta nervt st\u00e4ndig \u00fcber den Gartenzaun. Doch dann taucht der seltsame Pep auf, der auf geheimer Mission ist, denn er sucht nach einem ganz speziellen Tier: dem au\u00dferirdischen Supertier! Das zu fangen, ist gar nicht so einfach. Es ist n\u00e4mlich nicht nur unglaublich niedlich, sondern auch so schnell und stark, dass Lauri H\u00f6ren und Sehen vergeht. Und schon befindet sich Lauri mitten in einer turbulenten Verfolgungsjagd \u2026<\/span><\/td><\/tr><tr><td colspan='2'><a href='#' onclick='history.back(); return false'>Zur\u00fcck<\/a><\/td><\/tr><\/tbody><\/table>\n","protected":false},"excerpt":{"rendered":"","protected":false},"author":1,"featured_media":0,"parent":0,"menu_order":0,"comment_status":"closed","ping_status":"closed","template":"","meta":[],"_links":{"self":[{"href":"https:\/\/www.web-rr.de\/GHS-Buecherei\/index.php\/wp-json\/wp\/v2\/pages\/3081"}],"collection":[{"href":"https:\/\/www.web-rr.de\/GHS-Buecherei\/index.php\/wp-json\/wp\/v2\/pages"}],"about":[{"href":"https:\/\/www.web-rr.de\/GHS-Buecherei\/index.php\/wp-json\/wp\/v2\/types\/page"}],"author":[{"embeddable":true,"href":"https:\/\/www.web-rr.de\/GHS-Buecherei\/index.php\/wp-json\/wp\/v2\/users\/1"}],"replies":[{"embeddable":true,"href":"https:\/\/www.web-rr.de\/GHS-Buecherei\/index.php\/wp-json\/wp\/v2\/comments?post=3081"}],"version-history":[{"count":0,"href":"https:\/\/www.web-rr.de\/GHS-Buecherei\/index.php\/wp-json\/wp\/v2\/pages\/3081\/revisions"}],"wp:attachment":[{"href":"https:\/\/www.web-rr.de\/GHS-Buecherei\/index.php\/wp-json\/wp\/v2\/media?parent=3081"}],"curies":[{"name":"wp","href":"https:\/\/api.w.org\/{rel}","templated":true}]}}