{"id":3073,"date":"2021-02-22T18:05:08","date_gmt":"2021-02-22T17:05:08","guid":{"rendered":"https:\/\/www.web-rr.de\/GHS-Buecherei\/?page_id=3073"},"modified":"2021-02-26T18:53:57","modified_gmt":"2021-02-26T17:53:57","slug":"p9783865914729","status":"publish","type":"page","link":"https:\/\/www.web-rr.de\/GHS-Buecherei\/index.php\/p9783865914729\/","title":{"rendered":"Abenteuer 72"},"content":{"rendered":"<table><tbody><tr><td class='rDTitel' colspan='2'>Drachen m\u00f6gen keine Kekse: Das angeknabberte Tagebuch des Julius S.<\/td><\/tr><tr><td><span class='rDLabel1'>Status: <\/span><span class='rDText1Gruen'>vorhanden<\/span><\/td><td><span class='rDLabel1'>Antolin: <\/span><span class='rDText1Gruen'>ja, Empfehlung Klasse 4<\/span><\/td><\/tr><tr><td width=50%><img src='https:\/\/www.web-rr.de\/GHS-Buecherei\/wp-content\/uploads\/9783865914729.jpg' alt=''><\/td><td><p class='rDLabel2'>von <span class='rDText2'>Claudia Weiand<\/span><\/p><p class='rDLabel2'>Verlag: <span class='rDText2'>Gerth Medien,  2014,  9.99 \u20ac<\/span><\/p><p class='rDLabel2'>B\u00fccherei-Barcode: <span class='rDText2'>9783865914729<\/span><\/p><p class='rDLabel2'>In der B\u00fccherei erfasst am: <span class='rDText2'>01.05.2017<\/span><\/p><p class='rDLabel2'>Stichw\u00f6rter: <span class='rDText2'>Sommerferien, Detektiv<\/span><\/p><p class='rDLabel2'>Lesealter ca. <span class='rDText2'>8<\/span><span class='rDLabel2'> Jahre<\/span><\/p><p class='rDLabel2'>Das Buch wurde <span class='rDText2'>0<\/span><span class='rDLabel2'> mal gelesen.<\/span><\/p><\/td><\/tr><tr><td colspan='2'><p class='rDLabel1'>Inhalt:<\/p><span class='rDText2'>Eigentlich k\u00f6nnte der Rest der Sommerferien ja richtig klasse werden, doch da taucht LCD auf, die Nervens\u00e4ge aus Julius` Schule. Als dann auch noch eine unversch\u00e4mt teure Uhr verschwindet und miese Verd\u00e4chtigungen die Runde machen, ist es so weit: Julius und seine neuen Freunde m\u00fcssen Detektiv spielen! Zum Gl\u00fcck werden sie von einem kleinen, stinkenden Drachen namens Quentin unterst\u00fctzt. Wie gut, dass Julius flei\u00dfig Tagebuch geschrieben hat, auch wenn es von Quentin - aus welchen Gr\u00fcnden auch immer - mit einem Keks verwechselt und angeknabbert wurde ...<\/span><\/td><\/tr><tr><td colspan='2'><a href='#' onclick='history.back(); return false'>Zur\u00fcck<\/a><\/td><\/tr><\/tbody><\/table>\n","protected":false},"excerpt":{"rendered":"","protected":false},"author":1,"featured_media":0,"parent":0,"menu_order":0,"comment_status":"closed","ping_status":"closed","template":"","meta":[],"_links":{"self":[{"href":"https:\/\/www.web-rr.de\/GHS-Buecherei\/index.php\/wp-json\/wp\/v2\/pages\/3073"}],"collection":[{"href":"https:\/\/www.web-rr.de\/GHS-Buecherei\/index.php\/wp-json\/wp\/v2\/pages"}],"about":[{"href":"https:\/\/www.web-rr.de\/GHS-Buecherei\/index.php\/wp-json\/wp\/v2\/types\/page"}],"author":[{"embeddable":true,"href":"https:\/\/www.web-rr.de\/GHS-Buecherei\/index.php\/wp-json\/wp\/v2\/users\/1"}],"replies":[{"embeddable":true,"href":"https:\/\/www.web-rr.de\/GHS-Buecherei\/index.php\/wp-json\/wp\/v2\/comments?post=3073"}],"version-history":[{"count":0,"href":"https:\/\/www.web-rr.de\/GHS-Buecherei\/index.php\/wp-json\/wp\/v2\/pages\/3073\/revisions"}],"wp:attachment":[{"href":"https:\/\/www.web-rr.de\/GHS-Buecherei\/index.php\/wp-json\/wp\/v2\/media?parent=3073"}],"curies":[{"name":"wp","href":"https:\/\/api.w.org\/{rel}","templated":true}]}}