{"id":3069,"date":"2021-02-22T18:03:52","date_gmt":"2021-02-22T17:03:52","guid":{"rendered":"https:\/\/www.web-rr.de\/GHS-Buecherei\/?page_id=3069"},"modified":"2021-02-26T18:53:46","modified_gmt":"2021-02-26T17:53:46","slug":"p9783522184021","status":"publish","type":"page","link":"https:\/\/www.web-rr.de\/GHS-Buecherei\/index.php\/p9783522184021\/","title":{"rendered":"Abenteuer 70"},"content":{"rendered":"<table><tbody><tr><td class='rDTitel' colspan='2'>Die Drachenreiter von Dragolding<\/td><\/tr><tr><td><span class='rDLabel1'>Status: <\/span><span class='rDText1Gruen'>vorhanden<\/span><\/td><td><span class='rDLabel1'>Antolin: <\/span><span class='rDText1Gruen'>ja, Empfehlung Klasse 4<\/span><\/td><\/tr><tr><td width=50%><img src='https:\/\/www.web-rr.de\/GHS-Buecherei\/wp-content\/uploads\/9783522184021.jpg' alt=''><\/td><td><p class='rDLabel2'>von <span class='rDText2'>Julia Breiten\u00f6der<\/span><\/p><p class='rDLabel2'>Verlag: <span class='rDText2'>Thienemann ein Imprint der Thienemann-Esslinger Verlag GmbH,  2015,  9.99 \u20ac<\/span><\/p><p class='rDLabel2'>B\u00fccherei-Barcode: <span class='rDText2'>9783522184021<\/span><\/p><p class='rDLabel2'>In der B\u00fccherei erfasst am: <span class='rDText2'>01.05.2017<\/span><\/p><p class='rDLabel2'>Stichw\u00f6rter: <span class='rDText2'>Drachen<\/span><\/p><p class='rDLabel2'>Lesealter ca. <span class='rDText2'>8<\/span><span class='rDLabel2'> Jahre<\/span><\/p><p class='rDLabel2'>Das Buch wurde <span class='rDText2'>0<\/span><span class='rDLabel2'> mal gelesen.<\/span><\/p><\/td><\/tr><tr><td colspan='2'><p class='rDLabel1'>Inhalt:<\/p><span class='rDText2'>Endlich sind Simon und Veit in der Drachenklasse. Sie bekommen ihr eigenes Drachenei und werden zu Drachenreitern ausgebildet. Aber sie staunen nicht schlecht, als aus ihren Eiern keine eindrucksvollen Kampfdrachen schl\u00fcpfen, sondern eine zickige Drachenlady in Pink und eine wirklich seltsame Kreatur, ein Lindwurm. Und beide sind absolut schwer erziehbar! Zum Gl\u00fcck treffen die Jungen Madlen, eine Drachenfl\u00fcsterin. Doch pl\u00f6tzlich befinden sich die drei in einem Kampf gegen den grausamen Drachenritter Lynhardt, der einen furchtbaren Plan geschmiedet hat ...<\/span><\/td><\/tr><tr><td colspan='2'><a href='#' onclick='history.back(); return false'>Zur\u00fcck<\/a><\/td><\/tr><\/tbody><\/table>\n","protected":false},"excerpt":{"rendered":"","protected":false},"author":1,"featured_media":0,"parent":0,"menu_order":0,"comment_status":"closed","ping_status":"closed","template":"","meta":[],"_links":{"self":[{"href":"https:\/\/www.web-rr.de\/GHS-Buecherei\/index.php\/wp-json\/wp\/v2\/pages\/3069"}],"collection":[{"href":"https:\/\/www.web-rr.de\/GHS-Buecherei\/index.php\/wp-json\/wp\/v2\/pages"}],"about":[{"href":"https:\/\/www.web-rr.de\/GHS-Buecherei\/index.php\/wp-json\/wp\/v2\/types\/page"}],"author":[{"embeddable":true,"href":"https:\/\/www.web-rr.de\/GHS-Buecherei\/index.php\/wp-json\/wp\/v2\/users\/1"}],"replies":[{"embeddable":true,"href":"https:\/\/www.web-rr.de\/GHS-Buecherei\/index.php\/wp-json\/wp\/v2\/comments?post=3069"}],"version-history":[{"count":0,"href":"https:\/\/www.web-rr.de\/GHS-Buecherei\/index.php\/wp-json\/wp\/v2\/pages\/3069\/revisions"}],"wp:attachment":[{"href":"https:\/\/www.web-rr.de\/GHS-Buecherei\/index.php\/wp-json\/wp\/v2\/media?parent=3069"}],"curies":[{"name":"wp","href":"https:\/\/api.w.org\/{rel}","templated":true}]}}