{"id":3066,"date":"2021-02-22T18:02:43","date_gmt":"2021-02-22T17:02:43","guid":{"rendered":"https:\/\/www.web-rr.de\/GHS-Buecherei\/?page_id=3066"},"modified":"2021-02-26T18:53:40","modified_gmt":"2021-02-26T17:53:40","slug":"p9783733503338","status":"publish","type":"page","link":"https:\/\/www.web-rr.de\/GHS-Buecherei\/index.php\/p9783733503338\/","title":{"rendered":"Abenteuer 69"},"content":{"rendered":"<table><tbody><tr><td class='rDTitel' colspan='2'>Herobrines Schwert: Ein Abenteuer f\u00fcr Minecrafter<\/td><\/tr><tr><td><span class='rDLabel1'>Status: <\/span><span class='rDText1Rot'>ausgeliehen<\/span><\/td><td><span class='rDLabel1'>Antolin: <\/span><span class='rDText1Rot'>Quiz nicht vorhanden.<\/span><\/td><\/tr><tr><td width=50%><img src='https:\/\/www.web-rr.de\/GHS-Buecherei\/wp-content\/uploads\/9783733503338.jpg' alt=''><\/td><td><p class='rDLabel2'>von <span class='rDText2'>Jim Anotsu<\/span><\/p><p class='rDLabel2'>Verlag: <span class='rDText2'>FISCHER Kinder- und Jugendtaschenbuch,  2016,  9.99 \u20ac<\/span><\/p><p class='rDLabel2'>B\u00fccherei-Barcode: <span class='rDText2'>9783733503338<\/span><\/p><p class='rDLabel2'>In der B\u00fccherei erfasst am: <span class='rDText2'>01.05.2017<\/span><\/p><p class='rDLabel2'>Stichw\u00f6rter: <span class='rDText2'>Minecraft-Welt<\/span><\/p><p class='rDLabel2'>Lesealter ca. <span class='rDText2'>-<\/span><span class='rDLabel2'> Jahre<\/span><\/p><p class='rDLabel2'>Das Buch wurde <span class='rDText2'>9<\/span><span class='rDLabel2'> mal gelesen.<\/span><\/p><\/td><\/tr><tr><td colspan='2'><p class='rDLabel1'>Inhalt:<\/p><span class='rDText2'>Arthurs Schwester ist auf geheimnisvolle Weise in der Minecraft-Welt verschwunden. Ganz alleine muss sie gegen Creeper, Zombies und Endermen k\u00e4mpfen. Arthur bleibt keine andere Wahl: Er muss seiner Schwester folgen, um sie zu retten! Doch die einzige Rettung f\u00fcr die beiden ist an die gef\u00e4hrlichste Figur im ganzen Minecraft-Universum gebunden: den sagenumwobenen Herobrine. Nur mit seinem Schwert kann den Geschwistern die R\u00fcckkehr nach Hause gelingen. Sie ahnen nicht, dass sie ein Teil von Herobrines ausgekl\u00fcgeltem Plan sind, in die Oberwelt zur\u00fcckzukehren und sie f\u00fcr immer zu zerst\u00f6ren ...Ein spannendes Abenteuer f\u00fcr Minecrafter und alle, die es werden wollen. Kein offizielles Minecraft-Produkt. Nicht von Mojang genehmigt oder mit Mojang verbunden.<\/span><\/td><\/tr><tr><td colspan='2'><a href='#' onclick='history.back(); return false'>Zur\u00fcck<\/a><\/td><\/tr><\/tbody><\/table>\n","protected":false},"excerpt":{"rendered":"","protected":false},"author":1,"featured_media":0,"parent":0,"menu_order":0,"comment_status":"closed","ping_status":"closed","template":"","meta":[],"_links":{"self":[{"href":"https:\/\/www.web-rr.de\/GHS-Buecherei\/index.php\/wp-json\/wp\/v2\/pages\/3066"}],"collection":[{"href":"https:\/\/www.web-rr.de\/GHS-Buecherei\/index.php\/wp-json\/wp\/v2\/pages"}],"about":[{"href":"https:\/\/www.web-rr.de\/GHS-Buecherei\/index.php\/wp-json\/wp\/v2\/types\/page"}],"author":[{"embeddable":true,"href":"https:\/\/www.web-rr.de\/GHS-Buecherei\/index.php\/wp-json\/wp\/v2\/users\/1"}],"replies":[{"embeddable":true,"href":"https:\/\/www.web-rr.de\/GHS-Buecherei\/index.php\/wp-json\/wp\/v2\/comments?post=3066"}],"version-history":[{"count":0,"href":"https:\/\/www.web-rr.de\/GHS-Buecherei\/index.php\/wp-json\/wp\/v2\/pages\/3066\/revisions"}],"wp:attachment":[{"href":"https:\/\/www.web-rr.de\/GHS-Buecherei\/index.php\/wp-json\/wp\/v2\/media?parent=3066"}],"curies":[{"name":"wp","href":"https:\/\/api.w.org\/{rel}","templated":true}]}}