{"id":3064,"date":"2021-02-22T18:02:00","date_gmt":"2021-02-22T17:02:00","guid":{"rendered":"https:\/\/www.web-rr.de\/GHS-Buecherei\/?page_id=3064"},"modified":"2021-02-26T18:53:35","modified_gmt":"2021-02-26T17:53:35","slug":"p9783899959819","status":"publish","type":"page","link":"https:\/\/www.web-rr.de\/GHS-Buecherei\/index.php\/p9783899959819\/","title":{"rendered":"Abenteuer 68"},"content":{"rendered":"<table><tbody><tr><td class='rDTitel' colspan='2'>Th\u00f6re, der Troll<\/td><\/tr><tr><td><span class='rDLabel1'>Status: <\/span><span class='rDText1Gruen'>vorhanden<\/span><\/td><td><span class='rDLabel1'>Antolin: <\/span><span class='rDText1Rot'>Quiz nicht vorhanden.<\/span><\/td><\/tr><tr><td width=50%><img src='https:\/\/www.web-rr.de\/GHS-Buecherei\/wp-content\/uploads\/9783899959819.jpg' alt=''><\/td><td><p class='rDLabel2'>von <span class='rDText2'>Gerhard Rose<\/span><\/p><p class='rDLabel2'>Verlag: <span class='rDText2'>Isensee Verlag,  2013<\/span><\/p><p class='rDLabel2'>B\u00fccherei-Barcode: <span class='rDText2'>9783899959819<\/span><\/p><p class='rDLabel2'>In der B\u00fccherei erfasst am: <span class='rDText2'>01.05.2016<\/span><\/p><p class='rDLabel2'>Stichw\u00f6rter: <span class='rDText2'>Trolle, Norwegen, Schweden, D\u00e4nemark, Island<\/span><\/p><p class='rDLabel2'>Lesealter ca. <span class='rDText2'>-<\/span><span class='rDLabel2'> Jahre<\/span><\/p><p class='rDLabel2'>Das Buch wurde <span class='rDText2'>0<\/span><span class='rDLabel2'> mal gelesen.<\/span><\/p><\/td><\/tr><tr><td colspan='2'><p class='rDLabel1'>Inhalt:<\/p><span class='rDText2'>\"Trolle, liebe Kinder, gibt es vorwiegend, aber nicht nur, in den n\u00f6rdlichen L\u00e4ndern wie Norwegen, Schweden, D\u00e4nemark oder auf Island. Und es gibt sie wirklich, das solltet Ihr nicht in Zweifel ziehen.\" Th\u00f6re, der Held dieser Geschichte, ist ein ebensolcher kleiner, rothaariger Troll, der nur zu gern seiner neugierigen Nase folgt - und das hat ihn nicht nur einmal in Schwierigkeiten gebracht! Durch einen kreuzdummen und tragischen Zufall, er ist mal wieder zu vorwitzig, ger\u00e4t er in einen Strudel voller spannender Abenteuer. Eines Tages trinkt Th\u00f6re ein geheimnisvolles Getr\u00e4nk, auf das er beim Durchstreifen der W\u00e4lder gesto\u00dfen ist, und f\u00e4llt prompt in einen ohnmacht-\u00e4hnlichen Schlaf. Als er wieder aufwacht, findet er sich auf einem gro\u00dfen Schiff wieder. Ein spannendes Abenteuer beginnt ...<\/span><\/td><\/tr><tr><td colspan='2'><a href='#' onclick='history.back(); return false'>Zur\u00fcck<\/a><\/td><\/tr><\/tbody><\/table>\n","protected":false},"excerpt":{"rendered":"","protected":false},"author":1,"featured_media":0,"parent":0,"menu_order":0,"comment_status":"closed","ping_status":"closed","template":"","meta":[],"_links":{"self":[{"href":"https:\/\/www.web-rr.de\/GHS-Buecherei\/index.php\/wp-json\/wp\/v2\/pages\/3064"}],"collection":[{"href":"https:\/\/www.web-rr.de\/GHS-Buecherei\/index.php\/wp-json\/wp\/v2\/pages"}],"about":[{"href":"https:\/\/www.web-rr.de\/GHS-Buecherei\/index.php\/wp-json\/wp\/v2\/types\/page"}],"author":[{"embeddable":true,"href":"https:\/\/www.web-rr.de\/GHS-Buecherei\/index.php\/wp-json\/wp\/v2\/users\/1"}],"replies":[{"embeddable":true,"href":"https:\/\/www.web-rr.de\/GHS-Buecherei\/index.php\/wp-json\/wp\/v2\/comments?post=3064"}],"version-history":[{"count":0,"href":"https:\/\/www.web-rr.de\/GHS-Buecherei\/index.php\/wp-json\/wp\/v2\/pages\/3064\/revisions"}],"wp:attachment":[{"href":"https:\/\/www.web-rr.de\/GHS-Buecherei\/index.php\/wp-json\/wp\/v2\/media?parent=3064"}],"curies":[{"name":"wp","href":"https:\/\/api.w.org\/{rel}","templated":true}]}}