{"id":3062,"date":"2021-02-22T18:01:20","date_gmt":"2021-02-22T17:01:20","guid":{"rendered":"https:\/\/www.web-rr.de\/GHS-Buecherei\/?page_id=3062"},"modified":"2021-02-26T18:53:29","modified_gmt":"2021-02-26T17:53:29","slug":"p9783833734540","status":"publish","type":"page","link":"https:\/\/www.web-rr.de\/GHS-Buecherei\/index.php\/p9783833734540\/","title":{"rendered":"Abenteuer 67"},"content":{"rendered":"<table><tbody><tr><td class='rDTitel' colspan='2'>Die kleinen Wilden lassen nicht locker<\/td><\/tr><tr><td><span class='rDLabel1'>Status: <\/span><span class='rDText1Gruen'>vorhanden<\/span><\/td><td><span class='rDLabel1'>Antolin: <\/span><span class='rDText1Gruen'>ja, Empfehlung Klasse 4<\/span><\/td><\/tr><tr><td width=50%><img src='https:\/\/www.web-rr.de\/GHS-Buecherei\/wp-content\/uploads\/9783833734540.jpg' alt=''><\/td><td><p class='rDLabel2'>von <span class='rDText2'>Jackie Niebisch<\/span><\/p><p class='rDLabel2'>Verlag: <span class='rDText2'>Jumbo,  2015<\/span><\/p><p class='rDLabel2'>B\u00fccherei-Barcode: <span class='rDText2'>9783833734540<\/span><\/p><p class='rDLabel2'>In der B\u00fccherei erfasst am: <span class='rDText2'>01.05.2016<\/span><\/p><p class='rDLabel2'>Stichw\u00f6rter: <span class='rDText2'>Wildnis, Mammut<\/span><\/p><p class='rDLabel2'>Lesealter ca. <span class='rDText2'>8<\/span><span class='rDLabel2'> Jahre<\/span><\/p><p class='rDLabel2'>Das Buch wurde <span class='rDText2'>0<\/span><span class='rDLabel2'> mal gelesen.<\/span><\/p><\/td><\/tr><tr><td colspan='2'><p class='rDLabel1'>Inhalt:<\/p><span class='rDText2'>Jeden Morgen treibt die Abenteuerlust die kleinen Wilden aus ihrer warmen H\u00f6hle. Aber nicht, um Beeren zu pfl\u00fccken, wie von den Eltern gew\u00fcnscht, sondern, um lieber das gro\u00dfe Mammut zu jagen. Denn schlie\u00dflich sind sie ja nicht nur Sammler, sondern auch J\u00e4ger, oder?Obwohl sie \u00e4u\u00dferst erfinderisch sind, ist ihnen das Mammut immer (um ein paar Tonnen Gewicht) und um eine R\u00fcssell\u00e4nge voraus.<\/span><\/td><\/tr><tr><td colspan='2'><a href='#' onclick='history.back(); return false'>Zur\u00fcck<\/a><\/td><\/tr><\/tbody><\/table>\n","protected":false},"excerpt":{"rendered":"","protected":false},"author":1,"featured_media":0,"parent":0,"menu_order":0,"comment_status":"closed","ping_status":"closed","template":"","meta":[],"_links":{"self":[{"href":"https:\/\/www.web-rr.de\/GHS-Buecherei\/index.php\/wp-json\/wp\/v2\/pages\/3062"}],"collection":[{"href":"https:\/\/www.web-rr.de\/GHS-Buecherei\/index.php\/wp-json\/wp\/v2\/pages"}],"about":[{"href":"https:\/\/www.web-rr.de\/GHS-Buecherei\/index.php\/wp-json\/wp\/v2\/types\/page"}],"author":[{"embeddable":true,"href":"https:\/\/www.web-rr.de\/GHS-Buecherei\/index.php\/wp-json\/wp\/v2\/users\/1"}],"replies":[{"embeddable":true,"href":"https:\/\/www.web-rr.de\/GHS-Buecherei\/index.php\/wp-json\/wp\/v2\/comments?post=3062"}],"version-history":[{"count":0,"href":"https:\/\/www.web-rr.de\/GHS-Buecherei\/index.php\/wp-json\/wp\/v2\/pages\/3062\/revisions"}],"wp:attachment":[{"href":"https:\/\/www.web-rr.de\/GHS-Buecherei\/index.php\/wp-json\/wp\/v2\/media?parent=3062"}],"curies":[{"name":"wp","href":"https:\/\/api.w.org\/{rel}","templated":true}]}}