{"id":3060,"date":"2021-02-22T18:00:41","date_gmt":"2021-02-22T17:00:41","guid":{"rendered":"https:\/\/www.web-rr.de\/GHS-Buecherei\/?page_id=3060"},"modified":"2021-02-26T18:53:23","modified_gmt":"2021-02-26T17:53:23","slug":"p9783423716192","status":"publish","type":"page","link":"https:\/\/www.web-rr.de\/GHS-Buecherei\/index.php\/p9783423716192\/","title":{"rendered":"Abenteuer 66"},"content":{"rendered":"<table><tbody><tr><td class='rDTitel' colspan='2'>Der Kirchendieb: Ein Abenteuer aus dem Mittelalter<\/td><\/tr><tr><td><span class='rDLabel1'>Status: <\/span><span class='rDText1Gruen'>vorhanden<\/span><\/td><td><span class='rDLabel1'>Antolin: <\/span><span class='rDText1Gruen'>ja, Empfehlung Klasse 4<\/span><\/td><\/tr><tr><td width=50%><img src='https:\/\/www.web-rr.de\/GHS-Buecherei\/wp-content\/uploads\/9783423716192.jpg' alt=''><\/td><td><p class='rDLabel2'>von <span class='rDText2'>Claudia Frieser<\/span><\/p><p class='rDLabel2'>Verlag: <span class='rDText2'>dtv Verlagsgesellschaft,  2015<\/span><\/p><p class='rDLabel2'>B\u00fccherei-Barcode: <span class='rDText2'>9783423716192<\/span><\/p><p class='rDLabel2'>In der B\u00fccherei erfasst am: <span class='rDText2'>01.05.2016<\/span><\/p><p class='rDLabel2'>Stichw\u00f6rter: <span class='rDText2'>Mittelalter<\/span><\/p><p class='rDLabel2'>Lesealter ca. <span class='rDText2'>8<\/span><span class='rDLabel2'> Jahre<\/span><\/p><p class='rDLabel2'>Das Buch wurde <span class='rDText2'>0<\/span><span class='rDLabel2'> mal gelesen.<\/span><\/p><\/td><\/tr><tr><td colspan='2'><p class='rDLabel1'>Inhalt:<\/p><span class='rDText2'>Ein Abenteuer aus dem MittelalterK\u00f6ln, 1445: Die zehnj\u00e4hrige Johanna riskiert viel, um lesen und schreiben zu lernen. Nur nachts bleibt ihr daf\u00fcr Zeit, tags\u00fcber schuftet sie als Magd bei einem Kaufmann. Klare Sache, dass sie ihre n\u00e4chtlichen Aktivit\u00e4ten verheimlichen muss. Doch als sie im Dom eine Kerze \u00bbausleihen\u00ab will, um lesen zu \u00fcben, \u00fcberrascht sie einen echten Dieb \u2013 ausgerechnet den Lehrer des Kaufmannssohns. Jetzt sitzt Johanna richtig in der Patsche.<\/span><\/td><\/tr><tr><td colspan='2'><a href='#' onclick='history.back(); return false'>Zur\u00fcck<\/a><\/td><\/tr><\/tbody><\/table>\n","protected":false},"excerpt":{"rendered":"","protected":false},"author":1,"featured_media":0,"parent":0,"menu_order":0,"comment_status":"closed","ping_status":"closed","template":"","meta":[],"_links":{"self":[{"href":"https:\/\/www.web-rr.de\/GHS-Buecherei\/index.php\/wp-json\/wp\/v2\/pages\/3060"}],"collection":[{"href":"https:\/\/www.web-rr.de\/GHS-Buecherei\/index.php\/wp-json\/wp\/v2\/pages"}],"about":[{"href":"https:\/\/www.web-rr.de\/GHS-Buecherei\/index.php\/wp-json\/wp\/v2\/types\/page"}],"author":[{"embeddable":true,"href":"https:\/\/www.web-rr.de\/GHS-Buecherei\/index.php\/wp-json\/wp\/v2\/users\/1"}],"replies":[{"embeddable":true,"href":"https:\/\/www.web-rr.de\/GHS-Buecherei\/index.php\/wp-json\/wp\/v2\/comments?post=3060"}],"version-history":[{"count":0,"href":"https:\/\/www.web-rr.de\/GHS-Buecherei\/index.php\/wp-json\/wp\/v2\/pages\/3060\/revisions"}],"wp:attachment":[{"href":"https:\/\/www.web-rr.de\/GHS-Buecherei\/index.php\/wp-json\/wp\/v2\/media?parent=3060"}],"curies":[{"name":"wp","href":"https:\/\/api.w.org\/{rel}","templated":true}]}}