{"id":3052,"date":"2021-02-22T17:57:39","date_gmt":"2021-02-22T16:57:39","guid":{"rendered":"https:\/\/www.web-rr.de\/GHS-Buecherei\/?page_id=3052"},"modified":"2021-02-26T18:52:52","modified_gmt":"2021-02-26T17:52:52","slug":"p9783800057177","status":"publish","type":"page","link":"https:\/\/www.web-rr.de\/GHS-Buecherei\/index.php\/p9783800057177\/","title":{"rendered":"Abenteuer 62"},"content":{"rendered":"<table><tbody><tr><td class='rDTitel' colspan='2'>Hilfe, Lanzelot ist geschrumpft!: Merlin!<\/td><\/tr><tr><td><span class='rDLabel1'>Status: <\/span><span class='rDText1Gruen'>vorhanden<\/span><\/td><td><span class='rDLabel1'>Antolin: <\/span><span class='rDText1Gruen'>ja, Empfehlung Klasse 4<\/span><\/td><\/tr><tr><td width=50%><img src='https:\/\/www.web-rr.de\/GHS-Buecherei\/wp-content\/uploads\/9783800057177.jpg' alt=''><\/td><td><p class='rDLabel2'>von <span class='rDText2'>Marc Cantin<\/span><\/p><p class='rDLabel2'>Verlag: <span class='rDText2'>Ueberreuter, Carl, Verlag GmbH,  2013,  8.95 \u20ac<\/span><\/p><p class='rDLabel2'>B\u00fccherei-Barcode: <span class='rDText2'>9783800057177<\/span><\/p><p class='rDLabel2'>In der B\u00fccherei erfasst am: <span class='rDText2'>01.03.2015<\/span><\/p><p class='rDLabel2'>Stichw\u00f6rter: <span class='rDText2'>Mittelalter, Ritter, Merlin, Lanzelot, Artus, Tafelrunde<\/span><\/p><p class='rDLabel2'>Lesealter ca. <span class='rDText2'>8<\/span><span class='rDLabel2'> Jahre<\/span><\/p><p class='rDLabel2'>Das Buch wurde <span class='rDText2'>0<\/span><span class='rDLabel2'> mal gelesen.<\/span><\/p><\/td><\/tr><tr><td colspan='2'><p class='rDLabel1'>Inhalt:<\/p><span class='rDText2'>Endlich reich! Zumindest wenn Merlin das Elixier aus dem Jungbrunnen, von dem Opa Pokus ihm erz\u00e4hlt hat, verkauft. Doch die Quelle wird von einem Zwerg mit einer riesigen Kampfkeule bewacht. Lanzelot, Ritter aus Leidenschaft, muss als Verst\u00e4rkung mit. Bl\u00f6d nur, dass der gleich mal in den Brunnen f\u00e4llt \u2013 und als geschrumpfter Baby-Lanzelot wieder auftaucht! Na, das kann ja heiter werden \u2026<\/span><\/td><\/tr><tr><td colspan='2'><a href='#' onclick='history.back(); return false'>Zur\u00fcck<\/a><\/td><\/tr><\/tbody><\/table>\n","protected":false},"excerpt":{"rendered":"","protected":false},"author":1,"featured_media":0,"parent":0,"menu_order":0,"comment_status":"closed","ping_status":"closed","template":"","meta":[],"_links":{"self":[{"href":"https:\/\/www.web-rr.de\/GHS-Buecherei\/index.php\/wp-json\/wp\/v2\/pages\/3052"}],"collection":[{"href":"https:\/\/www.web-rr.de\/GHS-Buecherei\/index.php\/wp-json\/wp\/v2\/pages"}],"about":[{"href":"https:\/\/www.web-rr.de\/GHS-Buecherei\/index.php\/wp-json\/wp\/v2\/types\/page"}],"author":[{"embeddable":true,"href":"https:\/\/www.web-rr.de\/GHS-Buecherei\/index.php\/wp-json\/wp\/v2\/users\/1"}],"replies":[{"embeddable":true,"href":"https:\/\/www.web-rr.de\/GHS-Buecherei\/index.php\/wp-json\/wp\/v2\/comments?post=3052"}],"version-history":[{"count":0,"href":"https:\/\/www.web-rr.de\/GHS-Buecherei\/index.php\/wp-json\/wp\/v2\/pages\/3052\/revisions"}],"wp:attachment":[{"href":"https:\/\/www.web-rr.de\/GHS-Buecherei\/index.php\/wp-json\/wp\/v2\/media?parent=3052"}],"curies":[{"name":"wp","href":"https:\/\/api.w.org\/{rel}","templated":true}]}}