{"id":3047,"date":"2021-02-22T17:55:55","date_gmt":"2021-02-22T16:55:55","guid":{"rendered":"https:\/\/www.web-rr.de\/GHS-Buecherei\/?page_id=3047"},"modified":"2021-02-26T18:52:41","modified_gmt":"2021-02-26T17:52:41","slug":"p9783417285833","status":"publish","type":"page","link":"https:\/\/www.web-rr.de\/GHS-Buecherei\/index.php\/p9783417285833\/","title":{"rendered":"Abenteuer 60"},"content":{"rendered":"<table><tbody><tr><td class='rDTitel' colspan='2'>Rikki und der Schatz der L\u00f6wen<\/td><\/tr><tr><td><span class='rDLabel1'>Status: <\/span><span class='rDText1Gruen'>vorhanden<\/span><\/td><td><span class='rDLabel1'>Antolin: <\/span><span class='rDText1Gruen'>ja, Empfehlung Klasse 3<\/span><\/td><\/tr><tr><td width=50%><img src='https:\/\/www.web-rr.de\/GHS-Buecherei\/wp-content\/uploads\/9783417285833.jpg' alt=''><\/td><td><p class='rDLabel2'>von <span class='rDText2'>Rahel Tr\u00e4ger<\/span><\/p><p class='rDLabel2'>Verlag: <span class='rDText2'>SCM R. Brockhaus,  2013,  7.95 \u20ac<\/span><\/p><p class='rDLabel2'>B\u00fccherei-Barcode: <span class='rDText2'>9783417285833<\/span><\/p><p class='rDLabel2'>In der B\u00fccherei erfasst am: <span class='rDText2'>01.03.2015<\/span><\/p><p class='rDLabel2'>Stichw\u00f6rter: <span class='rDText2'>Detektiv, andes sein, Freundschaft, Behinderung<\/span><\/p><p class='rDLabel2'>Lesealter ca. <span class='rDText2'>7<\/span><span class='rDLabel2'> Jahre<\/span><\/p><p class='rDLabel2'>Das Buch wurde <span class='rDText2'>1<\/span><span class='rDLabel2'> mal gelesen.<\/span><\/p><\/td><\/tr><tr><td colspan='2'><p class='rDLabel1'>Inhalt:<\/p><span class='rDText2'>Rikki, Pit und Serafina sind alle drei ziemlich besonders: Rikki, weil er auf vier R\u00e4dern durch dieWeltgeschichte rollt, Pit, weil seine Ma\u00dfe nicht unbedingt Modelqualit\u00e4ten haben, und Serafina, weilsie in Sachen Mode als K\u00fcnstlerkind sehr eigene Vorstellungen von Stil hat. F\u00fcr ein Schulprojekttun sich die drei notgedrungen zusammen. Sie sollen etwas \u00fcber ihr Dorf erforschen, das mindestens500 Jahre alt ist. In der Klosterkirche werden sie auf die Inschrift einer alten Steinplatteaufmerksam. Bei ihren Nachforschungen decken sie Zusammenh\u00e4nge auf, die bis weit ins Mittelalterhineinreichen - und nicht nur mit der Sage um einen Goldschatz von Kaiser Friedrich II, sondernoffenbar auch mit Rikkis eigener Familiengeschichte verkn\u00fcpft sind \u2026<\/span><\/td><\/tr><tr><td colspan='2'><a href='#' onclick='history.back(); return false'>Zur\u00fcck<\/a><\/td><\/tr><\/tbody><\/table>\n","protected":false},"excerpt":{"rendered":"","protected":false},"author":1,"featured_media":0,"parent":0,"menu_order":0,"comment_status":"closed","ping_status":"closed","template":"","meta":[],"_links":{"self":[{"href":"https:\/\/www.web-rr.de\/GHS-Buecherei\/index.php\/wp-json\/wp\/v2\/pages\/3047"}],"collection":[{"href":"https:\/\/www.web-rr.de\/GHS-Buecherei\/index.php\/wp-json\/wp\/v2\/pages"}],"about":[{"href":"https:\/\/www.web-rr.de\/GHS-Buecherei\/index.php\/wp-json\/wp\/v2\/types\/page"}],"author":[{"embeddable":true,"href":"https:\/\/www.web-rr.de\/GHS-Buecherei\/index.php\/wp-json\/wp\/v2\/users\/1"}],"replies":[{"embeddable":true,"href":"https:\/\/www.web-rr.de\/GHS-Buecherei\/index.php\/wp-json\/wp\/v2\/comments?post=3047"}],"version-history":[{"count":0,"href":"https:\/\/www.web-rr.de\/GHS-Buecherei\/index.php\/wp-json\/wp\/v2\/pages\/3047\/revisions"}],"wp:attachment":[{"href":"https:\/\/www.web-rr.de\/GHS-Buecherei\/index.php\/wp-json\/wp\/v2\/media?parent=3047"}],"curies":[{"name":"wp","href":"https:\/\/api.w.org\/{rel}","templated":true}]}}