{"id":3039,"date":"2021-02-22T17:53:12","date_gmt":"2021-02-22T16:53:12","guid":{"rendered":"https:\/\/www.web-rr.de\/GHS-Buecherei\/?page_id=3039"},"modified":"2021-02-26T18:52:15","modified_gmt":"2021-02-26T17:52:15","slug":"p9783935265584","status":"publish","type":"page","link":"https:\/\/www.web-rr.de\/GHS-Buecherei\/index.php\/p9783935265584\/","title":{"rendered":"Abenteuer 56"},"content":{"rendered":"<table><tbody><tr><td class='rDTitel' colspan='2'>Der kleine Ritter Apfelmus<\/td><\/tr><tr><td><span class='rDLabel1'>Status: <\/span><span class='rDText1Gruen'>vorhanden<\/span><\/td><td><span class='rDLabel1'>Antolin: <\/span><span class='rDText1Gruen'>ja, Empfehlung Klasse 3<\/span><\/td><\/tr><tr><td width=50%><img src='https:\/\/www.web-rr.de\/GHS-Buecherei\/wp-content\/uploads\/9783935265584.jpg' alt=''><\/td><td><p class='rDLabel2'>von <span class='rDText2'>Stefan Schwinn<\/span><\/p><p class='rDLabel2'>Verlag: <span class='rDText2'>Edition Zweihorn,  2011,  5.95 \u20ac<\/span><\/p><p class='rDLabel2'>B\u00fccherei-Barcode: <span class='rDText2'>9783935265584<\/span><\/p><p class='rDLabel2'>In der B\u00fccherei erfasst am: <span class='rDText2'>01.04.2013<\/span><\/p><p class='rDLabel2'>Stichw\u00f6rter: <span class='rDText2'>Mittelalter<\/span><\/p><p class='rDLabel2'>Lesealter ca. <span class='rDText2'>7<\/span><span class='rDLabel2'> Jahre<\/span><\/p><p class='rDLabel2'>Das Buch wurde <span class='rDText2'>0<\/span><span class='rDLabel2'> mal gelesen.<\/span><\/p><\/td><\/tr><tr><td colspan='2'><p class='rDLabel1'>Inhalt:<\/p><span class='rDText2'>Auf einer sch\u00e4bigen Burg soll der kleine Ritter Apfelmus lernen, ein gef\u00e4hrlicher Raubritter zu werden. Eigentlich macht er viel lieber Bl\u00f6dsinn, f\u00e4hrt auf seinem roten Rollbrett ratternd durch den Burghof, spielt auf der Laute \u2013 oder kocht! Aber dann findet er einen ungew\u00f6hnlichen neuen Freund, und gemeinsam machen sie sich auf, den Grimmigen Gunther auf dessen Burg Donnerunddoria das F\u00fcrchten zu lehren \u2026<\/span><\/td><\/tr><tr><td colspan='2'><a href='#' onclick='history.back(); return false'>Zur\u00fcck<\/a><\/td><\/tr><\/tbody><\/table>\n","protected":false},"excerpt":{"rendered":"","protected":false},"author":1,"featured_media":0,"parent":0,"menu_order":0,"comment_status":"closed","ping_status":"closed","template":"","meta":[],"_links":{"self":[{"href":"https:\/\/www.web-rr.de\/GHS-Buecherei\/index.php\/wp-json\/wp\/v2\/pages\/3039"}],"collection":[{"href":"https:\/\/www.web-rr.de\/GHS-Buecherei\/index.php\/wp-json\/wp\/v2\/pages"}],"about":[{"href":"https:\/\/www.web-rr.de\/GHS-Buecherei\/index.php\/wp-json\/wp\/v2\/types\/page"}],"author":[{"embeddable":true,"href":"https:\/\/www.web-rr.de\/GHS-Buecherei\/index.php\/wp-json\/wp\/v2\/users\/1"}],"replies":[{"embeddable":true,"href":"https:\/\/www.web-rr.de\/GHS-Buecherei\/index.php\/wp-json\/wp\/v2\/comments?post=3039"}],"version-history":[{"count":0,"href":"https:\/\/www.web-rr.de\/GHS-Buecherei\/index.php\/wp-json\/wp\/v2\/pages\/3039\/revisions"}],"wp:attachment":[{"href":"https:\/\/www.web-rr.de\/GHS-Buecherei\/index.php\/wp-json\/wp\/v2\/media?parent=3039"}],"curies":[{"name":"wp","href":"https:\/\/api.w.org\/{rel}","templated":true}]}}