{"id":3037,"date":"2021-02-22T17:52:33","date_gmt":"2021-02-22T16:52:33","guid":{"rendered":"https:\/\/www.web-rr.de\/GHS-Buecherei\/?page_id=3037"},"modified":"2021-02-26T18:52:11","modified_gmt":"2021-02-26T17:52:11","slug":"p9783499215698","status":"publish","type":"page","link":"https:\/\/www.web-rr.de\/GHS-Buecherei\/index.php\/p9783499215698\/","title":{"rendered":"Abenteuer 55"},"content":{"rendered":"<table><tbody><tr><td class='rDTitel' colspan='2'>Mama ist Geheimagentin<\/td><\/tr><tr><td><span class='rDLabel1'>Status: <\/span><span class='rDText1Gruen'>vorhanden<\/span><\/td><td><span class='rDLabel1'>Antolin: <\/span><span class='rDText1Gruen'>ja, Empfehlung Klasse 4<\/span><\/td><\/tr><tr><td width=50%><img src='https:\/\/www.web-rr.de\/GHS-Buecherei\/wp-content\/uploads\/9783499215698.jpg' alt=''><\/td><td><p class='rDLabel2'>von <span class='rDText2'>Sylvia Heinlein<\/span><\/p><p class='rDLabel2'>Verlag: <span class='rDText2'>rororo,  2011,  9.99 \u20ac<\/span><\/p><p class='rDLabel2'>B\u00fccherei-Barcode: <span class='rDText2'>9783499215698<\/span><\/p><p class='rDLabel2'>In der B\u00fccherei erfasst am: <span class='rDText2'>01.04.2013<\/span><\/p><p class='rDLabel2'>Stichw\u00f6rter: <span class='rDText2'>Detektiv, Eltern<\/span><\/p><p class='rDLabel2'>Lesealter ca. <span class='rDText2'>8<\/span><span class='rDLabel2'> Jahre<\/span><\/p><p class='rDLabel2'>Das Buch wurde <span class='rDText2'>2<\/span><span class='rDLabel2'> mal gelesen.<\/span><\/p><\/td><\/tr><tr><td colspan='2'><p class='rDLabel1'>Inhalt:<\/p><span class='rDText2'>Lus Mama ist Putzfrau, und damit ist Lu total zufrieden. Bis er auf die Idee kommt, hinter diesem Beruf k\u00f6nnte etwas anderes stecken. Etwas viel Spannenderes. War- um spricht Mama zum Beispiel so viele Sprachen? Weshalb kann sie so gut klettern und Karate? Und was haben all diese geheimnisvollen Telefonanrufe zu bedeuten? Die Antwort ist klar: Mama ist Geheimagentin. Auch wenn siedas nicht zugeben will. Da m\u00fcssen Lu und seine Freundin Tomma sie eben auf frischer Tat ertappen.Und tats\u00e4chlich sammeln diebei- den jede Menge aufregender Beweise. Jetzt wei\u00df Lu also wirklich Bescheid ... oder?<\/span><\/td><\/tr><tr><td colspan='2'><a href='#' onclick='history.back(); return false'>Zur\u00fcck<\/a><\/td><\/tr><\/tbody><\/table>\n","protected":false},"excerpt":{"rendered":"","protected":false},"author":1,"featured_media":0,"parent":0,"menu_order":0,"comment_status":"closed","ping_status":"closed","template":"","meta":[],"_links":{"self":[{"href":"https:\/\/www.web-rr.de\/GHS-Buecherei\/index.php\/wp-json\/wp\/v2\/pages\/3037"}],"collection":[{"href":"https:\/\/www.web-rr.de\/GHS-Buecherei\/index.php\/wp-json\/wp\/v2\/pages"}],"about":[{"href":"https:\/\/www.web-rr.de\/GHS-Buecherei\/index.php\/wp-json\/wp\/v2\/types\/page"}],"author":[{"embeddable":true,"href":"https:\/\/www.web-rr.de\/GHS-Buecherei\/index.php\/wp-json\/wp\/v2\/users\/1"}],"replies":[{"embeddable":true,"href":"https:\/\/www.web-rr.de\/GHS-Buecherei\/index.php\/wp-json\/wp\/v2\/comments?post=3037"}],"version-history":[{"count":0,"href":"https:\/\/www.web-rr.de\/GHS-Buecherei\/index.php\/wp-json\/wp\/v2\/pages\/3037\/revisions"}],"wp:attachment":[{"href":"https:\/\/www.web-rr.de\/GHS-Buecherei\/index.php\/wp-json\/wp\/v2\/media?parent=3037"}],"curies":[{"name":"wp","href":"https:\/\/api.w.org\/{rel}","templated":true}]}}