{"id":3033,"date":"2021-02-22T17:51:14","date_gmt":"2021-02-22T16:51:14","guid":{"rendered":"https:\/\/www.web-rr.de\/GHS-Buecherei\/?page_id=3033"},"modified":"2021-02-26T18:52:01","modified_gmt":"2021-02-26T17:52:01","slug":"p9783760763750","status":"publish","type":"page","link":"https:\/\/www.web-rr.de\/GHS-Buecherei\/index.php\/p9783760763750\/","title":{"rendered":"Abenteuer 53"},"content":{"rendered":"<table><tbody><tr><td class='rDTitel' colspan='2'>Echte Helden. In den F\u00e4ngen des Roten Sheriffs<\/td><\/tr><tr><td><span class='rDLabel1'>Status: <\/span><span class='rDText1Gruen'>vorhanden<\/span><\/td><td><span class='rDLabel1'>Antolin: <\/span><span class='rDText1Gruen'>ja, Empfehlung Klasse 4<\/span><\/td><\/tr><tr><td width=50%><img src='https:\/\/www.web-rr.de\/GHS-Buecherei\/wp-content\/uploads\/9783760763750.jpg' alt=''><\/td><td><p class='rDLabel2'>von <span class='rDText2'>Tina Zang<\/span><\/p><p class='rDLabel2'>Verlag: <span class='rDText2'>arsEdition,  2011,  9.95 \u20ac<\/span><\/p><p class='rDLabel2'>B\u00fccherei-Barcode: <span class='rDText2'>9783760763750<\/span><\/p><p class='rDLabel2'>In der B\u00fccherei erfasst am: <span class='rDText2'>01.04.2013<\/span><\/p><p class='rDLabel2'>Stichw\u00f6rter: <span class='rDText2'>Wild West, Western, Cowboy<\/span><\/p><p class='rDLabel2'>Lesealter ca. <span class='rDText2'>8<\/span><span class='rDLabel2'> Jahre<\/span><\/p><p class='rDLabel2'>Das Buch wurde <span class='rDText2'>1<\/span><span class='rDLabel2'> mal gelesen.<\/span><\/p><\/td><\/tr><tr><td colspan='2'><p class='rDLabel1'>Inhalt:<\/p><span class='rDText2'>Echte Helden halten zusammen! Nachdem Ulli und seine Freunde auf dem Abenteuerspielplatz den Heldenschwur gesprochen haben, finden sie sich in einer fremden Welt wieder, die von Roten Sheriffs beherrscht wird. Dort braucht ein verfolgter Biber dringend ihre Hilfe! Ob die Echten Helden den frechen Nager vor den gef\u00e4hrlichen Sheriffs besch\u00fctzen k\u00f6nnen? Geh mit den Echten Helden auf Abenteuerkurs!<\/span><\/td><\/tr><tr><td colspan='2'><a href='#' onclick='history.back(); return false'>Zur\u00fcck<\/a><\/td><\/tr><\/tbody><\/table>\n","protected":false},"excerpt":{"rendered":"","protected":false},"author":1,"featured_media":0,"parent":0,"menu_order":0,"comment_status":"closed","ping_status":"closed","template":"","meta":[],"_links":{"self":[{"href":"https:\/\/www.web-rr.de\/GHS-Buecherei\/index.php\/wp-json\/wp\/v2\/pages\/3033"}],"collection":[{"href":"https:\/\/www.web-rr.de\/GHS-Buecherei\/index.php\/wp-json\/wp\/v2\/pages"}],"about":[{"href":"https:\/\/www.web-rr.de\/GHS-Buecherei\/index.php\/wp-json\/wp\/v2\/types\/page"}],"author":[{"embeddable":true,"href":"https:\/\/www.web-rr.de\/GHS-Buecherei\/index.php\/wp-json\/wp\/v2\/users\/1"}],"replies":[{"embeddable":true,"href":"https:\/\/www.web-rr.de\/GHS-Buecherei\/index.php\/wp-json\/wp\/v2\/comments?post=3033"}],"version-history":[{"count":0,"href":"https:\/\/www.web-rr.de\/GHS-Buecherei\/index.php\/wp-json\/wp\/v2\/pages\/3033\/revisions"}],"wp:attachment":[{"href":"https:\/\/www.web-rr.de\/GHS-Buecherei\/index.php\/wp-json\/wp\/v2\/media?parent=3033"}],"curies":[{"name":"wp","href":"https:\/\/api.w.org\/{rel}","templated":true}]}}