{"id":3031,"date":"2021-02-22T17:50:31","date_gmt":"2021-02-22T16:50:31","guid":{"rendered":"https:\/\/www.web-rr.de\/GHS-Buecherei\/?page_id=3031"},"modified":"2021-02-26T18:51:56","modified_gmt":"2021-02-26T17:51:56","slug":"p9783861960621","status":"publish","type":"page","link":"https:\/\/www.web-rr.de\/GHS-Buecherei\/index.php\/p9783861960621\/","title":{"rendered":"Abenteuer 52"},"content":{"rendered":"<table><tbody><tr><td class='rDTitel' colspan='2'>Bono und Ora: Der Schatz der Insel KaSaLu<\/td><\/tr><tr><td><span class='rDLabel1'>Status: <\/span><span class='rDText1Gruen'>vorhanden<\/span><\/td><td><span class='rDLabel1'>Antolin: <\/span><span class='rDText1Gruen'>ja, Empfehlung Klasse 2<\/span><\/td><\/tr><tr><td width=50%><img src='https:\/\/www.web-rr.de\/GHS-Buecherei\/wp-content\/uploads\/9783861960621.jpg' alt=''><\/td><td><p class='rDLabel2'>von <span class='rDText2'>Tanja Maria P\u00fctz<\/span><\/p><p class='rDLabel2'>Verlag: <span class='rDText2'>Papierfresserchens MTM-Verlag,  2011,  15.50 \u20ac<\/span><\/p><p class='rDLabel2'>B\u00fccherei-Barcode: <span class='rDText2'>9783861960621<\/span><\/p><p class='rDLabel2'>In der B\u00fccherei erfasst am: <span class='rDText2'>01.04.2013<\/span><\/p><p class='rDLabel2'>Stichw\u00f6rter: <span class='rDText2'><\/span><\/p><p class='rDLabel2'>Lesealter ca. <span class='rDText2'>6<\/span><span class='rDLabel2'> Jahre<\/span><\/p><p class='rDLabel2'>Das Buch wurde <span class='rDText2'>2<\/span><span class='rDLabel2'> mal gelesen.<\/span><\/p><\/td><\/tr><tr><td colspan='2'><p class='rDLabel1'>Inhalt:<\/p><span class='rDText2'>Auf der Insel KaSaLu soll es einen ganz besonderen Schatz geben. Dar\u00fcber hat Bono in einem Buch gelesen. Deshalb reist er auf die Insel KaSaLu und lernt dort den lustigen, immer hungrigen Wasserdrachen Ora kennen. Zusammen erleben sie ein spannendes Abenteuer, das sie einmal \u00fcber die Insel f\u00fchrt und bei dem sie so manche schwere H\u00fcrde zu \u00fcberwinden haben. So m\u00fcssen sie sich beispielsweise immer wieder gegen den b\u00f6se Brotos und seine Schattenmonster verteidigen. Der r\u00e4tselhafte See und der verzauberte Wald erschweren ihre Suche auch ungemein. Und sie begegnen vielen interessanten Bewohnern der Insel, so z.B. den verwirrenden Waldlingen oder dem kleinen Bergdrachen Nico. Und schlie\u00dflich finden sie den Schatz der Insel KaSaLu, der so ganz anders ist, als sie erwartet haben! Eine wahrhaft magische Geschichte ... Insel, Drache, Wasserdrache, Ostern, R\u00e4tsel, Schulprojekt, Lesef\u00f6rderung, Lehrerheft, Schreibprojekt, Klassenarbeit, Fantasy, Kinderfantasy, Abenteuer<\/span><\/td><\/tr><tr><td colspan='2'><a href='#' onclick='history.back(); return false'>Zur\u00fcck<\/a><\/td><\/tr><\/tbody><\/table>\n","protected":false},"excerpt":{"rendered":"","protected":false},"author":1,"featured_media":0,"parent":0,"menu_order":0,"comment_status":"closed","ping_status":"closed","template":"","meta":[],"_links":{"self":[{"href":"https:\/\/www.web-rr.de\/GHS-Buecherei\/index.php\/wp-json\/wp\/v2\/pages\/3031"}],"collection":[{"href":"https:\/\/www.web-rr.de\/GHS-Buecherei\/index.php\/wp-json\/wp\/v2\/pages"}],"about":[{"href":"https:\/\/www.web-rr.de\/GHS-Buecherei\/index.php\/wp-json\/wp\/v2\/types\/page"}],"author":[{"embeddable":true,"href":"https:\/\/www.web-rr.de\/GHS-Buecherei\/index.php\/wp-json\/wp\/v2\/users\/1"}],"replies":[{"embeddable":true,"href":"https:\/\/www.web-rr.de\/GHS-Buecherei\/index.php\/wp-json\/wp\/v2\/comments?post=3031"}],"version-history":[{"count":0,"href":"https:\/\/www.web-rr.de\/GHS-Buecherei\/index.php\/wp-json\/wp\/v2\/pages\/3031\/revisions"}],"wp:attachment":[{"href":"https:\/\/www.web-rr.de\/GHS-Buecherei\/index.php\/wp-json\/wp\/v2\/media?parent=3031"}],"curies":[{"name":"wp","href":"https:\/\/api.w.org\/{rel}","templated":true}]}}