{"id":3026,"date":"2021-02-22T17:45:26","date_gmt":"2021-02-22T16:45:26","guid":{"rendered":"https:\/\/www.web-rr.de\/GHS-Buecherei\/?page_id=3026"},"modified":"2021-02-26T18:51:45","modified_gmt":"2021-02-26T17:51:45","slug":"p9783785574195","status":"publish","type":"page","link":"https:\/\/www.web-rr.de\/GHS-Buecherei\/index.php\/p9783785574195\/","title":{"rendered":"Abenteuer 50"},"content":{"rendered":"<table><tbody><tr><td class='rDTitel' colspan='2'>Tarax, Klauen der Finsternis<\/td><\/tr><tr><td><span class='rDLabel1'>Status: <\/span><span class='rDText1Gruen'>vorhanden<\/span><\/td><td><span class='rDLabel1'>Antolin: <\/span><span class='rDText1Gruen'>ja, Empfehlung Klasse 5<\/span><\/td><\/tr><tr><td width=50%><img src='https:\/\/www.web-rr.de\/GHS-Buecherei\/wp-content\/uploads\/9783785574195.jpg' alt=''><\/td><td><p class='rDLabel2'>von <span class='rDText2'>Adam Blade<\/span><\/p><p class='rDLabel2'>Verlag: <span class='rDText2'>Loewe Verlag,  2012,  8.90 \u20ac<\/span><\/p><p class='rDLabel2'>B\u00fccherei-Barcode: <span class='rDText2'>9783785574195<\/span><\/p><p class='rDLabel2'>In der B\u00fccherei erfasst am: <span class='rDText2'>01.04.2013<\/span><\/p><p class='rDLabel2'>Stichw\u00f6rter: <span class='rDText2'>Drachen, Monster, Ungeheuer, Fantasy<\/span><\/p><p class='rDLabel2'>Lesealter ca. <span class='rDText2'>9<\/span><span class='rDLabel2'> Jahre<\/span><\/p><p class='rDLabel2'>Das Buch wurde <span class='rDText2'>16<\/span><span class='rDLabel2'> mal gelesen.<\/span><\/p><\/td><\/tr><tr><td colspan='2'><p class='rDLabel1'>Inhalt:<\/p><span class='rDText2'>Seine neue Mission f\u00fchrt Tom zur\u00fcck nach Avantia. Dort muss er die Geisterbiester bek\u00e4mpfen, um die Teile eines magischen Amuletts zu erhalten. Nur mit dessen Hilfe kann er seinen Vater Taladon befreien.Tom steht vor dem Kampf mit Tarax, dem schrecklichen H\u00f6hlentroll. Dieser verwandelt jeden in Stein, der ihm vor seine langen Krallen ger\u00e4t. Wird Tom es schaffen, lebend aus der H\u00f6hle des Biests zu entkommen und Tarax zu besiegen? Actionreiche Fantasy, spannende Missionen und gef\u00e4hrliche Biester! Die erfolgreiche Kinderbuchreihe mit zahlreichen Illustrationen ist besonders f\u00fcr Jungs ab 8 Jahren geeignet.<\/span><\/td><\/tr><tr><td colspan='2'><a href='#' onclick='history.back(); return false'>Zur\u00fcck<\/a><\/td><\/tr><\/tbody><\/table>\n","protected":false},"excerpt":{"rendered":"","protected":false},"author":1,"featured_media":0,"parent":0,"menu_order":0,"comment_status":"closed","ping_status":"closed","template":"","meta":[],"_links":{"self":[{"href":"https:\/\/www.web-rr.de\/GHS-Buecherei\/index.php\/wp-json\/wp\/v2\/pages\/3026"}],"collection":[{"href":"https:\/\/www.web-rr.de\/GHS-Buecherei\/index.php\/wp-json\/wp\/v2\/pages"}],"about":[{"href":"https:\/\/www.web-rr.de\/GHS-Buecherei\/index.php\/wp-json\/wp\/v2\/types\/page"}],"author":[{"embeddable":true,"href":"https:\/\/www.web-rr.de\/GHS-Buecherei\/index.php\/wp-json\/wp\/v2\/users\/1"}],"replies":[{"embeddable":true,"href":"https:\/\/www.web-rr.de\/GHS-Buecherei\/index.php\/wp-json\/wp\/v2\/comments?post=3026"}],"version-history":[{"count":0,"href":"https:\/\/www.web-rr.de\/GHS-Buecherei\/index.php\/wp-json\/wp\/v2\/pages\/3026\/revisions"}],"wp:attachment":[{"href":"https:\/\/www.web-rr.de\/GHS-Buecherei\/index.php\/wp-json\/wp\/v2\/media?parent=3026"}],"curies":[{"name":"wp","href":"https:\/\/api.w.org\/{rel}","templated":true}]}}