{"id":3022,"date":"2021-02-22T17:43:58","date_gmt":"2021-02-22T16:43:58","guid":{"rendered":"https:\/\/www.web-rr.de\/GHS-Buecherei\/?page_id=3022"},"modified":"2021-02-26T18:51:31","modified_gmt":"2021-02-26T17:51:31","slug":"p9783868733242","status":"publish","type":"page","link":"https:\/\/www.web-rr.de\/GHS-Buecherei\/index.php\/p9783868733242\/","title":{"rendered":"Abenteuer 48"},"content":{"rendered":"<table><tbody><tr><td class='rDTitel' colspan='2'>Das Geheimnis der Piratenkinder. Unter der Piratenflagge.<\/td><\/tr><tr><td><span class='rDLabel1'>Status: <\/span><span class='rDText1Gruen'>vorhanden<\/span><\/td><td><span class='rDLabel1'>Antolin: <\/span><span class='rDText1Rot'>Quiz nicht vorhanden.<\/span><\/td><\/tr><tr><td width=50%><img src='https:\/\/www.web-rr.de\/GHS-Buecherei\/wp-content\/uploads\/9783868733242.jpg' alt=''><\/td><td><p class='rDLabel2'>von <span class='rDText2'>Alain Surget<\/span><\/p><p class='rDLabel2'>Verlag: <span class='rDText2'>Knesebeck Verlag,  2011,  14.95 \u20ac<\/span><\/p><p class='rDLabel2'>B\u00fccherei-Barcode: <span class='rDText2'>9783868733242<\/span><\/p><p class='rDLabel2'>In der B\u00fccherei erfasst am: <span class='rDText2'>01.04.2013<\/span><\/p><p class='rDLabel2'>Stichw\u00f6rter: <span class='rDText2'>Seer\u00e4uber, Piraten<\/span><\/p><p class='rDLabel2'>Lesealter ca. <span class='rDText2'>10<\/span><span class='rDLabel2'> Jahre<\/span><\/p><p class='rDLabel2'>Das Buch wurde <span class='rDText2'>0<\/span><span class='rDLabel2'> mal gelesen.<\/span><\/p><\/td><\/tr><tr><td colspan='2'><p class='rDLabel1'>Inhalt:<\/p><span class='rDText2'>Die Zwillinge Louise und Benjamin fliehen aus einem Pariser Waisenhaus, um bis ans Ende der Welt zu reisen. Ein mysteri\u00f6ser alter Mann erkennt in ihnen die Kinder eines ber\u00fchmten Piraten und in ihren Schultertattoos den Schl\u00fcssel zu dessen verschollenem Schatz! Schlie\u00dflich landen sie als wertvolle Fracht auf einem Piratenschiff dem \u00bbW\u00fctenden Floh\u00ab des mysteri\u00f6sen K\u00e4pt'n Schwarzbart. Doch mit der Hilfe eines Freundes ihres Vaters gelingt den Zwillingen die Flucht. Es beginnt die Suche nach dem Vater, bei der sie sich nicht nur aus den F\u00e4ngen eines Geisterschiffs befreien m\u00fcssen, sondern auch neue Dinge \u00fcber sich und ihren geheimnisvollen Vater erfahren. Wird es ihnen gelingen, ihn und seinen Schatz finden?<\/span><\/td><\/tr><tr><td colspan='2'><a href='#' onclick='history.back(); return false'>Zur\u00fcck<\/a><\/td><\/tr><\/tbody><\/table>\n","protected":false},"excerpt":{"rendered":"","protected":false},"author":1,"featured_media":0,"parent":0,"menu_order":0,"comment_status":"closed","ping_status":"closed","template":"","meta":[],"_links":{"self":[{"href":"https:\/\/www.web-rr.de\/GHS-Buecherei\/index.php\/wp-json\/wp\/v2\/pages\/3022"}],"collection":[{"href":"https:\/\/www.web-rr.de\/GHS-Buecherei\/index.php\/wp-json\/wp\/v2\/pages"}],"about":[{"href":"https:\/\/www.web-rr.de\/GHS-Buecherei\/index.php\/wp-json\/wp\/v2\/types\/page"}],"author":[{"embeddable":true,"href":"https:\/\/www.web-rr.de\/GHS-Buecherei\/index.php\/wp-json\/wp\/v2\/users\/1"}],"replies":[{"embeddable":true,"href":"https:\/\/www.web-rr.de\/GHS-Buecherei\/index.php\/wp-json\/wp\/v2\/comments?post=3022"}],"version-history":[{"count":0,"href":"https:\/\/www.web-rr.de\/GHS-Buecherei\/index.php\/wp-json\/wp\/v2\/pages\/3022\/revisions"}],"wp:attachment":[{"href":"https:\/\/www.web-rr.de\/GHS-Buecherei\/index.php\/wp-json\/wp\/v2\/media?parent=3022"}],"curies":[{"name":"wp","href":"https:\/\/api.w.org\/{rel}","templated":true}]}}