{"id":3016,"date":"2021-02-22T17:42:33","date_gmt":"2021-02-22T16:42:33","guid":{"rendered":"https:\/\/www.web-rr.de\/GHS-Buecherei\/?page_id=3016"},"modified":"2021-02-26T18:51:20","modified_gmt":"2021-02-26T17:51:20","slug":"p9783785571163","status":"publish","type":"page","link":"https:\/\/www.web-rr.de\/GHS-Buecherei\/index.php\/p9783785571163\/","title":{"rendered":"Abenteuer 45"},"content":{"rendered":"<table><tbody><tr><td class='rDTitel' colspan='2'>Das magische Baumhaus 42. Geister in der Nebelnacht<\/td><\/tr><tr><td><span class='rDLabel1'>Status: <\/span><span class='rDText1Rot'>ausgeliehen<\/span><\/td><td><span class='rDLabel1'>Antolin: <\/span><span class='rDText1Gruen'>ja, Empfehlung Klasse 3<\/span><\/td><\/tr><tr><td width=50%><img src='https:\/\/www.web-rr.de\/GHS-Buecherei\/wp-content\/uploads\/9783785571163.jpg' alt=''><\/td><td><p class='rDLabel2'>von <span class='rDText2'>Mary Pope Osborne<\/span><\/p><p class='rDLabel2'>Verlag: <span class='rDText2'>Loewe Verlag,  2011,  7.95 \u20ac<\/span><\/p><p class='rDLabel2'>B\u00fccherei-Barcode: <span class='rDText2'>9783785571163<\/span><\/p><p class='rDLabel2'>In der B\u00fccherei erfasst am: <span class='rDText2'>01.04.2013<\/span><\/p><p class='rDLabel2'>Stichw\u00f6rter: <span class='rDText2'>Gespenster, Geister, Baumhaus, Charles Dickens, London, England, Viktorianisch<\/span><\/p><p class='rDLabel2'>Lesealter ca. <span class='rDText2'>7<\/span><span class='rDLabel2'> Jahre<\/span><\/p><p class='rDLabel2'>Das Buch wurde <span class='rDText2'>14<\/span><span class='rDLabel2'> mal gelesen.<\/span><\/p><\/td><\/tr><tr><td colspan='2'><p class='rDLabel1'>Inhalt:<\/p><span class='rDText2'>Das Baumhaus bringt Anne und Philipp ins Viktorianische London. Dort sollen sie dem Schriftsteller Charles Dickens zur Seite stehen. Doch als die Geschwister ihn aufsp\u00fcren, sind sie ratlos: Charles ist reich und ber\u00fchmt. Warum sollte er ihre Hilfe ben\u00f6tigen? Erst nach einem gruseligen Erlebnis erkennen die beiden, welche b\u00f6sen Geister den Schriftsteller wirklich qu\u00e4len. Denn in Londons bunt belebten Stra\u00dfen ist nichts, wie es scheint.Komm mit auf die Reise im magischen Baumhaus! R\u00e4tselhafte Abenteuer in fremden Welten und l\u00e4ngst vergangenen Zeiten erwarten dich auch in den anderen B\u00e4nden.Die beliebte Kinderbuch-Reihe von Bestsellerautorin Mary Pope Osborne! Die Geschwister Anne und Philipp reisen mit dem magischen Baumhaus durch die Zeit. Sie erleben spannende Abenteuer, entdecken ferne L\u00e4nder und lernen viele ber\u00fchmte Pers\u00f6nlichkeiten kennen.<\/span><\/td><\/tr><tr><td colspan='2'><a href='#' onclick='history.back(); return false'>Zur\u00fcck<\/a><\/td><\/tr><\/tbody><\/table>\n","protected":false},"excerpt":{"rendered":"","protected":false},"author":1,"featured_media":0,"parent":0,"menu_order":0,"comment_status":"closed","ping_status":"closed","template":"","meta":[],"_links":{"self":[{"href":"https:\/\/www.web-rr.de\/GHS-Buecherei\/index.php\/wp-json\/wp\/v2\/pages\/3016"}],"collection":[{"href":"https:\/\/www.web-rr.de\/GHS-Buecherei\/index.php\/wp-json\/wp\/v2\/pages"}],"about":[{"href":"https:\/\/www.web-rr.de\/GHS-Buecherei\/index.php\/wp-json\/wp\/v2\/types\/page"}],"author":[{"embeddable":true,"href":"https:\/\/www.web-rr.de\/GHS-Buecherei\/index.php\/wp-json\/wp\/v2\/users\/1"}],"replies":[{"embeddable":true,"href":"https:\/\/www.web-rr.de\/GHS-Buecherei\/index.php\/wp-json\/wp\/v2\/comments?post=3016"}],"version-history":[{"count":0,"href":"https:\/\/www.web-rr.de\/GHS-Buecherei\/index.php\/wp-json\/wp\/v2\/pages\/3016\/revisions"}],"wp:attachment":[{"href":"https:\/\/www.web-rr.de\/GHS-Buecherei\/index.php\/wp-json\/wp\/v2\/media?parent=3016"}],"curies":[{"name":"wp","href":"https:\/\/api.w.org\/{rel}","templated":true}]}}