{"id":3012,"date":"2021-02-22T17:41:01","date_gmt":"2021-02-22T16:41:01","guid":{"rendered":"https:\/\/www.web-rr.de\/GHS-Buecherei\/?page_id=3012"},"modified":"2021-02-26T18:51:04","modified_gmt":"2021-02-26T17:51:04","slug":"p9783868060737","status":"publish","type":"page","link":"https:\/\/www.web-rr.de\/GHS-Buecherei\/index.php\/p9783868060737\/","title":{"rendered":"Abenteuer 43"},"content":{"rendered":"<table><tbody><tr><td class='rDTitel' colspan='2'>Das kleine Auto Theobold: Eine wundersch\u00f6ne illustrierte Autogeschichte f\u00fcr Kinder<\/td><\/tr><tr><td><span class='rDLabel1'>Status: <\/span><span class='rDText1Gruen'>vorhanden<\/span><\/td><td><span class='rDLabel1'>Antolin: <\/span><span class='rDText1Rot'>Quiz nicht vorhanden.<\/span><\/td><\/tr><tr><td width=50%><img src='https:\/\/www.web-rr.de\/GHS-Buecherei\/wp-content\/uploads\/9783868060737.jpg' alt=''><\/td><td><p class='rDLabel2'>von <span class='rDText2'>Anita Hintz<\/span><\/p><p class='rDLabel2'>Verlag: <span class='rDText2'>Zwiebelzwerg Verlag,  2009,  12.00 \u20ac<\/span><\/p><p class='rDLabel2'>B\u00fccherei-Barcode: <span class='rDText2'>9783868060737<\/span><\/p><p class='rDLabel2'>In der B\u00fccherei erfasst am: <span class='rDText2'>01.04.2013<\/span><\/p><p class='rDLabel2'>Stichw\u00f6rter: <span class='rDText2'>Auto<\/span><\/p><p class='rDLabel2'>Lesealter ca. <span class='rDText2'>-<\/span><span class='rDLabel2'> Jahre<\/span><\/p><p class='rDLabel2'>Das Buch wurde <span class='rDText2'>0<\/span><span class='rDLabel2'> mal gelesen.<\/span><\/p><\/td><\/tr><tr><td colspan='2'><p class='rDLabel1'>Inhalt:<\/p><span class='rDText2'>Diese Geschichte handelt von einem kleinen Auto. Denn auch \u00fcber Autos gibt es viele Geschichten zu erz\u00e4hlen. Und das Auto, von dem ich dir erz\u00e4hlen werde, hatte sogar einen Namen. Es hie\u00df Theobold und war ein lieber, kleiner Wagen. Theobold hatte nur einen Fehler. Er war so stark eingebildet, dass es schon nicht mehr zum aushalten war. Alle anderen Autos mussten Tag ein, Tag aus die gleichen Geschichten anh\u00f6ren. Doch dann kommt ein zweites Auto und fordert Theobold zu einem Wettrennen auf. Und daraus entwickelt sich das gro\u00dfe Abenteuer, mit dem Theo nie gerechnet h\u00e4tte: Eine Reise nach Gr\u00f6nland. Zu zweit erkunden die beiden Autos die Welt und erleben vieles, was du in diesem Buch nachlesen kannst. Viel Spa\u00df!<\/span><\/td><\/tr><tr><td colspan='2'><a href='#' onclick='history.back(); return false'>Zur\u00fcck<\/a><\/td><\/tr><\/tbody><\/table>\n","protected":false},"excerpt":{"rendered":"","protected":false},"author":1,"featured_media":0,"parent":0,"menu_order":0,"comment_status":"closed","ping_status":"closed","template":"","meta":[],"_links":{"self":[{"href":"https:\/\/www.web-rr.de\/GHS-Buecherei\/index.php\/wp-json\/wp\/v2\/pages\/3012"}],"collection":[{"href":"https:\/\/www.web-rr.de\/GHS-Buecherei\/index.php\/wp-json\/wp\/v2\/pages"}],"about":[{"href":"https:\/\/www.web-rr.de\/GHS-Buecherei\/index.php\/wp-json\/wp\/v2\/types\/page"}],"author":[{"embeddable":true,"href":"https:\/\/www.web-rr.de\/GHS-Buecherei\/index.php\/wp-json\/wp\/v2\/users\/1"}],"replies":[{"embeddable":true,"href":"https:\/\/www.web-rr.de\/GHS-Buecherei\/index.php\/wp-json\/wp\/v2\/comments?post=3012"}],"version-history":[{"count":0,"href":"https:\/\/www.web-rr.de\/GHS-Buecherei\/index.php\/wp-json\/wp\/v2\/pages\/3012\/revisions"}],"wp:attachment":[{"href":"https:\/\/www.web-rr.de\/GHS-Buecherei\/index.php\/wp-json\/wp\/v2\/media?parent=3012"}],"curies":[{"name":"wp","href":"https:\/\/api.w.org\/{rel}","templated":true}]}}