{"id":3001,"date":"2021-02-22T17:36:51","date_gmt":"2021-02-22T16:36:51","guid":{"rendered":"https:\/\/www.web-rr.de\/GHS-Buecherei\/?page_id=3001"},"modified":"2021-02-26T18:50:35","modified_gmt":"2021-02-26T17:50:35","slug":"p9783785589601","status":"publish","type":"page","link":"https:\/\/www.web-rr.de\/GHS-Buecherei\/index.php\/p9783785589601\/","title":{"rendered":"Abenteuer 35"},"content":{"rendered":"<table><tbody><tr><td class='rDTitel' colspan='2'>Beast Quest 54 - Torpix, Biss des Verderbens<\/td><\/tr><tr><td><span class='rDLabel1'>Status: <\/span><span class='rDText1Gruen'>vorhanden<\/span><\/td><td><span class='rDLabel1'>Antolin: <\/span><span class='rDText1Gruen'>ja, Empfehlung Klasse 4<\/span><\/td><\/tr><tr><td width=50%><img src='https:\/\/www.web-rr.de\/GHS-Buecherei\/wp-content\/uploads\/9783785589601.jpg' alt=''><\/td><td><p class='rDLabel2'>von <span class='rDText2'>Adam Blade<\/span><\/p><p class='rDLabel2'>Verlag: <span class='rDText2'>Loewe,  2019,  8.90 \u20ac<\/span><\/p><p class='rDLabel2'>B\u00fccherei-Barcode: <span class='rDText2'>9783785589601<\/span><\/p><p class='rDLabel2'>In der B\u00fccherei erfasst am: <span class='rDText2'>24.08.2020<\/span><\/p><p class='rDLabel2'>Stichw\u00f6rter: <span class='rDText2'>Magier, Hexen, K\u00f6nigreich, Untergang, Fantasy<\/span><\/p><p class='rDLabel2'>Lesealter ca. <span class='rDText2'>8<\/span><span class='rDLabel2'> Jahre<\/span><\/p><p class='rDLabel2'>Das Buch wurde <span class='rDText2'>4<\/span><span class='rDLabel2'> mal gelesen.<\/span><\/p><\/td><\/tr><tr><td colspan='2'><p class='rDLabel1'>Inhalt:<\/p><span class='rDText2'>Tom und Elenna feiern ihre R\u00fcckkehr nach Avantia. Doch der b\u00f6se Magier Malvel stiehlt den Stab des Hexenmeisters und reist mit der Hexe Petra nach Seraph, wo er gef\u00e4hrliche Biester erschafft. Tom und Elenna m\u00fcssen ihn aufhalten! Malvel steht kurz davor, der m\u00e4chtigste Herrscher aller K\u00f6nigreiche zu werden. Tom und Elenna setzen alles daran, den Magier zu besiegen, und Avantia vor dem Untergang zu retten. Doch in ihrem finalen Kampf treffen sie nicht nur auf Malvel, sondern auch auf Torpix, eine gigantische Giftschlange ... Actionreiche Fantasy , spannende Missionen und gef\u00e4hrliche Biester ! Die erfolgreiche Kinderbuchreihe mit zahlreichen Illustrationen ist besonders f\u00fcr Jungs ab 8 Jahren geeignet. Die komplette Beast Quest -Reihe ist bei Antolin gelistet.\n\r\n\r<\/span><\/td><\/tr><tr><td colspan='2'><a href='#' onclick='history.back(); return false'>Zur\u00fcck<\/a><\/td><\/tr><\/tbody><\/table>\n","protected":false},"excerpt":{"rendered":"","protected":false},"author":1,"featured_media":0,"parent":0,"menu_order":0,"comment_status":"closed","ping_status":"closed","template":"","meta":[],"_links":{"self":[{"href":"https:\/\/www.web-rr.de\/GHS-Buecherei\/index.php\/wp-json\/wp\/v2\/pages\/3001"}],"collection":[{"href":"https:\/\/www.web-rr.de\/GHS-Buecherei\/index.php\/wp-json\/wp\/v2\/pages"}],"about":[{"href":"https:\/\/www.web-rr.de\/GHS-Buecherei\/index.php\/wp-json\/wp\/v2\/types\/page"}],"author":[{"embeddable":true,"href":"https:\/\/www.web-rr.de\/GHS-Buecherei\/index.php\/wp-json\/wp\/v2\/users\/1"}],"replies":[{"embeddable":true,"href":"https:\/\/www.web-rr.de\/GHS-Buecherei\/index.php\/wp-json\/wp\/v2\/comments?post=3001"}],"version-history":[{"count":0,"href":"https:\/\/www.web-rr.de\/GHS-Buecherei\/index.php\/wp-json\/wp\/v2\/pages\/3001\/revisions"}],"wp:attachment":[{"href":"https:\/\/www.web-rr.de\/GHS-Buecherei\/index.php\/wp-json\/wp\/v2\/media?parent=3001"}],"curies":[{"name":"wp","href":"https:\/\/api.w.org\/{rel}","templated":true}]}}