{"id":2999,"date":"2021-02-22T17:33:33","date_gmt":"2021-02-22T16:33:33","guid":{"rendered":"https:\/\/www.web-rr.de\/GHS-Buecherei\/?page_id=2999"},"modified":"2021-02-26T18:50:30","modified_gmt":"2021-02-26T17:50:30","slug":"p9783962380946","status":"publish","type":"page","link":"https:\/\/www.web-rr.de\/GHS-Buecherei\/index.php\/p9783962380946\/","title":{"rendered":"Abenteuer 34"},"content":{"rendered":"<table><tbody><tr><td class='rDTitel' colspan='2'>Der Erdbeerbaum - Von vier Freunden und einer abenteuerlichen Reise<\/td><\/tr><tr><td><span class='rDLabel1'>Status: <\/span><span class='rDText1Gruen'>vorhanden<\/span><\/td><td><span class='rDLabel1'>Antolin: <\/span><span class='rDText1Rot'>Quiz nicht vorhanden.<\/span><\/td><\/tr><tr><td width=50%><img src='https:\/\/www.web-rr.de\/GHS-Buecherei\/wp-content\/uploads\/9783962380946.jpg' alt=''><\/td><td><p class='rDLabel2'>von <span class='rDText2'>Anne Erwand<\/span><\/p><p class='rDLabel2'>Verlag: <span class='rDText2'>Oekom,  2019,  16.00 \u20ac<\/span><\/p><p class='rDLabel2'>B\u00fccherei-Barcode: <span class='rDText2'>9783962380946<\/span><\/p><p class='rDLabel2'>In der B\u00fccherei erfasst am: <span class='rDText2'>24.08.2020<\/span><\/p><p class='rDLabel2'>Stichw\u00f6rter: <span class='rDText2'>Abenteuer, Reise, Fantasie, Natur, Nachhaltigkeit<\/span><\/p><p class='rDLabel2'>Lesealter ca. <span class='rDText2'>9<\/span><span class='rDLabel2'> Jahre<\/span><\/p><p class='rDLabel2'>Das Buch wurde <span class='rDText2'>0<\/span><span class='rDLabel2'> mal gelesen.<\/span><\/p><\/td><\/tr><tr><td colspan='2'><p class='rDLabel1'>Inhalt:<\/p><span class='rDText2'>Der Erdbeerbaum ist nicht nur der gr\u00f6\u00dfte und \u00e4lteste, sondern auch der sch\u00f6nste Baum auf der ganzen Welt. Jeden Tag treffen sich die vier Freunde Anna, Ole, Samuel und Merenda bei ihm. Eines Tages jedoch wird der Baum krank. Seine Bl\u00e4tter werden schwarz, und er beginnt zu sterben. Schnell sperren die Erwachsenen ihn mit einem Band ab. Der kranke Baum sei gef\u00e4hrlich, sagen sie. Weil die Freunde ihren Baum nun nicht mehr besuchen d\u00fcrfen, machen sie sich auf die Suche nach einem neuen Treffpunkt. Sie wissen nicht, dass das Schicksal des Erdbeerbaumes allein von ihnen abh\u00e4ngt. Ihre Wege f\u00fchren sie \u00fcber steile Felsen, durch geheimnisvolle H\u00f6hlen, \u00fcbers Eis und durch die W\u00fcste. Ob die Freunde ihren Erdbeerbaum am Ende retten k\u00f6nnen? Eine besondere Geschichte \u00fcber Nachhaltigkeit und dar\u00fcber, wie in der Natur alles mit allem zusammenh\u00e4ngt: f\u00fcr Kinder ab 8 Jahren.\n\r\n\r<\/span><\/td><\/tr><tr><td colspan='2'><a href='#' onclick='history.back(); return false'>Zur\u00fcck<\/a><\/td><\/tr><\/tbody><\/table>\n","protected":false},"excerpt":{"rendered":"","protected":false},"author":1,"featured_media":0,"parent":0,"menu_order":0,"comment_status":"closed","ping_status":"closed","template":"","meta":[],"_links":{"self":[{"href":"https:\/\/www.web-rr.de\/GHS-Buecherei\/index.php\/wp-json\/wp\/v2\/pages\/2999"}],"collection":[{"href":"https:\/\/www.web-rr.de\/GHS-Buecherei\/index.php\/wp-json\/wp\/v2\/pages"}],"about":[{"href":"https:\/\/www.web-rr.de\/GHS-Buecherei\/index.php\/wp-json\/wp\/v2\/types\/page"}],"author":[{"embeddable":true,"href":"https:\/\/www.web-rr.de\/GHS-Buecherei\/index.php\/wp-json\/wp\/v2\/users\/1"}],"replies":[{"embeddable":true,"href":"https:\/\/www.web-rr.de\/GHS-Buecherei\/index.php\/wp-json\/wp\/v2\/comments?post=2999"}],"version-history":[{"count":0,"href":"https:\/\/www.web-rr.de\/GHS-Buecherei\/index.php\/wp-json\/wp\/v2\/pages\/2999\/revisions"}],"wp:attachment":[{"href":"https:\/\/www.web-rr.de\/GHS-Buecherei\/index.php\/wp-json\/wp\/v2\/media?parent=2999"}],"curies":[{"name":"wp","href":"https:\/\/api.w.org\/{rel}","templated":true}]}}