{"id":2997,"date":"2021-02-22T17:32:39","date_gmt":"2021-02-22T16:32:39","guid":{"rendered":"https:\/\/www.web-rr.de\/GHS-Buecherei\/?page_id=2997"},"modified":"2021-02-26T18:50:25","modified_gmt":"2021-02-26T17:50:25","slug":"p9783785567562","status":"publish","type":"page","link":"https:\/\/www.web-rr.de\/GHS-Buecherei\/index.php\/p9783785567562\/","title":{"rendered":"Abenteuer 33"},"content":{"rendered":"<table><tbody><tr><td class='rDTitel' colspan='2'>Das magische Baumhaus. Mit Anne und Philipp auf Tiefsee-Expedition: Das Ungeheuer vom Meeresgrund<\/td><\/tr><tr><td><span class='rDLabel1'>Status: <\/span><span class='rDText1Gruen'>vorhanden<\/span><\/td><td><span class='rDLabel1'>Antolin: <\/span><span class='rDText1Gruen'>ja, Empfehlung Klasse 3<\/span><\/td><\/tr><tr><td width=50%><img src='https:\/\/www.web-rr.de\/GHS-Buecherei\/wp-content\/uploads\/9783785567562.jpg' alt=''><\/td><td><p class='rDLabel2'>von <span class='rDText2'>Mary Pope Osborne<\/span><\/p><p class='rDLabel2'>Verlag: <span class='rDText2'>Loewe Verlag,  2009,  9.95 \u20ac<\/span><\/p><p class='rDLabel2'>B\u00fccherei-Barcode: <span class='rDText2'>9783785567562<\/span><\/p><p class='rDLabel2'>In der B\u00fccherei erfasst am: <span class='rDText2'>01.04.2013<\/span><\/p><p class='rDLabel2'>Stichw\u00f6rter: <span class='rDText2'>Meer, Tiefsee, Fische, Baumhaus<\/span><\/p><p class='rDLabel2'>Lesealter ca. <span class='rDText2'>7<\/span><span class='rDLabel2'> Jahre<\/span><\/p><p class='rDLabel2'>Das Buch wurde <span class='rDText2'>8<\/span><span class='rDLabel2'> mal gelesen.<\/span><\/p><\/td><\/tr><tr><td colspan='2'><p class='rDLabel1'>Inhalt:<\/p><span class='rDText2'>Komm mit auf die Reise im magischen Baumhaus! In den geheimnisvollen Tiefen der Meere warten viele spannende Abenteuer auf Anne und Philipp. Doch w\u00e4hrend einer Tiefsee-Expedition geschieht pl\u00f6tzlich ein Ungl\u00fcck: Anne und Philipp finden sich in den Fangarmen eines riesigen Tiefsee-Ungeheuers wieder! Was sollen sie jetzt tun? Schaffen es die Geschwister, sich rechtzeitig zu befreien? Wie gut, dass Anne und Philipp ihr Forscherhandbuch immer dabei haben \u2013 so k\u00f6nnen sie auf ihrer aufregenden Reise alles Wissenswerte \u00fcber die Tiefsee und die dort lebenden Tiere nachlesen. Dieser Doppelband enth\u00e4lt die Einzelb\u00e4nde \"Das Ungeheuer vom Meeresgrund\" und \"Forscherhandbuch Tiefsee\".<\/span><\/td><\/tr><tr><td colspan='2'><a href='#' onclick='history.back(); return false'>Zur\u00fcck<\/a><\/td><\/tr><\/tbody><\/table>\n","protected":false},"excerpt":{"rendered":"","protected":false},"author":1,"featured_media":0,"parent":0,"menu_order":0,"comment_status":"closed","ping_status":"closed","template":"","meta":[],"_links":{"self":[{"href":"https:\/\/www.web-rr.de\/GHS-Buecherei\/index.php\/wp-json\/wp\/v2\/pages\/2997"}],"collection":[{"href":"https:\/\/www.web-rr.de\/GHS-Buecherei\/index.php\/wp-json\/wp\/v2\/pages"}],"about":[{"href":"https:\/\/www.web-rr.de\/GHS-Buecherei\/index.php\/wp-json\/wp\/v2\/types\/page"}],"author":[{"embeddable":true,"href":"https:\/\/www.web-rr.de\/GHS-Buecherei\/index.php\/wp-json\/wp\/v2\/users\/1"}],"replies":[{"embeddable":true,"href":"https:\/\/www.web-rr.de\/GHS-Buecherei\/index.php\/wp-json\/wp\/v2\/comments?post=2997"}],"version-history":[{"count":0,"href":"https:\/\/www.web-rr.de\/GHS-Buecherei\/index.php\/wp-json\/wp\/v2\/pages\/2997\/revisions"}],"wp:attachment":[{"href":"https:\/\/www.web-rr.de\/GHS-Buecherei\/index.php\/wp-json\/wp\/v2\/media?parent=2997"}],"curies":[{"name":"wp","href":"https:\/\/api.w.org\/{rel}","templated":true}]}}