{"id":2995,"date":"2021-02-22T17:31:54","date_gmt":"2021-02-22T16:31:54","guid":{"rendered":"https:\/\/www.web-rr.de\/GHS-Buecherei\/?page_id=2995"},"modified":"2021-02-26T18:50:21","modified_gmt":"2021-02-26T17:50:21","slug":"p9783785541876","status":"publish","type":"page","link":"https:\/\/www.web-rr.de\/GHS-Buecherei\/index.php\/p9783785541876\/","title":{"rendered":"Abenteuer 32"},"content":{"rendered":"<table><tbody><tr><td class='rDTitel' colspan='2'>Im Tal der L\u00f6wen. Von Osborne, Mary Pope<\/td><\/tr><tr><td><span class='rDLabel1'>Status: <\/span><span class='rDText1Gruen'>vorhanden<\/span><\/td><td><span class='rDLabel1'>Antolin: <\/span><span class='rDText1Gruen'>ja, Empfehlung Klasse 3<\/span><\/td><\/tr><tr><td width=50%><img src='https:\/\/www.web-rr.de\/GHS-Buecherei\/wp-content\/uploads\/9783785541876.jpg' alt=''><\/td><td><p class='rDLabel2'>von <span class='rDText2'>Mary Pope Osborne<\/span><\/p><p class='rDLabel2'>Verlag: <span class='rDText2'>Loewe Verlag,  2002,  7.95 \u20ac<\/span><\/p><p class='rDLabel2'>B\u00fccherei-Barcode: <span class='rDText2'>9783785541876<\/span><\/p><p class='rDLabel2'>In der B\u00fccherei erfasst am: <span class='rDText2'>01.04.2013<\/span><\/p><p class='rDLabel2'>Stichw\u00f6rter: <span class='rDText2'>Afrika, Baumhaus, L\u00f6wen<\/span><\/p><p class='rDLabel2'>Lesealter ca. <span class='rDText2'>7<\/span><span class='rDLabel2'> Jahre<\/span><\/p><p class='rDLabel2'>Das Buch wurde <span class='rDText2'>27<\/span><span class='rDLabel2'> mal gelesen.<\/span><\/p><\/td><\/tr><tr><td colspan='2'><p class='rDLabel1'>Inhalt:<\/p><span class='rDText2'>Philipp und Anne trauen ihren Augen nicht, als eine Giraffe ihren Kopf ins magische Baumhaus steckt. Sie sind im tiefsten Afrika gelandet! In der staubigen Savanne lernen sie das Leben der Zebras, Gnus, Hy\u00e4nen und Elefanten kennen. Sie begegnen einem Massai-Krieger und erleben ein Abenteuer nach dem anderen. Und schlie\u00dflich treffen sie auf eine ganze L\u00f6wenfamilie ...Das magische Baumhaus schleudert Philipp und Anne in l\u00e4ngst vergangene Zeiten und an weit entfernte Orte. Jedes Mal, wenn die Geschwister auf den geheimnisvollen Hochsitz klettern und eines der alten B\u00fccher aufschlagen, beginnt eine neue Reise. Unterhaltsam und verst\u00e4ndlich vermittelt die Reihe in spannenden Geschichten Wissenswertes, das Kinder ab f\u00fcnf Jahren interessiert.Das gleichnamige Buch ist im Loewe Verlag erschienen.<\/span><\/td><\/tr><tr><td colspan='2'><a href='#' onclick='history.back(); return false'>Zur\u00fcck<\/a><\/td><\/tr><\/tbody><\/table>\n","protected":false},"excerpt":{"rendered":"","protected":false},"author":1,"featured_media":0,"parent":0,"menu_order":0,"comment_status":"closed","ping_status":"closed","template":"","meta":[],"_links":{"self":[{"href":"https:\/\/www.web-rr.de\/GHS-Buecherei\/index.php\/wp-json\/wp\/v2\/pages\/2995"}],"collection":[{"href":"https:\/\/www.web-rr.de\/GHS-Buecherei\/index.php\/wp-json\/wp\/v2\/pages"}],"about":[{"href":"https:\/\/www.web-rr.de\/GHS-Buecherei\/index.php\/wp-json\/wp\/v2\/types\/page"}],"author":[{"embeddable":true,"href":"https:\/\/www.web-rr.de\/GHS-Buecherei\/index.php\/wp-json\/wp\/v2\/users\/1"}],"replies":[{"embeddable":true,"href":"https:\/\/www.web-rr.de\/GHS-Buecherei\/index.php\/wp-json\/wp\/v2\/comments?post=2995"}],"version-history":[{"count":0,"href":"https:\/\/www.web-rr.de\/GHS-Buecherei\/index.php\/wp-json\/wp\/v2\/pages\/2995\/revisions"}],"wp:attachment":[{"href":"https:\/\/www.web-rr.de\/GHS-Buecherei\/index.php\/wp-json\/wp\/v2\/media?parent=2995"}],"curies":[{"name":"wp","href":"https:\/\/api.w.org\/{rel}","templated":true}]}}